{"id":59983,"date":"2024-08-07T16:28:08","date_gmt":"2024-08-07T14:28:08","guid":{"rendered":"https:\/\/baturina-homewear.com\/product\/herren-smoking-cap-gruen-gebluemt\/"},"modified":"2026-03-14T14:34:49","modified_gmt":"2026-03-14T13:34:49","slug":"herren-smoking-cap-gruen-gebluemt","status":"publish","type":"product","link":"https:\/\/baturina-homewear.com\/de\/produkt\/herren-smoking-cap-gruen-gebluemt\/","title":{"rendered":"Herren Smoking Cap Gr\u00fcn Gebl\u00fcmt"},"content":{"rendered":"<p>Ein zeitloser Freizeitlook f\u00fcr den Gentleman und Stilliebhaber von heute. Inspiriert von der Vergangenheit, gemacht f\u00fcr die Gegenwart.  Unsere Raucherm\u00fctzen sind von den kultigen Kopfbedeckungen aus dem 19. Jahrhundert inspiriert, die in Raucherlokalen und zu Hause getragen wurden. Sie sind ein tolles Accessoire zum Entspannen, Sammlerst\u00fcck oder Geschenk.<\/p>\n<ul>\n<li>voll gef\u00fcttert<\/li>\n<li>mit Quasten<\/li>\n<li>H\u00f6he der Kappe: 10 cm<\/li>\n<\/ul>\n<p>Material und Pflege: \u00c4u\u00dferes: 60% Baumwolle, 20% Polyester, 20% Viskose. Innen: 100% Baumwolle. Professionelle Reinigung.<\/p>\n","protected":false},"excerpt":{"rendered":"<p>Ein zeitloser Freizeitlook f\u00fcr den Gentleman und Stilliebhaber von heute. Inspiriert von der Vergangenheit, gemacht f\u00fcr die Gegenwart. Unsere Raucherm\u00fctzen<\/p>\n","protected":false},"featured_media":59977,"comment_status":"open","ping_status":"closed","template":"","meta":[],"product_brand":[],"product_cat":[899,555,490],"product_tag":[],"class_list":{"0":"post-59983","1":"product","2":"type-product","3":"status-publish","4":"has-post-thumbnail","6":"product_cat-limited-edition-de","7":"product_cat-accessoires","8":"product_cat-smoking-caps-de","9":"product_shipping_class-small-de","10":"pa_color-green-de","11":"pa_fabric-content-cotton-de","12":"pa_fabric-weave-type-jacquard-de","13":"pa_pattern-blumen","14":"pa_product-type-limited-edition-de","16":"first","17":"instock","18":"taxable","19":"shipping-taxable","20":"purchasable","21":"product-type-variable"},"_links":{"self":[{"href":"https:\/\/baturina-homewear.com\/de\/wp-json\/wp\/v2\/product\/59983","targetHints":{"allow":["GET"]}}],"collection":[{"href":"https:\/\/baturina-homewear.com\/de\/wp-json\/wp\/v2\/product"}],"about":[{"href":"https:\/\/baturina-homewear.com\/de\/wp-json\/wp\/v2\/types\/product"}],"replies":[{"embeddable":true,"href":"https:\/\/baturina-homewear.com\/de\/wp-json\/wp\/v2\/comments?post=59983"}],"version-history":[{"count":4,"href":"https:\/\/baturina-homewear.com\/de\/wp-json\/wp\/v2\/product\/59983\/revisions"}],"predecessor-version":[{"id":73105,"href":"https:\/\/baturina-homewear.com\/de\/wp-json\/wp\/v2\/product\/59983\/revisions\/73105"}],"wp:featuredmedia":[{"embeddable":true,"href":"https:\/\/baturina-homewear.com\/de\/wp-json\/wp\/v2\/media\/59977"}],"wp:attachment":[{"href":"https:\/\/baturina-homewear.com\/de\/wp-json\/wp\/v2\/media?parent=59983"}],"wp:term":[{"taxonomy":"product_brand","embeddable":true,"href":"https:\/\/baturina-homewear.com\/de\/wp-json\/wp\/v2\/product_brand?post=59983"},{"taxonomy":"product_cat","embeddable":true,"href":"https:\/\/baturina-homewear.com\/de\/wp-json\/wp\/v2\/product_cat?post=59983"},{"taxonomy":"product_tag","embeddable":true,"href":"https:\/\/baturina-homewear.com\/de\/wp-json\/wp\/v2\/product_tag?post=59983"}],"curies":[{"name":"wp","href":"https:\/\/api.w.org\/{rel}","templated":true}]}}