{"id":60106,"date":"2024-08-08T20:30:42","date_gmt":"2024-08-08T18:30:42","guid":{"rendered":"https:\/\/baturina-homewear.com\/product\/herren-hausmantel-silver-baroque-floral-navy-gesteppter-samt\/"},"modified":"2026-02-27T17:09:02","modified_gmt":"2026-02-27T16:09:02","slug":"herren-hausmantel-silver-baroque-floral-navy-gesteppter-samt","status":"publish","type":"product","link":"https:\/\/baturina-homewear.com\/de\/produkt\/herren-hausmantel-silver-baroque-floral-navy-gesteppter-samt\/","title":{"rendered":"Herren Hausmantel Silver Baroque Floral Navy Gesteppter Samt"},"content":{"rendered":"<p>Dieser Morgenmantel im Vintage-Stil verk\u00f6rpert Luxus und zeitlose Eleganz und besticht durch sein exquisites barockes Blumenmuster. Das auff\u00e4llige Farbschema umfasst Blaut\u00f6ne gepaart mit Silbergrau. Der Morgenmantel ist mit einem sorgf\u00e4ltig von Hand gesteppten Samtbesatz versehen, der mit einem gestreiften Kordelpaspel abgeschlossen ist, und ist vollst\u00e4ndig mit Baumwollsatin gef\u00fcttert.  Der lange G\u00fcrtel sorgt f\u00fcr einen perfekten Sitz. Dieser mittelschwere Morgenmantel ist ideal f\u00fcr das ganze Jahr und bietet ein perfektes Gleichgewicht zwischen Leichtigkeit und Schwere, unvergleichlichen Komfort und Stil. Tragen Sie dazu einen seidigen Pyjama und kuschelige Hausschuhe, um den Look zu vervollst\u00e4ndigen.<\/p>\n<ul>\n<li>Schalkragen<\/li>\n<li>Brusttasche<\/li>\n<li>zwei tiefe Seitentaschen<\/li>\n<li>verstellbare Umschlagmanschetten<\/li>\n<li>bequeme, lockere Passform<\/li>\n<li>diskrete Aufh\u00e4ngeschlaufe auf der R\u00fcckseite<\/li>\n<li>langer G\u00fcrtel<\/li>\n<\/ul>\n<p>Material und Pflege: 60% Baumwolle, 40% Polyester. Separat in der Maschine bei 30\u00b0C waschen, nicht im Trockner trocknen, bei niedriger Hitze b\u00fcgeln. <\/p>\n","protected":false},"excerpt":{"rendered":"<p>Dieser Morgenmantel im Vintage-Stil verk\u00f6rpert Luxus und zeitlose Eleganz und besticht durch sein exquisites barockes Blumenmuster.<\/p>\n","protected":false},"featured_media":60102,"comment_status":"open","ping_status":"closed","template":"","meta":[],"product_brand":[],"product_cat":[899,463],"product_tag":[464,768],"class_list":{"0":"post-60106","1":"product","2":"type-product","3":"status-publish","4":"has-post-thumbnail","6":"product_cat-limited-edition-de","7":"product_cat-herren-hausmantel","8":"product_tag-custom-size-de","9":"product_tag-monogram-de","10":"product_shipping_class-auf-bestellung","11":"pa_color-blau","12":"pa_fabric-content-cotton-de","13":"pa_fabric-weave-type-jacquard-de","14":"pa_pattern-blumen","15":"pa_product-type-limited-edition-de","16":"pa_size-2xl-de","17":"pa_size-3xl-de","18":"pa_size-4xl-de","19":"pa_size-5xl-de","20":"pa_size-l-de","21":"pa_size-m-de","22":"pa_size-massanfertigung","23":"pa_size-s-de","24":"pa_size-xl-de","25":"pa_size-xs-de","27":"first","28":"instock","29":"taxable","30":"shipping-taxable","31":"purchasable","32":"product-type-simple"},"_links":{"self":[{"href":"https:\/\/baturina-homewear.com\/de\/wp-json\/wp\/v2\/product\/60106","targetHints":{"allow":["GET"]}}],"collection":[{"href":"https:\/\/baturina-homewear.com\/de\/wp-json\/wp\/v2\/product"}],"about":[{"href":"https:\/\/baturina-homewear.com\/de\/wp-json\/wp\/v2\/types\/product"}],"replies":[{"embeddable":true,"href":"https:\/\/baturina-homewear.com\/de\/wp-json\/wp\/v2\/comments?post=60106"}],"version-history":[{"count":6,"href":"https:\/\/baturina-homewear.com\/de\/wp-json\/wp\/v2\/product\/60106\/revisions"}],"predecessor-version":[{"id":78240,"href":"https:\/\/baturina-homewear.com\/de\/wp-json\/wp\/v2\/product\/60106\/revisions\/78240"}],"wp:featuredmedia":[{"embeddable":true,"href":"https:\/\/baturina-homewear.com\/de\/wp-json\/wp\/v2\/media\/60102"}],"wp:attachment":[{"href":"https:\/\/baturina-homewear.com\/de\/wp-json\/wp\/v2\/media?parent=60106"}],"wp:term":[{"taxonomy":"product_brand","embeddable":true,"href":"https:\/\/baturina-homewear.com\/de\/wp-json\/wp\/v2\/product_brand?post=60106"},{"taxonomy":"product_cat","embeddable":true,"href":"https:\/\/baturina-homewear.com\/de\/wp-json\/wp\/v2\/product_cat?post=60106"},{"taxonomy":"product_tag","embeddable":true,"href":"https:\/\/baturina-homewear.com\/de\/wp-json\/wp\/v2\/product_tag?post=60106"}],"curies":[{"name":"wp","href":"https:\/\/api.w.org\/{rel}","templated":true}]}}