{"id":60144,"date":"2024-08-09T17:08:55","date_gmt":"2024-08-09T15:08:55","guid":{"rendered":"https:\/\/baturina-homewear.com\/product\/kuscheldecke-schwarzer-panther\/"},"modified":"2025-07-23T15:19:04","modified_gmt":"2025-07-23T13:19:04","slug":"kuscheldecke-schwarzer-panther","status":"publish","type":"product","link":"https:\/\/baturina-homewear.com\/de\/produkt\/kuscheldecke-schwarzer-panther\/","title":{"rendered":"Kuscheldecke &#8222;Schwarzer Panther&#8220;"},"content":{"rendered":"<p>Die perfekte L\u00f6sung f\u00fcr k\u00fchle Tage! Diese elegante Sofadecke aus reiner, schwerer Baumwolle bietet eine luxuri\u00f6se Mischung aus Haltbarkeit, Weichheit und W\u00e4rme. Akzentuiert mit exquisitem schwarzem Panther-Kunstpelz, verwandelt diese Decke jeden Wohnraum in ein optisches Meisterwerk. Das doppelseitige Design mit warmem Pl\u00fcschpelz auf der einen und geschmeidigem, k\u00fchlendem Satin auf der anderen Seite verspricht Komfort und Stil.   <\/p>\n<p>Abmessungen: 160 x 220 cm (63 x 86 5\/8 in)<br \/>\nGewicht: 2 kg (ca. 3 lbs)<br \/>\nMaterial und Pflege: 100% Baumwolle. Maschinenw\u00e4sche bei 30\u00b0 C, nicht im Trockner trocknen. <\/p>\n","protected":false},"excerpt":{"rendered":"<div id=\"short-desc\" class=\"elementor-element elementor-element-27760ab wd-single-short-desc text-left elementor-widget elementor-widget-wd_single_product_short_description\" data-id=\"27760ab\" data-element_type=\"widget\" data-widget_type=\"wd_single_product_short_description.default\">\n<div class=\"elementor-widget-container\">\n<div class=\"woocommerce-product-details__short-description\">\n<p>Erleben Sie die perfekte Mischung aus Luxus und Zweckm\u00e4\u00dfigkeit mit den luxuri\u00f6sen Heimtextilien von Baturina, darunter diese weiche und schwere Sofadecke aus schwarzem Panther-Kunstfell und glattem Baumwollsatin.<\/p>\n<\/div>\n<\/div>\n<\/div>\n","protected":false},"featured_media":60124,"comment_status":"open","ping_status":"closed","template":"","meta":[],"product_brand":[],"product_cat":[654],"product_tag":[],"class_list":{"0":"post-60144","1":"product","2":"type-product","3":"status-publish","4":"has-post-thumbnail","6":"product_cat-geschenke","7":"product_shipping_class-regular-de","9":"first","10":"instock","11":"taxable","12":"shipping-taxable","13":"purchasable","14":"product-type-simple"},"_links":{"self":[{"href":"https:\/\/baturina-homewear.com\/de\/wp-json\/wp\/v2\/product\/60144","targetHints":{"allow":["GET"]}}],"collection":[{"href":"https:\/\/baturina-homewear.com\/de\/wp-json\/wp\/v2\/product"}],"about":[{"href":"https:\/\/baturina-homewear.com\/de\/wp-json\/wp\/v2\/types\/product"}],"replies":[{"embeddable":true,"href":"https:\/\/baturina-homewear.com\/de\/wp-json\/wp\/v2\/comments?post=60144"}],"version-history":[{"count":3,"href":"https:\/\/baturina-homewear.com\/de\/wp-json\/wp\/v2\/product\/60144\/revisions"}],"predecessor-version":[{"id":73468,"href":"https:\/\/baturina-homewear.com\/de\/wp-json\/wp\/v2\/product\/60144\/revisions\/73468"}],"wp:featuredmedia":[{"embeddable":true,"href":"https:\/\/baturina-homewear.com\/de\/wp-json\/wp\/v2\/media\/60124"}],"wp:attachment":[{"href":"https:\/\/baturina-homewear.com\/de\/wp-json\/wp\/v2\/media?parent=60144"}],"wp:term":[{"taxonomy":"product_brand","embeddable":true,"href":"https:\/\/baturina-homewear.com\/de\/wp-json\/wp\/v2\/product_brand?post=60144"},{"taxonomy":"product_cat","embeddable":true,"href":"https:\/\/baturina-homewear.com\/de\/wp-json\/wp\/v2\/product_cat?post=60144"},{"taxonomy":"product_tag","embeddable":true,"href":"https:\/\/baturina-homewear.com\/de\/wp-json\/wp\/v2\/product_tag?post=60144"}],"curies":[{"name":"wp","href":"https:\/\/api.w.org\/{rel}","templated":true}]}}