{"id":60385,"date":"2024-08-21T15:46:22","date_gmt":"2024-08-21T13:46:22","guid":{"rendered":"https:\/\/baturina-homewear.com\/product\/herren-hausmantel-rot-floral-barock-olivgruen\/"},"modified":"2025-09-25T17:28:34","modified_gmt":"2025-09-25T15:28:34","slug":"herren-hausmantel-rot-floral-barock-olivgruen","status":"publish","type":"product","link":"https:\/\/baturina-homewear.com\/de\/produkt\/herren-hausmantel-rot-floral-barock-olivgruen\/","title":{"rendered":"Herren Hausmantel Rot Floral Barock Olivgr\u00fcn"},"content":{"rendered":"<p>Dieser Morgenmantel im Vintage-Stil verk\u00f6rpert Luxus und zeitlose Eleganz und besticht durch sein exquisites barockes Blumenmuster. Das auff\u00e4llige Farbschema umfasst satte Rot-, Taupe- und Olivgr\u00fcnt\u00f6ne. Der Morgenmantel wird durch einen sorgf\u00e4ltig von Hand gesteppten Samtbesatz mit Paspelierung veredelt und ist vollst\u00e4ndig mit Baumwollsatin gef\u00fcttert, der f\u00fcr ein wenig W\u00e4rme sorgt. Der lange G\u00fcrtel mit Quasten sorgt f\u00fcr eine perfekte Passform.   Dieser mittelschwere Morgenmantel ist ideal f\u00fcr das ganze Jahr und bietet ein perfektes Gleichgewicht zwischen Leichtigkeit und Schwere, unvergleichlichen Komfort und Stil. Tragen Sie dazu einen seidigen Pyjama und kuschelige Hausschuhe, um den Look zu vervollst\u00e4ndigen.<\/p>\n<ul>\n<li>Schalkragen<\/li>\n<li>Brusttasche<\/li>\n<li>zwei tiefe Seitentaschen<\/li>\n<li>verstellbare Umschlagmanschetten<\/li>\n<li>bequeme, lockere Passform<\/li>\n<li>diskrete Aufh\u00e4ngeschlaufe auf der R\u00fcckseite<\/li>\n<li>langer G\u00fcrtel<\/li>\n<\/ul>\n<p>Material und Pflege: 60% Baumwolle, 40% Polyester. Separat in der Maschine bei 30\u00b0C waschen, nicht im Trockner trocknen, bei niedriger Hitze b\u00fcgeln. <\/p>\n","protected":false},"excerpt":{"rendered":"<p>Dieser Morgenmantel im Vintage-Stil mit exquisitem Blumenmuster verk\u00f6rpert Luxus und zeitlose Eleganz.<\/p>\n","protected":false},"featured_media":60371,"comment_status":"open","ping_status":"closed","template":"","meta":[],"product_brand":[],"product_cat":[899,463,491],"product_tag":[464,768],"class_list":{"0":"post-60385","1":"product","2":"type-product","3":"status-publish","4":"has-post-thumbnail","6":"product_cat-limited-edition-de","7":"product_cat-herren-hausmantel","8":"product_cat-morgenmaentel","9":"product_tag-custom-size-de","10":"product_tag-monogram-de","11":"product_shipping_class-auf-bestellung","12":"pa_color-rot","13":"pa_fabric-content-cotton-de","14":"pa_fabric-weight-regular-de","15":"pa_pattern-blumen","16":"pa_product-type-limited-edition-de","18":"first","19":"instock","20":"taxable","21":"shipping-taxable","22":"purchasable","23":"product-type-simple"},"_links":{"self":[{"href":"https:\/\/baturina-homewear.com\/de\/wp-json\/wp\/v2\/product\/60385","targetHints":{"allow":["GET"]}}],"collection":[{"href":"https:\/\/baturina-homewear.com\/de\/wp-json\/wp\/v2\/product"}],"about":[{"href":"https:\/\/baturina-homewear.com\/de\/wp-json\/wp\/v2\/types\/product"}],"replies":[{"embeddable":true,"href":"https:\/\/baturina-homewear.com\/de\/wp-json\/wp\/v2\/comments?post=60385"}],"version-history":[{"count":6,"href":"https:\/\/baturina-homewear.com\/de\/wp-json\/wp\/v2\/product\/60385\/revisions"}],"predecessor-version":[{"id":76668,"href":"https:\/\/baturina-homewear.com\/de\/wp-json\/wp\/v2\/product\/60385\/revisions\/76668"}],"wp:featuredmedia":[{"embeddable":true,"href":"https:\/\/baturina-homewear.com\/de\/wp-json\/wp\/v2\/media\/60371"}],"wp:attachment":[{"href":"https:\/\/baturina-homewear.com\/de\/wp-json\/wp\/v2\/media?parent=60385"}],"wp:term":[{"taxonomy":"product_brand","embeddable":true,"href":"https:\/\/baturina-homewear.com\/de\/wp-json\/wp\/v2\/product_brand?post=60385"},{"taxonomy":"product_cat","embeddable":true,"href":"https:\/\/baturina-homewear.com\/de\/wp-json\/wp\/v2\/product_cat?post=60385"},{"taxonomy":"product_tag","embeddable":true,"href":"https:\/\/baturina-homewear.com\/de\/wp-json\/wp\/v2\/product_tag?post=60385"}],"curies":[{"name":"wp","href":"https:\/\/api.w.org\/{rel}","templated":true}]}}