{"id":60547,"date":"2024-08-23T14:37:46","date_gmt":"2024-08-23T12:37:46","guid":{"rendered":"https:\/\/baturina-homewear.com\/product\/herren-pyjama-set-gestreift-flanell-baumwolle-braun-weiss\/"},"modified":"2024-11-25T11:22:29","modified_gmt":"2024-11-25T10:22:29","slug":"herren-pyjama-set-gestreift-flanell-baumwolle-braun-weiss","status":"publish","type":"product","link":"https:\/\/baturina-homewear.com\/de\/produkt\/herren-pyjama-set-gestreift-flanell-baumwolle-braun-weiss\/","title":{"rendered":"Herren Pyjama Set Gestreift Flanell Baumwolle Braun Wei\u00df"},"content":{"rendered":"<p>Erleben Sie den Inbegriff von Komfort und Eleganz mit unserem luxuri\u00f6sen Pyjama aus reinem Baumwollflanell.<br \/>\nDieser Pyjama ist mit einem Streifenmuster in Wei\u00df und Braun versehen, das dem Design einen Hauch von zeitloser Raffinesse verleiht.<br \/>\nEr ist aus feinstem, reinem und warmem Baumwollflanell gefertigt und bietet unvergleichliche Weichheit und Atmungsaktivit\u00e4t f\u00fcr eine erholsame Nachtruhe.<br \/>\nKomplett eingefasst mit Weinroten Paspeln und dunkelroten Kn\u00f6pfen.    Dieser Pyjama ist ideal zum Entspannen zu Hause, f\u00fcr einen gem\u00fctlichen Morgen oder einen entspannten Abend. Er bietet au\u00dfergew\u00f6hnlichen Komfort und m\u00fchelosen Stil. Ob Sie es sich abends gem\u00fctlich machen oder den Tag mit einem entspannten Fr\u00fchst\u00fcck beginnen, unsere Pyjamas sind die perfekte Wahl, um Ihren Komfort und Stil zu Hause zu verbessern.<\/p>\n<ul>\n<li>bequeme, lockere Passform<\/li>\n<li>Hemd mit gekerbtem Kragen, Knopfleiste, drei Taschen<\/li>\n<li>Hose mit elastischem Bund, Kordelzug, verdeckter Knopfleiste, zwei Seitentaschen<\/li>\n<li>Acrylkn\u00f6pfe<\/li>\n<\/ul>\n<p>Material und Pflege: 100% Baumwolle. Separate Maschinenw\u00e4sche bei 30\u00b0C, nicht im Trockner trocknen, B\u00fcgeln bei niedriger Hitze.<\/p>\n","protected":false},"excerpt":{"rendered":"<p>Aus feinster reiner Baumwolle gefertigt, bieten sie unvergleichliche Weichheit, W\u00e4rme und Atmungsaktivit\u00e4t und sorgen so f\u00fcr einen erholsamen Nachtschlaf.<\/p>\n","protected":false},"featured_media":60514,"comment_status":"open","ping_status":"closed","template":"","meta":[],"product_brand":[],"product_cat":[565,493],"product_tag":[482,768],"class_list":{"0":"post-60547","1":"product","2":"type-product","3":"status-publish","4":"has-post-thumbnail","6":"product_cat-pyjamas","7":"product_cat-herren-pyjamas","8":"product_tag-custom-size-pajamas-de","9":"product_tag-monogram-de","10":"pa_color-braun","11":"pa_color-swatch-beige-de","12":"pa_fabric-content-cotton-de","13":"pa_fabric-weave-type-satin-de","14":"pa_pattern-gestreift","15":"pa_size-2xl-de","16":"pa_size-3xl-de","17":"pa_size-4xl-de","18":"pa_size-5xl-de","19":"pa_size-l-de","20":"pa_size-m-de","21":"pa_size-massanfertigung","22":"pa_size-s-de","23":"pa_size-xl-de","24":"pa_size-xs-de","26":"first","27":"outofstock","28":"taxable","29":"shipping-taxable","30":"purchasable","31":"product-type-simple"},"_links":{"self":[{"href":"https:\/\/baturina-homewear.com\/de\/wp-json\/wp\/v2\/product\/60547","targetHints":{"allow":["GET"]}}],"collection":[{"href":"https:\/\/baturina-homewear.com\/de\/wp-json\/wp\/v2\/product"}],"about":[{"href":"https:\/\/baturina-homewear.com\/de\/wp-json\/wp\/v2\/types\/product"}],"replies":[{"embeddable":true,"href":"https:\/\/baturina-homewear.com\/de\/wp-json\/wp\/v2\/comments?post=60547"}],"version-history":[{"count":1,"href":"https:\/\/baturina-homewear.com\/de\/wp-json\/wp\/v2\/product\/60547\/revisions"}],"predecessor-version":[{"id":63200,"href":"https:\/\/baturina-homewear.com\/de\/wp-json\/wp\/v2\/product\/60547\/revisions\/63200"}],"wp:featuredmedia":[{"embeddable":true,"href":"https:\/\/baturina-homewear.com\/de\/wp-json\/wp\/v2\/media\/60514"}],"wp:attachment":[{"href":"https:\/\/baturina-homewear.com\/de\/wp-json\/wp\/v2\/media?parent=60547"}],"wp:term":[{"taxonomy":"product_brand","embeddable":true,"href":"https:\/\/baturina-homewear.com\/de\/wp-json\/wp\/v2\/product_brand?post=60547"},{"taxonomy":"product_cat","embeddable":true,"href":"https:\/\/baturina-homewear.com\/de\/wp-json\/wp\/v2\/product_cat?post=60547"},{"taxonomy":"product_tag","embeddable":true,"href":"https:\/\/baturina-homewear.com\/de\/wp-json\/wp\/v2\/product_tag?post=60547"}],"curies":[{"name":"wp","href":"https:\/\/api.w.org\/{rel}","templated":true}]}}