{"id":60549,"date":"2024-08-23T14:31:14","date_gmt":"2024-08-23T12:31:14","guid":{"rendered":"https:\/\/baturina-homewear.com\/product\/herren-pyjama-set-beige-baumwolle-mit-roten-paspeln\/"},"modified":"2026-03-24T14:02:00","modified_gmt":"2026-03-24T13:02:00","slug":"herren-pyjama-set-beige-baumwolle-mit-roten-paspeln","status":"publish","type":"product","link":"https:\/\/baturina-homewear.com\/de\/produkt\/herren-pyjama-set-beige-baumwolle-mit-roten-paspeln\/","title":{"rendered":"Herren Pyjama Set Beige Baumwolle mit roten Paspeln"},"content":{"rendered":"<p>Erleben Sie den Inbegriff von Komfort und Eleganz mit unserem luxuri\u00f6sen Pyjama aus reiner beiger Baumwolle. Dieser Pyjama ist mit roten Paspeln versehen, die dem Design einen Hauch von zeitloser Raffinesse verleihen.  Aus feinster reiner Baumwolle gefertigt, bieten sie unvergleichliche Weichheit und Atmungsaktivit\u00e4t und sorgen f\u00fcr einen erholsamen Schlaf. Dieser Pyjama ist ideal zum Entspannen zu Hause, f\u00fcr einen gem\u00fctlichen Morgen oder einen entspannten Abend und bietet au\u00dfergew\u00f6hnlichen Komfort und m\u00fchelosen Stil. Ob Sie es sich abends gem\u00fctlich machen oder den Tag mit einem entspannten Fr\u00fchst\u00fcck beginnen, unsere Pyjamas sind die perfekte Wahl, um Ihren Komfort und Stil zu Hause zu verbessern. <\/p>\n<ul>\n<li>bequeme, lockere Passform<\/li>\n<li>Hemd mit gekerbtem Kragen, Knopfleiste, drei Taschen<\/li>\n<li>Hose mit elastischem Bund, Kordelzug, verdeckter Knopfleiste, zwei Seitentaschen<\/li>\n<li>dunkelrote Acrylkn\u00f6pfe<\/li>\n<\/ul>\n<p>Material und Pflege: 100% Baumwolle. Separat in der Maschine bei 30\u00b0C waschen, nicht im Trockner trocknen, bei niedriger Hitze b\u00fcgeln. <\/p>\n","protected":false},"excerpt":{"rendered":"<p>Aus feinster reiner Baumwolle gefertigt, bieten sie unvergleichliche Weichheit und Atmungsaktivit\u00e4t und sorgen f\u00fcr einen erholsamen Schlaf.<\/p>\n","protected":false},"featured_media":60490,"comment_status":"open","ping_status":"closed","template":"","meta":[],"product_brand":[],"product_cat":[565,493,1211],"product_tag":[482,768],"class_list":{"0":"post-60549","1":"product","2":"type-product","3":"status-publish","4":"has-post-thumbnail","6":"product_cat-pyjamas","7":"product_cat-herren-pyjamas","8":"product_cat-winter-lounge","9":"product_tag-custom-size-pajamas-de","10":"product_tag-monogram-de","11":"product_shipping_class-auf-bestellung","12":"pa_color-braun","13":"pa_color-swatch-beige-de","14":"pa_fabric-content-cotton-de","15":"pa_fabric-weave-type-satin-de","16":"pa_size-2xl-de","17":"pa_size-3xl-de","18":"pa_size-4xl-de","19":"pa_size-5xl-de","20":"pa_size-l-de","21":"pa_size-m-de","22":"pa_size-massanfertigung","23":"pa_size-s-de","24":"pa_size-xl-de","25":"pa_size-xs-de","27":"first","28":"instock","29":"taxable","30":"shipping-taxable","31":"purchasable","32":"product-type-simple"},"_links":{"self":[{"href":"https:\/\/baturina-homewear.com\/de\/wp-json\/wp\/v2\/product\/60549","targetHints":{"allow":["GET"]}}],"collection":[{"href":"https:\/\/baturina-homewear.com\/de\/wp-json\/wp\/v2\/product"}],"about":[{"href":"https:\/\/baturina-homewear.com\/de\/wp-json\/wp\/v2\/types\/product"}],"replies":[{"embeddable":true,"href":"https:\/\/baturina-homewear.com\/de\/wp-json\/wp\/v2\/comments?post=60549"}],"version-history":[{"count":7,"href":"https:\/\/baturina-homewear.com\/de\/wp-json\/wp\/v2\/product\/60549\/revisions"}],"predecessor-version":[{"id":77250,"href":"https:\/\/baturina-homewear.com\/de\/wp-json\/wp\/v2\/product\/60549\/revisions\/77250"}],"wp:featuredmedia":[{"embeddable":true,"href":"https:\/\/baturina-homewear.com\/de\/wp-json\/wp\/v2\/media\/60490"}],"wp:attachment":[{"href":"https:\/\/baturina-homewear.com\/de\/wp-json\/wp\/v2\/media?parent=60549"}],"wp:term":[{"taxonomy":"product_brand","embeddable":true,"href":"https:\/\/baturina-homewear.com\/de\/wp-json\/wp\/v2\/product_brand?post=60549"},{"taxonomy":"product_cat","embeddable":true,"href":"https:\/\/baturina-homewear.com\/de\/wp-json\/wp\/v2\/product_cat?post=60549"},{"taxonomy":"product_tag","embeddable":true,"href":"https:\/\/baturina-homewear.com\/de\/wp-json\/wp\/v2\/product_tag?post=60549"}],"curies":[{"name":"wp","href":"https:\/\/api.w.org\/{rel}","templated":true}]}}