{"id":61430,"date":"2025-01-23T13:33:03","date_gmt":"2025-01-23T12:33:03","guid":{"rendered":"https:\/\/baturina-homewear.com\/product\/damen-hausmantel-leopard-baumwolle-samt-schwarz\/"},"modified":"2025-12-03T15:36:29","modified_gmt":"2025-12-03T14:36:29","slug":"damen-hausmantel-leopard-baumwolle-samt-schwarz","status":"publish","type":"product","link":"https:\/\/baturina-homewear.com\/de\/produkt\/damen-hausmantel-leopard-baumwolle-samt-schwarz\/","title":{"rendered":"Morgenmantel Leopardendruck Reine Baumwolle Schwarzer Samt"},"content":{"rendered":"<p>Es gibt mehrere Gr\u00fcnde, warum Sie einen Hausmantel in Betracht ziehen sollten: Komfort, Bequemlichkeit, Privatsph\u00e4re und Stil. Dieser luxuri\u00f6se Hausmantel mit Leopardenmuster ist aus reiner Baumwolle gefertigt. Kragen, Manschetten und Taschendetails sind aus pl\u00fcschigem Samt gefertigt. Innen ist er sehr weich, denn er ist vollst\u00e4ndig mit geschmeidigem Baumwollsatin gef\u00fcttert. Er wird einfach mit dem langen G\u00fcrtel geschlossen. Ein zeitlos eleganter Hausmantel, der viele Jahre lang halten wird.     <\/p>\n<ul>\n<li>zwei tiefe Seitentaschen<\/li>\n<li>Brusttasche<\/li>\n<li>verstellbarer langer G\u00fcrtel<\/li>\n<li>lange \u00c4rmel<\/li>\n<li>diskrete Aufh\u00e4ngeschlaufe auf der R\u00fcckseite<\/li>\n<li>verstellbare Umschlagmanschetten<\/li>\n<li>bequeme, lockere Passform<\/li>\n<li>G\u00fcrtel mit Quasten<\/li>\n<li>Abgebildete L\u00e4nge: 145 cm (57 in)<\/li>\n<\/ul>\n<p>Material und Pflege: 100% Baumwolle. Separat waschen, 30\u00b0 C, nicht im Trockner trocknen, bei niedriger Hitze b\u00fcgeln. <\/p>\n<p>Das Model ist 172 cm gro\u00df und tr\u00e4gt Gr\u00f6\u00dfe S bei einer L\u00e4nge von 145 cm.<\/p>\n","protected":false},"excerpt":{"rendered":"<p>Dieser Morgenmantel mit verspieltem Leopardenmuster sorgt f\u00fcr Komfort. Er hat Kontrastdetails aus Baumwollsamt und ein warmes Futter aus Baumwolle.<\/p>\n","protected":false},"featured_media":67452,"comment_status":"open","ping_status":"closed","template":"","meta":[],"product_brand":[],"product_cat":[728,759],"product_tag":[731,768],"class_list":{"0":"post-61430","1":"product","2":"type-product","3":"status-publish","4":"has-post-thumbnail","6":"product_cat-damen-morgenmantel","7":"product_cat-damen-hausmantel","8":"product_tag-custom-size-damen","9":"product_tag-monogram-de","10":"product_shipping_class-auf-bestellung","11":"pa_color-black-de","12":"pa_color-swatch-schwarz","13":"pa_fabric-content-cotton-de","14":"pa_fabric-weave-type-einfach","15":"pa_fabric-weave-type-samt","16":"pa_fabric-weight-leicht-warm","17":"pa_pattern-animal-de","18":"pa_pattern-verspielt","19":"pa_size-2xl-de","20":"pa_size-l-de","21":"pa_size-m-de","22":"pa_size-massanfertigung","23":"pa_size-s-de","24":"pa_size-xl-de","25":"pa_size-xs-de","27":"first","28":"outofstock","29":"taxable","30":"shipping-taxable","31":"purchasable","32":"product-type-simple"},"_links":{"self":[{"href":"https:\/\/baturina-homewear.com\/de\/wp-json\/wp\/v2\/product\/61430","targetHints":{"allow":["GET"]}}],"collection":[{"href":"https:\/\/baturina-homewear.com\/de\/wp-json\/wp\/v2\/product"}],"about":[{"href":"https:\/\/baturina-homewear.com\/de\/wp-json\/wp\/v2\/types\/product"}],"replies":[{"embeddable":true,"href":"https:\/\/baturina-homewear.com\/de\/wp-json\/wp\/v2\/comments?post=61430"}],"version-history":[{"count":9,"href":"https:\/\/baturina-homewear.com\/de\/wp-json\/wp\/v2\/product\/61430\/revisions"}],"predecessor-version":[{"id":78277,"href":"https:\/\/baturina-homewear.com\/de\/wp-json\/wp\/v2\/product\/61430\/revisions\/78277"}],"wp:featuredmedia":[{"embeddable":true,"href":"https:\/\/baturina-homewear.com\/de\/wp-json\/wp\/v2\/media\/67452"}],"wp:attachment":[{"href":"https:\/\/baturina-homewear.com\/de\/wp-json\/wp\/v2\/media?parent=61430"}],"wp:term":[{"taxonomy":"product_brand","embeddable":true,"href":"https:\/\/baturina-homewear.com\/de\/wp-json\/wp\/v2\/product_brand?post=61430"},{"taxonomy":"product_cat","embeddable":true,"href":"https:\/\/baturina-homewear.com\/de\/wp-json\/wp\/v2\/product_cat?post=61430"},{"taxonomy":"product_tag","embeddable":true,"href":"https:\/\/baturina-homewear.com\/de\/wp-json\/wp\/v2\/product_tag?post=61430"}],"curies":[{"name":"wp","href":"https:\/\/api.w.org\/{rel}","templated":true}]}}