{"id":61521,"date":"2024-10-14T15:26:47","date_gmt":"2024-10-14T13:26:47","guid":{"rendered":"https:\/\/baturina-homewear.com\/product\/dunkelblauer-morgenmantel-fuer-herren-aus-samt-mit-weissem-paspel-und-gepunktetem-futter\/"},"modified":"2025-09-25T16:55:00","modified_gmt":"2025-09-25T14:55:00","slug":"dunkelblauer-morgenmantel-fuer-herren-aus-samt-mit-weissem-paspel-und-gepunktetem-futter","status":"publish","type":"product","link":"https:\/\/baturina-homewear.com\/de\/produkt\/dunkelblauer-morgenmantel-fuer-herren-aus-samt-mit-weissem-paspel-und-gepunktetem-futter\/","title":{"rendered":"Dunkelblauer Morgenmantel f\u00fcr Herren aus Samt mit wei\u00dfen Paspeln und gepunktetem Futter"},"content":{"rendered":"<p>Wir stellen unseren leichten Hausmantel aus Dunkelblauem Samt vor, der die zeitlose Eleganz von Sherlock Holmes, wie er von Benedict Cumberbatch in der BBC-Serie dargestellt wird, einfangen soll. Dieser Morgenmantel ist aus weichem, dunkelblauem Samt gefertigt, der sich ebenso luxuri\u00f6s anf\u00fchlt, wie er aussieht, und dennoch praktisch f\u00fcr den t\u00e4glichen Gebrauch ist. Er ist vollst\u00e4ndig maschinenwaschbar, was ihn sowohl stilvoll als auch pflegeleicht macht.  <\/p>\n<p>Dieser Morgenmantel ist mit wei\u00dfen, kontrastierenden Paspeln akzentuiert und bietet eine raffinierte, klassische \u00c4sthetik. Die Innenseite ist mit einem weichen, dunkelblauen, gef\u00fctterten Viskose-Jacquard-Futter ausgestattet, das f\u00fcr zus\u00e4tzliche Raffinesse und Komfort sorgt. Ganz gleich, ob Sie zu Hause entspannen oder den Detektiv in sich entdecken, dieser Morgenmantel verleiht Ihrer Garderobe einen Hauch von Geheimnis und Eleganz.  <\/p>\n<ul>\n<li>Schalkragen<\/li>\n<li>Brusttasche<\/li>\n<li>zwei tiefe Seitentaschen<\/li>\n<li>verstellbare Umschlagmanschetten<\/li>\n<li>bequeme, lockere Passform<\/li>\n<li>diskrete Aufh\u00e4ngeschlaufe auf der R\u00fcckseite<\/li>\n<li>langer G\u00fcrtel<\/li>\n<li>Materialien und Pflege: Au\u00dfenseite: 100% Polyester. Innen: 100% Viskose.  Maschinenw\u00e4sche bei 30\u00b0C, nicht im Trockner trocknen, bei niedriger Hitze b\u00fcgeln.\n<div class=\"elementor-element elementor-element-7a8cbed wd-single-tabs wd-width-100 elementor-widget elementor-widget-wd_single_product_tabs\" data-id=\"7a8cbed\" data-element_type=\"widget\" data-widget_type=\"wd_single_product_tabs.default\">\n<div class=\"elementor-widget-container\">\n<div class=\"wd-accordion wd-style-simple wd-inited\" data-state=\"all_closed\">\n<div class=\"wd-accordion-item\"><\/div>\n<\/div>\n<\/div>\n<\/div>\n<div class=\"elementor-element elementor-element-9458d04 e-con-full e-flex e-con e-child\" data-id=\"9458d04\" data-element_type=\"container\">\n<div class=\"elementor-element elementor-element-5b5228f elementor-widget elementor-widget-wd_popup\" data-id=\"5b5228f\" data-element_type=\"widget\" data-widget_type=\"wd_popup.default\"><\/div>\n<\/div>\n<\/li>\n<\/ul>\n","protected":false},"excerpt":{"rendered":"<p>Wir stellen unseren leichten Hausmantel aus Dunkelblauem Samt vor, der die zeitlose Eleganz von Sherlock Holmes, wie er von Benedict<\/p>\n","protected":false},"featured_media":61495,"comment_status":"open","ping_status":"closed","template":"","meta":[],"product_brand":[],"product_cat":[491,463],"product_tag":[464,768],"class_list":{"0":"post-61521","1":"product","2":"type-product","3":"status-publish","4":"has-post-thumbnail","6":"product_cat-morgenmaentel","7":"product_cat-herren-hausmantel","8":"product_tag-custom-size-de","9":"product_tag-monogram-de","10":"product_shipping_class-auf-bestellung","11":"pa_color-blau","12":"pa_fabric-content-polyester-viscose-mix-de","13":"pa_fabric-weave-type-jacquard-de","14":"pa_fabric-weave-type-samt","15":"pa_fabric-weight-leicht-warm","16":"pa_product-type-limited-edition-de","17":"pa_size-2xl-de","18":"pa_size-3xl-de","19":"pa_size-4xl-de","20":"pa_size-5xl-de","21":"pa_size-l-de","22":"pa_size-m-de","23":"pa_size-massanfertigung","24":"pa_size-s-de","25":"pa_size-xl-de","26":"pa_size-xs-de","28":"first","29":"instock","30":"taxable","31":"shipping-taxable","32":"purchasable","33":"product-type-simple"},"_links":{"self":[{"href":"https:\/\/baturina-homewear.com\/de\/wp-json\/wp\/v2\/product\/61521","targetHints":{"allow":["GET"]}}],"collection":[{"href":"https:\/\/baturina-homewear.com\/de\/wp-json\/wp\/v2\/product"}],"about":[{"href":"https:\/\/baturina-homewear.com\/de\/wp-json\/wp\/v2\/types\/product"}],"replies":[{"embeddable":true,"href":"https:\/\/baturina-homewear.com\/de\/wp-json\/wp\/v2\/comments?post=61521"}],"version-history":[{"count":4,"href":"https:\/\/baturina-homewear.com\/de\/wp-json\/wp\/v2\/product\/61521\/revisions"}],"predecessor-version":[{"id":73574,"href":"https:\/\/baturina-homewear.com\/de\/wp-json\/wp\/v2\/product\/61521\/revisions\/73574"}],"wp:featuredmedia":[{"embeddable":true,"href":"https:\/\/baturina-homewear.com\/de\/wp-json\/wp\/v2\/media\/61495"}],"wp:attachment":[{"href":"https:\/\/baturina-homewear.com\/de\/wp-json\/wp\/v2\/media?parent=61521"}],"wp:term":[{"taxonomy":"product_brand","embeddable":true,"href":"https:\/\/baturina-homewear.com\/de\/wp-json\/wp\/v2\/product_brand?post=61521"},{"taxonomy":"product_cat","embeddable":true,"href":"https:\/\/baturina-homewear.com\/de\/wp-json\/wp\/v2\/product_cat?post=61521"},{"taxonomy":"product_tag","embeddable":true,"href":"https:\/\/baturina-homewear.com\/de\/wp-json\/wp\/v2\/product_tag?post=61521"}],"curies":[{"name":"wp","href":"https:\/\/api.w.org\/{rel}","templated":true}]}}