{"id":61797,"date":"2024-10-17T17:29:31","date_gmt":"2024-10-17T15:29:31","guid":{"rendered":"https:\/\/baturina-homewear.com\/product\/damen-hausmantel-rosa-barock-baumwolle-gold-satin\/"},"modified":"2025-08-12T19:38:56","modified_gmt":"2025-08-12T17:38:56","slug":"damen-hausmantel-rosa-barock-baumwolle-gold-satin","status":"publish","type":"product","link":"https:\/\/baturina-homewear.com\/de\/produkt\/damen-hausmantel-rosa-barock-baumwolle-gold-satin\/","title":{"rendered":"Damen Hausmantel Rosa Barock Baumwolle Gold Satin"},"content":{"rendered":"<p>Dieser luxuri\u00f6se pastellfarbene Morgenmantel ist aus einem wundersch\u00f6nen Baumwolljacquard gefertigt. Das Design mit eingewebten Ranken im Vintage-Stil ist in einem zarten, dunklen Rosaton gehalten. Kragen, Manschetten und Taschendetails sind aus seidenartigem, glattem, goldenem Satin gefertigt und mit dezenten goldenen Paspeln verziert.  Es ist innen sehr weich, da es vollst\u00e4ndig mit seidenartigem Satin gef\u00fcttert ist. Einfach mit dem langen G\u00fcrtel befestigen. Ein zeitlos eleganter Hausmantel, der viele Jahre lang halten wird.<\/p>\n<ul>\n<li>Gewicht des Hauptstoffs 135 g\/m2 (ein Morgenmantel der Gr\u00f6\u00dfe M wiegt 1,5 kg oder 3,3 lb)<\/li>\n<li>Schalkragen<\/li>\n<li>Brusttasche<\/li>\n<li>zwei tiefe Seitentaschen<\/li>\n<li>verstellbare Umschlagmanschetten<\/li>\n<li>bequeme, lockere Passform<\/li>\n<li>diskrete Aufh\u00e4ngeschlaufe auf der R\u00fcckseite<\/li>\n<li>langer G\u00fcrtel<\/li>\n<\/ul>\n<p>Material und Pflege: 60% Baumwolle, 40% Polyester. Maschinenw\u00e4sche bei 30\u00b0C, nicht im Trockner trocknen, bei niedriger Hitze b\u00fcgeln.<\/p>\n","protected":false},"excerpt":{"rendered":"<p>Dieser luxuri\u00f6se pastellfarbene Morgenmantel ist aus einem wundersch\u00f6nen Baumwolljacquard gefertigt. Das Design mit eingewebten Ranken im Vintage-Stil ist in einem<\/p>\n","protected":false},"featured_media":61757,"comment_status":"open","ping_status":"closed","template":"","meta":[],"product_brand":[],"product_cat":[728,759,899],"product_tag":[731,768],"class_list":{"0":"post-61797","1":"product","2":"type-product","3":"status-publish","4":"has-post-thumbnail","6":"product_cat-damen-morgenmantel","7":"product_cat-damen-hausmantel","8":"product_cat-limited-edition-de","9":"product_tag-custom-size-damen","10":"product_tag-monogram-de","11":"product_shipping_class-auf-bestellung","12":"pa_color-pink-de","13":"pa_color-swatch-rosa","14":"pa_fabric-content-cotton-de","15":"pa_fabric-weave-type-jacquard-de","16":"pa_product-type-limited-edition-de","17":"pa_size-2xl-de","18":"pa_size-3xl-de","19":"pa_size-4xl-de","20":"pa_size-5xl-de","21":"pa_size-l-de","22":"pa_size-m-de","23":"pa_size-massanfertigung","24":"pa_size-s-de","25":"pa_size-xl-de","26":"pa_size-xs-de","28":"first","29":"instock","30":"taxable","31":"shipping-taxable","32":"purchasable","33":"product-type-simple"},"_links":{"self":[{"href":"https:\/\/baturina-homewear.com\/de\/wp-json\/wp\/v2\/product\/61797","targetHints":{"allow":["GET"]}}],"collection":[{"href":"https:\/\/baturina-homewear.com\/de\/wp-json\/wp\/v2\/product"}],"about":[{"href":"https:\/\/baturina-homewear.com\/de\/wp-json\/wp\/v2\/types\/product"}],"replies":[{"embeddable":true,"href":"https:\/\/baturina-homewear.com\/de\/wp-json\/wp\/v2\/comments?post=61797"}],"version-history":[{"count":7,"href":"https:\/\/baturina-homewear.com\/de\/wp-json\/wp\/v2\/product\/61797\/revisions"}],"predecessor-version":[{"id":74565,"href":"https:\/\/baturina-homewear.com\/de\/wp-json\/wp\/v2\/product\/61797\/revisions\/74565"}],"wp:featuredmedia":[{"embeddable":true,"href":"https:\/\/baturina-homewear.com\/de\/wp-json\/wp\/v2\/media\/61757"}],"wp:attachment":[{"href":"https:\/\/baturina-homewear.com\/de\/wp-json\/wp\/v2\/media?parent=61797"}],"wp:term":[{"taxonomy":"product_brand","embeddable":true,"href":"https:\/\/baturina-homewear.com\/de\/wp-json\/wp\/v2\/product_brand?post=61797"},{"taxonomy":"product_cat","embeddable":true,"href":"https:\/\/baturina-homewear.com\/de\/wp-json\/wp\/v2\/product_cat?post=61797"},{"taxonomy":"product_tag","embeddable":true,"href":"https:\/\/baturina-homewear.com\/de\/wp-json\/wp\/v2\/product_tag?post=61797"}],"curies":[{"name":"wp","href":"https:\/\/api.w.org\/{rel}","templated":true}]}}