{"id":61801,"date":"2024-10-17T18:18:44","date_gmt":"2024-10-17T16:18:44","guid":{"rendered":"https:\/\/baturina-homewear.com\/product\/herren-hausmantel-antique-gold-navy-velvet-jacquard\/"},"modified":"2025-07-23T15:19:35","modified_gmt":"2025-07-23T13:19:35","slug":"herren-hausmantel-antique-gold-navy-velvet-jacquard","status":"publish","type":"product","link":"https:\/\/baturina-homewear.com\/de\/produkt\/herren-hausmantel-antique-gold-navy-velvet-jacquard\/","title":{"rendered":"Herren Hausmantel Antique Gold Dunkelblau Samt Jacquard"},"content":{"rendered":"<p>Das florale Muster und die gewebte Textur dieses Morgenmantels im Vintage-Stil sind der Inbegriff von Luxus und zeitloser Eleganz. Das Design mit seinem auff\u00e4lligen Farbschema aus Altgold und Dunkelblau wird durch einen weichen Baumwollsamt mit goldenen Paspeln erg\u00e4nzt und ist vollst\u00e4ndig mit schwarzer Baumwolle gef\u00fcttert. Der lange G\u00fcrtel sorgt f\u00fcr eine perfekte Passform. Dieser Morgenmantel ist das ganze Jahr \u00fcber tragbar und bietet ein ausgewogenes Verh\u00e4ltnis zwischen Leichtigkeit und Schwere, Komfort und Stil. Das gef\u00fctterte Baumwollfutter und der weiche Saum sorgen f\u00fcr zus\u00e4tzliche W\u00e4rme, w\u00e4hrend das exquisite Jacquard-Webmuster Raffinesse ausstrahlt.    <\/p>\n<ul>\n<li>Schalkragen<\/li>\n<li>Brusttasche<\/li>\n<li>zwei tiefe Seitentaschen<\/li>\n<li>verstellbare Umschlagmanschetten<\/li>\n<li>bequeme, lockere Passform<\/li>\n<li>diskrete Aufh\u00e4ngeschlaufe auf der R\u00fcckseite<\/li>\n<li>langer G\u00fcrtel<\/li>\n<\/ul>\n<p>Material und Pflege: 60% Baumwolle, 40% Polyester. Separate Maschinenw\u00e4sche bei 30\u00b0C, nicht im Trockner trocknen, B\u00fcgeln bei niedriger Hitze. <\/p>\n","protected":false},"excerpt":{"rendered":"<p>Das florale Muster und die gewebte Textur dieses Morgenmantels im Vintage-Stil sind der Inbegriff von Luxus und zeitloser Eleganz. Das<\/p>\n","protected":false},"featured_media":61773,"comment_status":"open","ping_status":"closed","template":"","meta":[],"product_brand":[],"product_cat":[899,463,491],"product_tag":[464,768],"class_list":{"0":"post-61801","1":"product","2":"type-product","3":"status-publish","4":"has-post-thumbnail","6":"product_cat-limited-edition-de","7":"product_cat-herren-hausmantel","8":"product_cat-morgenmaentel","9":"product_tag-custom-size-de","10":"product_tag-monogram-de","11":"pa_color-gold-de","12":"pa_color-swatch-marineblau","13":"pa_fabric-content-cotton-de","14":"pa_fabric-weight-regular-de","15":"pa_pattern-blumen","16":"pa_product-type-limited-edition-de","17":"pa_size-2xl-de","18":"pa_size-3xl-de","19":"pa_size-4xl-de","20":"pa_size-5xl-de","21":"pa_size-l-de","22":"pa_size-m-de","23":"pa_size-massanfertigung","24":"pa_size-s-de","25":"pa_size-xl-de","26":"pa_size-xs-de","28":"first","29":"outofstock","30":"taxable","31":"shipping-taxable","32":"purchasable","33":"product-type-simple"},"_links":{"self":[{"href":"https:\/\/baturina-homewear.com\/de\/wp-json\/wp\/v2\/product\/61801","targetHints":{"allow":["GET"]}}],"collection":[{"href":"https:\/\/baturina-homewear.com\/de\/wp-json\/wp\/v2\/product"}],"about":[{"href":"https:\/\/baturina-homewear.com\/de\/wp-json\/wp\/v2\/types\/product"}],"replies":[{"embeddable":true,"href":"https:\/\/baturina-homewear.com\/de\/wp-json\/wp\/v2\/comments?post=61801"}],"version-history":[{"count":3,"href":"https:\/\/baturina-homewear.com\/de\/wp-json\/wp\/v2\/product\/61801\/revisions"}],"predecessor-version":[{"id":73516,"href":"https:\/\/baturina-homewear.com\/de\/wp-json\/wp\/v2\/product\/61801\/revisions\/73516"}],"wp:featuredmedia":[{"embeddable":true,"href":"https:\/\/baturina-homewear.com\/de\/wp-json\/wp\/v2\/media\/61773"}],"wp:attachment":[{"href":"https:\/\/baturina-homewear.com\/de\/wp-json\/wp\/v2\/media?parent=61801"}],"wp:term":[{"taxonomy":"product_brand","embeddable":true,"href":"https:\/\/baturina-homewear.com\/de\/wp-json\/wp\/v2\/product_brand?post=61801"},{"taxonomy":"product_cat","embeddable":true,"href":"https:\/\/baturina-homewear.com\/de\/wp-json\/wp\/v2\/product_cat?post=61801"},{"taxonomy":"product_tag","embeddable":true,"href":"https:\/\/baturina-homewear.com\/de\/wp-json\/wp\/v2\/product_tag?post=61801"}],"curies":[{"name":"wp","href":"https:\/\/api.w.org\/{rel}","templated":true}]}}