{"id":61803,"date":"2024-10-17T18:30:41","date_gmt":"2024-10-17T16:30:41","guid":{"rendered":"https:\/\/baturina-homewear.com\/product\/herren-morgenmantel-dunkelblau-koenigsblau-fleece-extra-warm\/"},"modified":"2025-07-23T15:16:08","modified_gmt":"2025-07-23T13:16:08","slug":"herren-morgenmantel-dunkelblau-koenigsblau-fleece-extra-warm","status":"publish","type":"product","link":"https:\/\/baturina-homewear.com\/de\/produkt\/herren-morgenmantel-dunkelblau-koenigsblau-fleece-extra-warm\/","title":{"rendered":"Herren Morgenmantel aus weichem Pl\u00fcsch Dunkelblau K\u00f6nigsblau Fleece Extra Warm"},"content":{"rendered":"<p>Unsere Morgenm\u00e4ntel aus Pl\u00fcsch sind die perfekte 2-in-1-L\u00f6sung zum eleganten Entspannen zu Hause und zum Abtrocknen nach einer Dusche oder einem Spa-Besuch. Das weiche, saugf\u00e4hige Fleece wurde mit Blick auf Stil und Funktionalit\u00e4t entworfen und h\u00e4lt Sie warm und kuschelig, w\u00e4hrend es Feuchtigkeit schnell abtransportiert. Der leichte Stoff f\u00fchlt sich sanft und beruhigend an und sorgt daf\u00fcr, dass Sie im Handumdrehen wieder trocken und komfortabel sind. Dieser vielseitige Morgenmantel ist ideal f\u00fcr alle, die einen einzigen Morgenmantel f\u00fcr mehrere Zwecke ben\u00f6tigen. Er erm\u00f6glicht einen m\u00fchelosen \u00dcbergang vom Bad zur Entspannung und sieht dabei m\u00fchelos schick aus. G\u00f6nnen Sie sich einen Morgenmantel, der Luxus und Zweckm\u00e4\u00dfigkeit vereint. Er h\u00e4lt Sie warm und trocken, ohne Sie zu beschweren, und ist der perfekte Begleiter f\u00fcr k\u00fchle Morgenstunden, gem\u00fctliche Abende und Ihren Ausflug ins Spa.<\/p>\n<p>Unser bequemer Fleece-Hausmantel ist in der Maschine waschbar und pflegeleicht, so dass er seine pl\u00fcschige Textur und seine leuchtenden Farben auch nach vielen W\u00e4schen beh\u00e4lt. Erh\u00e4ltlich in einer breiten Palette von Farben, gibt es eine perfekte Option f\u00fcr jeden Geschmack und Stil.  Entdecken Sie unsere Monogramm-Stickerei, mit der Sie Ihren Morgenmantel aus Pl\u00fcsch personalisieren k\u00f6nnen.<\/p>\n<p>Die schwarz-gold gestreiften Kordelpaspeln an den R\u00e4ndern verleihen dem Morgenmantel einen \u00e4sthetischen Reiz und einen subtilen Hauch von Luxus. Egal, ob Sie zu Hause entspannen, sich im Spa erholen oder sich f\u00fcr den kommenden Tag vorbereiten, unser Hausmantel aus Fleece ist die perfekte Wahl f\u00fcr kuscheligen Komfort und m\u00fchelosen Stil. <\/p>\n<ul>\n<li>weich und pl\u00fcschig<\/li>\n<li>Schalkragen<\/li>\n<li>Brusttasche<\/li>\n<li>zwei tiefe Seitentaschen<\/li>\n<li>bequeme, lockere Passform<\/li>\n<li>diskrete Aufh\u00e4ngeschlaufe auf der R\u00fcckseite<\/li>\n<li>langer G\u00fcrtel<\/li>\n<li>Anti-Pilling-Vlies<\/li>\n<\/ul>\n<p>Material und Pflege: 100% Polyester. Maschinenw\u00e4sche bei 30\u00b0C, nicht im Trockner trocknen, bei niedriger Hitze b\u00fcgeln. <\/p>\n","protected":false},"excerpt":{"rendered":"<p>Unsere Morgenm\u00e4ntel aus Pl\u00fcsch sind die perfekte 2-in-1-L\u00f6sung zum eleganten Entspannen zu Hause und zum Abtrocknen nach einer Dusche oder<\/p>\n","protected":false},"featured_media":61700,"comment_status":"open","ping_status":"closed","template":"","meta":[],"product_brand":[],"product_cat":[491,662,463,994],"product_tag":[464,768],"class_list":{"0":"post-61803","1":"product","2":"type-product","3":"status-publish","4":"has-post-thumbnail","6":"product_cat-morgenmaentel","7":"product_cat-bademantel","8":"product_cat-herren-hausmantel","9":"product_cat-warme-mantel","10":"product_tag-custom-size-de","11":"product_tag-monogram-de","12":"product_shipping_class-auf-bestellung","13":"pa_color-blau","14":"pa_color-swatch-konigsblau","15":"pa_fabric-content-polyester-viscose-mix-de","16":"pa_fabric-weave-type-fleece-de","17":"pa_fabric-weight-leicht-warm","18":"pa_size-2xl-de","19":"pa_size-3xl-de","20":"pa_size-4xl-de","21":"pa_size-5xl-de","22":"pa_size-l-de","23":"pa_size-m-de","24":"pa_size-massanfertigung","25":"pa_size-s-de","26":"pa_size-xl-de","27":"pa_size-xs-de","29":"first","30":"outofstock","31":"taxable","32":"shipping-taxable","33":"purchasable","34":"product-type-simple"},"_links":{"self":[{"href":"https:\/\/baturina-homewear.com\/de\/wp-json\/wp\/v2\/product\/61803","targetHints":{"allow":["GET"]}}],"collection":[{"href":"https:\/\/baturina-homewear.com\/de\/wp-json\/wp\/v2\/product"}],"about":[{"href":"https:\/\/baturina-homewear.com\/de\/wp-json\/wp\/v2\/types\/product"}],"replies":[{"embeddable":true,"href":"https:\/\/baturina-homewear.com\/de\/wp-json\/wp\/v2\/comments?post=61803"}],"version-history":[{"count":4,"href":"https:\/\/baturina-homewear.com\/de\/wp-json\/wp\/v2\/product\/61803\/revisions"}],"predecessor-version":[{"id":73181,"href":"https:\/\/baturina-homewear.com\/de\/wp-json\/wp\/v2\/product\/61803\/revisions\/73181"}],"wp:featuredmedia":[{"embeddable":true,"href":"https:\/\/baturina-homewear.com\/de\/wp-json\/wp\/v2\/media\/61700"}],"wp:attachment":[{"href":"https:\/\/baturina-homewear.com\/de\/wp-json\/wp\/v2\/media?parent=61803"}],"wp:term":[{"taxonomy":"product_brand","embeddable":true,"href":"https:\/\/baturina-homewear.com\/de\/wp-json\/wp\/v2\/product_brand?post=61803"},{"taxonomy":"product_cat","embeddable":true,"href":"https:\/\/baturina-homewear.com\/de\/wp-json\/wp\/v2\/product_cat?post=61803"},{"taxonomy":"product_tag","embeddable":true,"href":"https:\/\/baturina-homewear.com\/de\/wp-json\/wp\/v2\/product_tag?post=61803"}],"curies":[{"name":"wp","href":"https:\/\/api.w.org\/{rel}","templated":true}]}}