{"id":62025,"date":"2024-10-25T16:19:22","date_gmt":"2024-10-25T14:19:22","guid":{"rendered":"https:\/\/baturina-homewear.com\/product\/herren-hausmantel-gamer-print-cotton-soft-cozy-warm-fleece\/"},"modified":"2025-12-15T11:30:24","modified_gmt":"2025-12-15T10:30:24","slug":"herren-hausmantel-gamer-print-cotton-soft-cozy-warm-fleece","status":"publish","type":"product","link":"https:\/\/baturina-homewear.com\/de\/produkt\/herren-hausmantel-gamer-print-cotton-soft-cozy-warm-fleece\/","title":{"rendered":"Herren Hausmantel Gamer Print Cotton Soft Cozy Warm Fleece"},"content":{"rendered":"<p>Dieser Morgenmantel wurde mit Blick auf Stil und W\u00e4rme gefertigt und verbindet verspieltes Design mit hervorragendem Komfort f\u00fcr Ihre Spielesessions oder entspannenden Momente zu Hause.<\/p>\n<p>Die \u00e4u\u00dfere Schicht dieses Hausmantels zeigt einen leuchtenden Gaming-Controller-Aufdruck in Gold-, Blau-, Rot- und Gr\u00fcnt\u00f6nen auf schwarzem Grund. Diese kr\u00e4ftigen Farben heben sich von dem glatten schwarzen Grund ab und bringen Spa\u00df und Energie in Ihren Alltag. Das weiche, kuschelige Futter aus schwarzem Fleece sorgt f\u00fcr au\u00dfergew\u00f6hnliche W\u00e4rme und macht diesen Morgenmantel perfekt f\u00fcr k\u00fchle Morgenstunden oder lange Abende.  <\/p>\n<p>Glatter schwarzer Satin ziert den Kragen, die Manschetten und die Taschen und verleiht dem klassischen Design einen luxuri\u00f6sen Touch. Der Morgenmantel ist au\u00dferdem mit gr\u00fcnen Paspeln an den R\u00e4ndern versehen, die einen stilvollen Kontrast zu dem Gaming-Motiv bilden. <\/p>\n<p>Dieser Morgenmantel sieht nicht nur gut aus, er ist auch f\u00fcr ultimative Gem\u00fctlichkeit und Funktionalit\u00e4t designt. Das gef\u00fctterte Futter aus Pl\u00fcsch h\u00e4lt Sie kuschelig warm, w\u00e4hrend das Obermaterial aus Baumwolle f\u00fcr Atmungsaktivit\u00e4t sorgt. Egal, ob Sie nach einem langen Tag entspannen oder sich auf einen Spielemarathon vorbereiten, dieser Morgenmantel ist der ideale Begleiter.  <\/p>\n<ul>\n<li>weich und pl\u00fcschig<\/li>\n<li>sehr warm<\/li>\n<li>Schalkragen<\/li>\n<li>Brusttasche<\/li>\n<li>zwei tiefe Seitentaschen<\/li>\n<li>bequeme, lockere Passform<\/li>\n<li>diskrete Aufh\u00e4ngeschlaufe auf der R\u00fcckseite<\/li>\n<li>langer G\u00fcrtel<\/li>\n<li>Anti-Pilling-Vlies<\/li>\n<\/ul>\n<p>Material und Pflege: 100% Polyester. Maschinenw\u00e4sche bei 30\u00b0C, nicht im Trockner trocknen, bei niedriger Hitze b\u00fcgeln. <\/p>\n","protected":false},"excerpt":{"rendered":"<p>Dieser Morgenmantel wurde mit Blick auf Stil und W\u00e4rme gefertigt und verbindet verspieltes Design mit hervorragendem Komfort f\u00fcr Ihre Spielesessions<\/p>\n","protected":false},"featured_media":62011,"comment_status":"open","ping_status":"closed","template":"","meta":[],"product_brand":[],"product_cat":[1190],"product_tag":[],"class_list":{"0":"post-62025","1":"product","2":"type-product","3":"status-publish","4":"has-post-thumbnail","6":"product_cat-lagerverkauf","7":"product_shipping_class-regular-de","8":"pa_fabric-content-cotton-de","9":"pa_fabric-content-polyester-viscose-mix-de","10":"pa_fabric-weave-type-fleece-de","11":"pa_fabric-weave-type-satin-de","12":"pa_fabric-weight-leicht-warm","13":"pa_pattern-verspielt","14":"pa_product-type-limited-edition-de","15":"pa_size-2xl-de","16":"pa_size-3xl-de","17":"pa_size-4xl-de","18":"pa_size-5xl-de","19":"pa_size-l-de","20":"pa_size-m-de","21":"pa_size-massanfertigung","22":"pa_size-s-de","23":"pa_size-xl-de","24":"pa_size-xs-de","26":"first","27":"instock","28":"featured","29":"taxable","30":"shipping-taxable","31":"purchasable","32":"product-type-variable","33":"has-default-attributes"},"_links":{"self":[{"href":"https:\/\/baturina-homewear.com\/de\/wp-json\/wp\/v2\/product\/62025","targetHints":{"allow":["GET"]}}],"collection":[{"href":"https:\/\/baturina-homewear.com\/de\/wp-json\/wp\/v2\/product"}],"about":[{"href":"https:\/\/baturina-homewear.com\/de\/wp-json\/wp\/v2\/types\/product"}],"replies":[{"embeddable":true,"href":"https:\/\/baturina-homewear.com\/de\/wp-json\/wp\/v2\/comments?post=62025"}],"version-history":[{"count":6,"href":"https:\/\/baturina-homewear.com\/de\/wp-json\/wp\/v2\/product\/62025\/revisions"}],"predecessor-version":[{"id":73555,"href":"https:\/\/baturina-homewear.com\/de\/wp-json\/wp\/v2\/product\/62025\/revisions\/73555"}],"wp:featuredmedia":[{"embeddable":true,"href":"https:\/\/baturina-homewear.com\/de\/wp-json\/wp\/v2\/media\/62011"}],"wp:attachment":[{"href":"https:\/\/baturina-homewear.com\/de\/wp-json\/wp\/v2\/media?parent=62025"}],"wp:term":[{"taxonomy":"product_brand","embeddable":true,"href":"https:\/\/baturina-homewear.com\/de\/wp-json\/wp\/v2\/product_brand?post=62025"},{"taxonomy":"product_cat","embeddable":true,"href":"https:\/\/baturina-homewear.com\/de\/wp-json\/wp\/v2\/product_cat?post=62025"},{"taxonomy":"product_tag","embeddable":true,"href":"https:\/\/baturina-homewear.com\/de\/wp-json\/wp\/v2\/product_tag?post=62025"}],"curies":[{"name":"wp","href":"https:\/\/api.w.org\/{rel}","templated":true}]}}