{"id":62392,"date":"2024-11-08T16:21:06","date_gmt":"2024-11-08T15:21:06","guid":{"rendered":"https:\/\/baturina-homewear.com\/product\/zitrone-schlafmaske\/"},"modified":"2025-07-23T15:16:25","modified_gmt":"2025-07-23T13:16:25","slug":"zitrone-schlafmaske","status":"publish","type":"product","link":"https:\/\/baturina-homewear.com\/de\/produkt\/zitrone-schlafmaske\/","title":{"rendered":"Zitrone Schlafmaske"},"content":{"rendered":"<p>Bringen Sie mit dieser verspielten Schlafmaske mit Zitronenaufdruck frischen Wind in Ihre Schlafroutine! Mit ihrem spritzigen Design aus frischen Zitronenscheiben auf einem leuchtend gelben Hintergrund sorgt diese Maske f\u00fcr gute Laune beim Schlafengehen. Sie ist aus weichem, bequemem Material gefertigt und schirmt sanft das Licht ab, damit Sie eine erholsame Nachtruhe oder einen erfrischenden Mittagsschlaf haben. Diese lustige Schlafmaske eignet sich perfekt f\u00fcr unterwegs oder zu Hause und ist ein stilvolles Accessoire f\u00fcr alle, die einen Hauch von Zitrusfr\u00fcchten in ihrem Leben lieben!   <\/p>\n<p>Material und Pflege: 60% Cottn, 40% Polyester. Separate Maschinenw\u00e4sche bei 30\u00b0C, nicht im Trockner trocknen, nicht b\u00fcgeln.<\/p>\n<p>Abmessungen:<\/p>\n<p>\u00d6senst\u00fcck Breite x H\u00f6he: 20 x 8 cm | 7 7\/8 x 3 1\/8 in<\/p>\n<p>Gesamtumfang der Maske: 57 &#8211; 62 cm | 22 1\/2 &#8211; 24 3\/8 in<\/p>\n","protected":false},"excerpt":{"rendered":"<p>Bringen Sie mit dieser verspielten Schlafmaske mit Zitronenaufdruck frischen Wind in Ihre Schlafroutine! Mit ihrem spritzigen Design aus frischen Zitronenscheiben<\/p>\n","protected":false},"featured_media":62374,"comment_status":"open","ping_status":"closed","template":"","meta":[],"product_brand":[],"product_cat":[899,555,489],"product_tag":[],"class_list":{"0":"post-62392","1":"product","2":"type-product","3":"status-publish","4":"has-post-thumbnail","6":"product_cat-limited-edition-de","7":"product_cat-accessoires","8":"product_cat-schlafmasken-de","9":"product_shipping_class-small-de","10":"pa_product-type-limited-edition-de","12":"first","13":"instock","14":"taxable","15":"shipping-taxable","16":"purchasable","17":"product-type-simple"},"_links":{"self":[{"href":"https:\/\/baturina-homewear.com\/de\/wp-json\/wp\/v2\/product\/62392","targetHints":{"allow":["GET"]}}],"collection":[{"href":"https:\/\/baturina-homewear.com\/de\/wp-json\/wp\/v2\/product"}],"about":[{"href":"https:\/\/baturina-homewear.com\/de\/wp-json\/wp\/v2\/types\/product"}],"replies":[{"embeddable":true,"href":"https:\/\/baturina-homewear.com\/de\/wp-json\/wp\/v2\/comments?post=62392"}],"version-history":[{"count":4,"href":"https:\/\/baturina-homewear.com\/de\/wp-json\/wp\/v2\/product\/62392\/revisions"}],"predecessor-version":[{"id":73185,"href":"https:\/\/baturina-homewear.com\/de\/wp-json\/wp\/v2\/product\/62392\/revisions\/73185"}],"wp:featuredmedia":[{"embeddable":true,"href":"https:\/\/baturina-homewear.com\/de\/wp-json\/wp\/v2\/media\/62374"}],"wp:attachment":[{"href":"https:\/\/baturina-homewear.com\/de\/wp-json\/wp\/v2\/media?parent=62392"}],"wp:term":[{"taxonomy":"product_brand","embeddable":true,"href":"https:\/\/baturina-homewear.com\/de\/wp-json\/wp\/v2\/product_brand?post=62392"},{"taxonomy":"product_cat","embeddable":true,"href":"https:\/\/baturina-homewear.com\/de\/wp-json\/wp\/v2\/product_cat?post=62392"},{"taxonomy":"product_tag","embeddable":true,"href":"https:\/\/baturina-homewear.com\/de\/wp-json\/wp\/v2\/product_tag?post=62392"}],"curies":[{"name":"wp","href":"https:\/\/api.w.org\/{rel}","templated":true}]}}