{"id":62733,"date":"2024-11-15T11:11:12","date_gmt":"2024-11-15T10:11:12","guid":{"rendered":"https:\/\/baturina-homewear.com\/product\/herren-hausmantel-silber-floral-jacquard-gelb-samt\/"},"modified":"2025-07-23T15:17:03","modified_gmt":"2025-07-23T13:17:03","slug":"herren-hausmantel-silber-floral-jacquard-gelb-samt","status":"publish","type":"product","link":"https:\/\/baturina-homewear.com\/de\/produkt\/herren-hausmantel-silber-floral-jacquard-gelb-samt\/","title":{"rendered":"Herren Hausmantel Silber Floral Jacquard Gelb Samt"},"content":{"rendered":"<p>Das florale Muster und die gewebte Textur dieses Morgenmantels im Vintage-Stil sind der Inbegriff von Luxus und zeitloser Eleganz. Das Design in den eleganten Farben Silbergrau und sattes Goldgelb wird durch einen weichen Baumwollsamt mit goldenen Paspeln erg\u00e4nzt und ist vollst\u00e4ndig mit dunkelgrauem Baumwollfutter gef\u00fcttert. Der lange G\u00fcrtel sorgt f\u00fcr einen perfekten Sitz. Dieser mitteldicke Morgenmantel ist das ganze Jahr \u00fcber tragbar und bietet ein ausgewogenes Verh\u00e4ltnis zwischen Leichtigkeit und Schwere, Komfort und Stil. Das gef\u00fctterte Baumwollfutter und der weiche Saum sorgen f\u00fcr zus\u00e4tzliche W\u00e4rme, w\u00e4hrend das exquisite Jacquard-Webmuster Raffinesse ausstrahlt.<\/p>\n<ul>\n<li>Schalkragen<\/li>\n<li>Brusttasche<\/li>\n<li>zwei tiefe Seitentaschen<\/li>\n<li>verstellbare Umschlagmanschetten<\/li>\n<li>Bequeme, lockere Passform<\/li>\n<li>diskrete Aufh\u00e4ngeschlaufe auf der R\u00fcckseite<\/li>\n<li>langer G\u00fcrtel<\/li>\n<\/ul>\n<p>Material und Pflege: 60% Baumwolle, 40% Polyester. Separat in der Maschine bei 30\u00b0C waschen, nicht im Trockner trocknen, bei niedriger Hitze b\u00fcgeln. <\/p>\n","protected":false},"excerpt":{"rendered":"<p>Das florale Muster und die gewebte Textur dieses Morgenmantels im Vintage-Stil sind der Inbegriff von Luxus und zeitloser Eleganz. Das<\/p>\n","protected":false},"featured_media":62669,"comment_status":"open","ping_status":"closed","template":"","meta":[],"product_brand":[],"product_cat":[899,463,491],"product_tag":[464,768],"class_list":{"0":"post-62733","1":"product","2":"type-product","3":"status-publish","4":"has-post-thumbnail","6":"product_cat-limited-edition-de","7":"product_cat-herren-hausmantel","8":"product_cat-morgenmaentel","9":"product_tag-custom-size-de","10":"product_tag-monogram-de","11":"product_shipping_class-auf-bestellung","12":"pa_color-gold-de","13":"pa_color-swatch-honiggelb","14":"pa_fabric-content-cotton-de","15":"pa_fabric-weave-type-jacquard-de","16":"pa_fabric-weave-type-samt","17":"pa_fabric-weight-regular-de","18":"pa_product-type-limited-edition-de","19":"pa_size-2xl-de","20":"pa_size-3xl-de","21":"pa_size-4xl-de","22":"pa_size-5xl-de","23":"pa_size-l-de","24":"pa_size-m-de","25":"pa_size-massanfertigung","26":"pa_size-s-de","27":"pa_size-xl-de","28":"pa_size-xs-de","30":"first","31":"outofstock","32":"taxable","33":"shipping-taxable","34":"purchasable","35":"product-type-simple"},"_links":{"self":[{"href":"https:\/\/baturina-homewear.com\/de\/wp-json\/wp\/v2\/product\/62733","targetHints":{"allow":["GET"]}}],"collection":[{"href":"https:\/\/baturina-homewear.com\/de\/wp-json\/wp\/v2\/product"}],"about":[{"href":"https:\/\/baturina-homewear.com\/de\/wp-json\/wp\/v2\/types\/product"}],"replies":[{"embeddable":true,"href":"https:\/\/baturina-homewear.com\/de\/wp-json\/wp\/v2\/comments?post=62733"}],"version-history":[{"count":4,"href":"https:\/\/baturina-homewear.com\/de\/wp-json\/wp\/v2\/product\/62733\/revisions"}],"predecessor-version":[{"id":73221,"href":"https:\/\/baturina-homewear.com\/de\/wp-json\/wp\/v2\/product\/62733\/revisions\/73221"}],"wp:featuredmedia":[{"embeddable":true,"href":"https:\/\/baturina-homewear.com\/de\/wp-json\/wp\/v2\/media\/62669"}],"wp:attachment":[{"href":"https:\/\/baturina-homewear.com\/de\/wp-json\/wp\/v2\/media?parent=62733"}],"wp:term":[{"taxonomy":"product_brand","embeddable":true,"href":"https:\/\/baturina-homewear.com\/de\/wp-json\/wp\/v2\/product_brand?post=62733"},{"taxonomy":"product_cat","embeddable":true,"href":"https:\/\/baturina-homewear.com\/de\/wp-json\/wp\/v2\/product_cat?post=62733"},{"taxonomy":"product_tag","embeddable":true,"href":"https:\/\/baturina-homewear.com\/de\/wp-json\/wp\/v2\/product_tag?post=62733"}],"curies":[{"name":"wp","href":"https:\/\/api.w.org\/{rel}","templated":true}]}}