{"id":63506,"date":"2024-11-25T18:14:47","date_gmt":"2024-11-25T17:14:47","guid":{"rendered":"https:\/\/baturina-homewear.com\/product\/einstecktuch-aus-reiner-seide-pin-up-maid\/"},"modified":"2025-07-23T15:15:06","modified_gmt":"2025-07-23T13:15:06","slug":"einstecktuch-aus-reiner-seide-pin-up-maid","status":"publish","type":"product","link":"https:\/\/baturina-homewear.com\/de\/produkt\/einstecktuch-aus-reiner-seide-pin-up-maid\/","title":{"rendered":"Einstecktuch aus reiner Seide Pin-Up Maid"},"content":{"rendered":"<p>Erh\u00f6hen Sie Ihren Stil mit unseren luxuri\u00f6sen Einsteckt\u00fcchern aus reiner Seide, die jedem Outfit Charme und Pers\u00f6nlichkeit verleihen. Jedes St\u00fcck zeigt eine freche und doch geschmackvolle Pin-up-Illustration auf einem raffinierten champagnerfarbenen Hintergrund, der mit einer kontrastfarbenen Umrandung versehen ist, die f\u00fcr zus\u00e4tzliche Lebendigkeit sorgt. Dieses verspielte Design ist eine exklusive Eigenkreation von Anna Tishchenko und verk\u00f6rpert die einzigartige Kunstfertigkeit von Baturina Homewear.  <\/p>\n<p>Diese 33 x 33 cm gro\u00dfen Einsteckt\u00fccher sind aus feinster Seide gefertigt und haben eine glatte, leichte Textur, die sich genauso luxuri\u00f6s anf\u00fchlt wie sie aussieht. Ob in einen Blazer gesteckt oder f\u00fcr einen besonderen Anlass gestylt, dieses St\u00fcck wird mit seinem witzigen und gewagten Design sicher das Gespr\u00e4chsthema auf jeder Party sein. <\/p>\n<p>Unsere in England bedruckten und hergestellten Einsteckt\u00fccher sind ein Beweis f\u00fcr erstklassige Handwerkskunst. Sie eignen sich auch hervorragend als Geschenk f\u00fcr Freunde und Verwandte, perfekt f\u00fcr alle, die unverwechselbare Accessoires zu sch\u00e4tzen wissen, die Eleganz mit einem verspielten Touch verbinden. Ein Must-Have f\u00fcr den modernen Gentleman!  <\/p>\n","protected":false},"excerpt":{"rendered":"<p>Erh\u00f6hen Sie Ihren Stil mit unseren luxuri\u00f6sen Einsteckt\u00fcchern aus reiner Seide, die jedem Outfit Charme und Pers\u00f6nlichkeit verleihen. Jedes St\u00fcck<\/p>\n","protected":false},"featured_media":63466,"comment_status":"open","ping_status":"closed","template":"","meta":[],"product_brand":[],"product_cat":[555,997,654],"product_tag":[],"class_list":{"0":"post-63506","1":"product","2":"type-product","3":"status-publish","4":"has-post-thumbnail","6":"product_cat-accessoires","7":"product_cat-einstecktuch","8":"product_cat-geschenke","9":"product_shipping_class-small-de","10":"pa_color-creme","11":"pa_fabric-content-seide","12":"pa_pattern-baturina-original-de","13":"pa_pattern-verspielt","15":"first","16":"outofstock","17":"taxable","18":"shipping-taxable","19":"purchasable","20":"product-type-simple"},"_links":{"self":[{"href":"https:\/\/baturina-homewear.com\/de\/wp-json\/wp\/v2\/product\/63506","targetHints":{"allow":["GET"]}}],"collection":[{"href":"https:\/\/baturina-homewear.com\/de\/wp-json\/wp\/v2\/product"}],"about":[{"href":"https:\/\/baturina-homewear.com\/de\/wp-json\/wp\/v2\/types\/product"}],"replies":[{"embeddable":true,"href":"https:\/\/baturina-homewear.com\/de\/wp-json\/wp\/v2\/comments?post=63506"}],"version-history":[{"count":3,"href":"https:\/\/baturina-homewear.com\/de\/wp-json\/wp\/v2\/product\/63506\/revisions"}],"predecessor-version":[{"id":73168,"href":"https:\/\/baturina-homewear.com\/de\/wp-json\/wp\/v2\/product\/63506\/revisions\/73168"}],"wp:featuredmedia":[{"embeddable":true,"href":"https:\/\/baturina-homewear.com\/de\/wp-json\/wp\/v2\/media\/63466"}],"wp:attachment":[{"href":"https:\/\/baturina-homewear.com\/de\/wp-json\/wp\/v2\/media?parent=63506"}],"wp:term":[{"taxonomy":"product_brand","embeddable":true,"href":"https:\/\/baturina-homewear.com\/de\/wp-json\/wp\/v2\/product_brand?post=63506"},{"taxonomy":"product_cat","embeddable":true,"href":"https:\/\/baturina-homewear.com\/de\/wp-json\/wp\/v2\/product_cat?post=63506"},{"taxonomy":"product_tag","embeddable":true,"href":"https:\/\/baturina-homewear.com\/de\/wp-json\/wp\/v2\/product_tag?post=63506"}],"curies":[{"name":"wp","href":"https:\/\/api.w.org\/{rel}","templated":true}]}}