{"id":64424,"date":"2024-12-23T19:55:32","date_gmt":"2024-12-23T18:55:32","guid":{"rendered":"https:\/\/baturina-homewear.com\/product\/herren-hausmantel-dunkelblau-paisley-weinrot-samt\/"},"modified":"2025-12-01T19:26:17","modified_gmt":"2025-12-01T18:26:17","slug":"herren-hausmantel-dunkelblau-paisley-weinrot-samt","status":"publish","type":"product","link":"https:\/\/baturina-homewear.com\/de\/produkt\/herren-hausmantel-dunkelblau-paisley-weinrot-samt\/","title":{"rendered":"Herren Hausmantel Warm Cotton Jacquard Dunkelblau Paisley Weinrot Samt"},"content":{"rendered":"<p>H\u00fcllen Sie sich in zeitlose Eleganz mit diesem luxuri\u00f6sen Morgenmantel aus schwerem Baumwolljacquard. Er ist aus dickem und warmem Stoff gefertigt und zeigt ein raffiniertes Paisleymuster in Dunkelblau und Wei\u00df, das mit dezenten Goldt\u00f6nen akzentuiert ist. Der pl\u00fcschige Weinrot-Samt am Kragen, an den Manschetten und an den Taschenbes\u00e4tzen sorgt f\u00fcr W\u00e4rme und F\u00fclle und erg\u00e4nzt das Design perfekt. Innen ist der Morgenmantel vollst\u00e4ndig mit glattem und geschmeidigem Weinrot-Satin gef\u00fcttert und bietet so ein angenehmes und verw\u00f6hnendes Gef\u00fchl.   <\/p>\n<p>Dieser Morgenmantel ist perfekt, um es sich an k\u00fchlen Tagen gem\u00fctlich zu machen, denn er bietet sowohl klassischen Charme als auch ultimativen Komfort. Ein exquisites St\u00fcck f\u00fcr alle, die traditionelle Muster und luxuri\u00f6se Details zu sch\u00e4tzen wissen. <\/p>\n<ul>\n<li>Schalkragen<\/li>\n<li>Brusttasche<\/li>\n<li>zwei tiefe Seitentaschen<\/li>\n<li>verstellbare Umschlagmanschetten<\/li>\n<li>bequeme, lockere Passform<\/li>\n<li>diskrete Aufh\u00e4ngeschlaufe auf der R\u00fcckseite<\/li>\n<li>langer G\u00fcrtel<\/li>\n<li>Materialien und Pflege: Au\u00dfen: 100% Baumwolle, Innen: 60% Polyester, 40% Viskose. Separate Maschinenw\u00e4sche bei 30\u00b0C, nicht im Trockner trocknen, B\u00fcgeln bei niedriger Hitze.<\/li>\n<\/ul>\n","protected":false},"excerpt":{"rendered":"<p>H\u00fcllen Sie sich in zeitlose Eleganz mit diesem luxuri\u00f6sen Morgenmantel aus schwerem Baumwolljacquard. Er ist aus dickem und warmem Stoff<\/p>\n","protected":false},"featured_media":76555,"comment_status":"open","ping_status":"closed","template":"","meta":[],"product_brand":[],"product_cat":[463,491,899,979],"product_tag":[464,768],"class_list":{"0":"post-64424","1":"product","2":"type-product","3":"status-publish","4":"has-post-thumbnail","6":"product_cat-herren-hausmantel","7":"product_cat-morgenmaentel","8":"product_cat-limited-edition-de","9":"product_cat-paisley-bademantel","10":"product_tag-custom-size-de","11":"product_tag-monogram-de","12":"product_shipping_class-auf-bestellung","13":"pa_color-rot","14":"pa_fabric-content-cotton-de","15":"pa_fabric-weave-type-jacquard-de","16":"pa_fabric-weave-type-samt","17":"pa_fabric-weight-schwer-und-warm","18":"pa_pattern-verspielt","19":"pa_product-type-limited-edition-de","20":"pa_size-2xl-de","21":"pa_size-3xl-de","22":"pa_size-4xl-de","23":"pa_size-5xl-de","24":"pa_size-l-de","25":"pa_size-m-de","26":"pa_size-massanfertigung","27":"pa_size-s-de","28":"pa_size-xl-de","29":"pa_size-xs-de","31":"first","32":"instock","33":"taxable","34":"shipping-taxable","35":"purchasable","36":"product-type-simple"},"_links":{"self":[{"href":"https:\/\/baturina-homewear.com\/de\/wp-json\/wp\/v2\/product\/64424","targetHints":{"allow":["GET"]}}],"collection":[{"href":"https:\/\/baturina-homewear.com\/de\/wp-json\/wp\/v2\/product"}],"about":[{"href":"https:\/\/baturina-homewear.com\/de\/wp-json\/wp\/v2\/types\/product"}],"replies":[{"embeddable":true,"href":"https:\/\/baturina-homewear.com\/de\/wp-json\/wp\/v2\/comments?post=64424"}],"version-history":[{"count":4,"href":"https:\/\/baturina-homewear.com\/de\/wp-json\/wp\/v2\/product\/64424\/revisions"}],"predecessor-version":[{"id":76612,"href":"https:\/\/baturina-homewear.com\/de\/wp-json\/wp\/v2\/product\/64424\/revisions\/76612"}],"wp:featuredmedia":[{"embeddable":true,"href":"https:\/\/baturina-homewear.com\/de\/wp-json\/wp\/v2\/media\/76555"}],"wp:attachment":[{"href":"https:\/\/baturina-homewear.com\/de\/wp-json\/wp\/v2\/media?parent=64424"}],"wp:term":[{"taxonomy":"product_brand","embeddable":true,"href":"https:\/\/baturina-homewear.com\/de\/wp-json\/wp\/v2\/product_brand?post=64424"},{"taxonomy":"product_cat","embeddable":true,"href":"https:\/\/baturina-homewear.com\/de\/wp-json\/wp\/v2\/product_cat?post=64424"},{"taxonomy":"product_tag","embeddable":true,"href":"https:\/\/baturina-homewear.com\/de\/wp-json\/wp\/v2\/product_tag?post=64424"}],"curies":[{"name":"wp","href":"https:\/\/api.w.org\/{rel}","templated":true}]}}