{"id":64447,"date":"2024-12-23T20:24:43","date_gmt":"2024-12-23T19:24:43","guid":{"rendered":"https:\/\/baturina-homewear.com\/product\/herren-hausjacke-aus-schwarzem-samt-mit-pin-up-girls-futter\/"},"modified":"2025-11-08T14:03:53","modified_gmt":"2025-11-08T13:03:53","slug":"herren-hausjacke-aus-schwarzem-samt-mit-pin-up-girls-futter","status":"publish","type":"product","link":"https:\/\/baturina-homewear.com\/de\/produkt\/herren-hausjacke-aus-schwarzem-samt-mit-pin-up-girls-futter\/","title":{"rendered":"Herren Hausjacke aus schwarzem Samt mit Pin-Up-Girls-Futter"},"content":{"rendered":"<p>G\u00f6nnen Sie sich zeitlose Raffinesse mit dieser warmen und pl\u00fcschigen schwarzen Hausjacke aus Samt. Gefertigt aus kostbarem Samt, bietet er unvergleichlichen Komfort und klassische Eleganz. Das glatte und geschmeidige Futter aus Satin ist mit unserem originellen Pin-up-Girls-Motiv gef\u00fcttert, das diesem luxuri\u00f6sen St\u00fcck eine k\u00fchne und verspielte Note verleiht.<x id=\"gid_0\"><\/x>Entworfen f\u00fcr alle, die einen raffinierten Stil mit einem Hauch von Laune zu sch\u00e4tzen wissen, ist diese Jacke perfekt f\u00fcr entspannte Abende, besondere Anl\u00e4sse oder einfach, um Ihren Alltagslook aufzuwerten. Sie ist eine meisterhafte Kombination aus Eleganz und Charakter und ein Statement-St\u00fcck, das Individualit\u00e4t zelebriert.<x id=\"gid_1\"><\/x>Diese Jacke ist perfekt f\u00fcr gem\u00fctliche Abende, besondere Anl\u00e4sse oder einfach nur, um Ihren Alltagslook aufzuwerten, und kombiniert raffinierten Stil mit einem Hauch von Laune. Kombinieren Sie sie mit unseren passenden Boxershorts oder Einsteckt\u00fcchern aus Seide mit demselben lebhaften Pin-up-Girls-Print f\u00fcr ein abgestimmtes und unvergessliches Ensemble.    <\/p>\n<p>Die L\u00e4nge ist vollst\u00e4ndig anpassbar, von einer kurzen Jacke bis zu einem dramatischen, bodenlangen Morgenmantel, so dass er ganz auf Ihre W\u00fcnsche zugeschnitten ist. Au\u00dferdem k\u00f6nnen Sie ihm mit einer Monogramm-Stickerei eine pers\u00f6nliche Note verleihen und es so zu etwas Einzigartigem machen. <\/p>\n<ul>\n<li>Schalkragen<\/li>\n<li>Brusttasche<\/li>\n<li>zwei tiefe Seitentaschen<\/li>\n<li>verstellbare Umschlagmanschetten<\/li>\n<li>bequeme, lockere Passform<\/li>\n<li>diskrete Aufh\u00e4ngeschlaufe auf der R\u00fcckseite<\/li>\n<li>langer G\u00fcrtel<\/li>\n<li>schwer und warm (eine Gr\u00f6\u00dfe M wiegt ca. 2,5 kg \/ 3 lbs)<\/li>\n<\/ul>\n<p>Material und Pflege: Au\u00dfenseite: 100% Baumwolle. Innen: 60% Polyester, 40% Viskose.  Professionelle Reinigung.<\/p>\n","protected":false},"excerpt":{"rendered":"<p>G\u00f6nnen Sie sich zeitlose Raffinesse mit dieser warmen und pl\u00fcschigen schwarzen Hausjacke aus Samt. Gefertigt aus kostbarem Samt, bietet er<\/p>\n","protected":false},"featured_media":64441,"comment_status":"open","ping_status":"closed","template":"","meta":[],"product_brand":[],"product_cat":[899,496,491,980,994],"product_tag":[464,768],"class_list":{"0":"post-64447","1":"product","2":"type-product","3":"status-publish","4":"has-post-thumbnail","6":"product_cat-limited-edition-de","7":"product_cat-herren-hausjacken","8":"product_cat-morgenmaentel","9":"product_cat-samt-bademantel","10":"product_cat-warme-mantel","11":"product_tag-custom-size-de","12":"product_tag-monogram-de","13":"product_shipping_class-auf-bestellung","14":"pa_color-black-de","15":"pa_color-swatch-schwarz","16":"pa_pattern-baturina-original-de","17":"pa_pattern-verspielt","18":"pa_product-type-limited-edition-de","19":"pa_size-2xl-de","20":"pa_size-3xl-de","21":"pa_size-4xl-de","22":"pa_size-5xl-de","23":"pa_size-l-de","24":"pa_size-m-de","25":"pa_size-massanfertigung","26":"pa_size-s-de","27":"pa_size-xl-de","28":"pa_size-xs-de","30":"first","31":"instock","32":"taxable","33":"shipping-taxable","34":"purchasable","35":"product-type-simple"},"_links":{"self":[{"href":"https:\/\/baturina-homewear.com\/de\/wp-json\/wp\/v2\/product\/64447","targetHints":{"allow":["GET"]}}],"collection":[{"href":"https:\/\/baturina-homewear.com\/de\/wp-json\/wp\/v2\/product"}],"about":[{"href":"https:\/\/baturina-homewear.com\/de\/wp-json\/wp\/v2\/types\/product"}],"replies":[{"embeddable":true,"href":"https:\/\/baturina-homewear.com\/de\/wp-json\/wp\/v2\/comments?post=64447"}],"version-history":[{"count":6,"href":"https:\/\/baturina-homewear.com\/de\/wp-json\/wp\/v2\/product\/64447\/revisions"}],"predecessor-version":[{"id":77736,"href":"https:\/\/baturina-homewear.com\/de\/wp-json\/wp\/v2\/product\/64447\/revisions\/77736"}],"wp:featuredmedia":[{"embeddable":true,"href":"https:\/\/baturina-homewear.com\/de\/wp-json\/wp\/v2\/media\/64441"}],"wp:attachment":[{"href":"https:\/\/baturina-homewear.com\/de\/wp-json\/wp\/v2\/media?parent=64447"}],"wp:term":[{"taxonomy":"product_brand","embeddable":true,"href":"https:\/\/baturina-homewear.com\/de\/wp-json\/wp\/v2\/product_brand?post=64447"},{"taxonomy":"product_cat","embeddable":true,"href":"https:\/\/baturina-homewear.com\/de\/wp-json\/wp\/v2\/product_cat?post=64447"},{"taxonomy":"product_tag","embeddable":true,"href":"https:\/\/baturina-homewear.com\/de\/wp-json\/wp\/v2\/product_tag?post=64447"}],"curies":[{"name":"wp","href":"https:\/\/api.w.org\/{rel}","templated":true}]}}