{"id":64756,"date":"2024-11-11T17:21:03","date_gmt":"2024-11-11T16:21:03","guid":{"rendered":"https:\/\/baturina-homewear.com\/product\/morgenmantel-creme-barock-burgund-weinrot-baumwolle-samt\/"},"modified":"2025-12-01T19:26:17","modified_gmt":"2025-12-01T18:26:17","slug":"morgenmantel-creme-barock-burgund-weinrot-baumwolle-samt","status":"publish","type":"product","link":"https:\/\/baturina-homewear.com\/de\/produkt\/morgenmantel-creme-barock-burgund-weinrot-baumwolle-samt\/","title":{"rendered":"Morgenmantel Creme Barock Burgund Weinrot Baumwollsamt"},"content":{"rendered":"<p>Dieser Morgenmantel im Vintage-Stil verk\u00f6rpert Luxus und zeitlose Eleganz. Er ist mit einem exquisiten barocken Blumenmuster und Kontrastdetails aus pl\u00fcschigem, weinrotem Samt versehen. Vollst\u00e4ndig gef\u00fcttert mit glatter beiger Baumwolle.  Einfach mit dem langen G\u00fcrtel befestigen. Ein zeitlos eleganter Hausmantel, der viele Jahre lang halten wird. Dieser Morgenmantel aus mitteldicker Baumwolle schafft die perfekte Balance zwischen leicht und schwer und bietet unvergleichlichen Komfort und Stil.<\/p>\n<ul>\n<li>voll gef\u00fcttert<\/li>\n<li>Schalkragen<\/li>\n<li>Brusttasche<\/li>\n<li>zwei tiefe Seitentaschen<\/li>\n<li>verstellbare Umschlagmanschetten<\/li>\n<li>bequeme, lockere Passform<\/li>\n<li>diskrete Aufh\u00e4ngeschlaufe auf der R\u00fcckseite<\/li>\n<li>langer G\u00fcrtel<\/li>\n<li>Material und Pflege: 100% Baumwolle. Maschinenw\u00e4sche bei 30\u00b0C, nicht im Trockner trocknen, bei niedriger Hitze b\u00fcgeln.<\/li>\n<\/ul>\n","protected":false},"excerpt":{"rendered":"<p>Dieser Morgenmantel im Vintage-Stil verk\u00f6rpert Luxus und zeitlose Eleganz. Er ist mit einem exquisiten barocken Blumenmuster und Kontrastdetails aus pl\u00fcschigem,<\/p>\n","protected":false},"featured_media":64697,"comment_status":"open","ping_status":"closed","template":"","meta":[],"product_brand":[],"product_cat":[759,728,899],"product_tag":[731,768],"class_list":{"0":"post-64756","1":"product","2":"type-product","3":"status-publish","4":"has-post-thumbnail","6":"product_cat-damen-hausmantel","7":"product_cat-damen-morgenmantel","8":"product_cat-limited-edition-de","9":"product_tag-custom-size-damen","10":"product_tag-monogram-de","11":"product_shipping_class-auf-bestellung","12":"pa_color-creme","13":"pa_fabric-content-cotton-de","14":"pa_fabric-weave-type-jacquard-de","15":"pa_fabric-weave-type-samt","16":"pa_fabric-weight-regular-de","17":"pa_pattern-blumen","18":"pa_product-type-limited-edition-de","19":"pa_size-2xl-de","20":"pa_size-l-de","21":"pa_size-m-de","22":"pa_size-massanfertigung","23":"pa_size-s-de","24":"pa_size-xl-de","25":"pa_size-xs-de","27":"first","28":"instock","29":"taxable","30":"shipping-taxable","31":"purchasable","32":"product-type-simple"},"_links":{"self":[{"href":"https:\/\/baturina-homewear.com\/de\/wp-json\/wp\/v2\/product\/64756","targetHints":{"allow":["GET"]}}],"collection":[{"href":"https:\/\/baturina-homewear.com\/de\/wp-json\/wp\/v2\/product"}],"about":[{"href":"https:\/\/baturina-homewear.com\/de\/wp-json\/wp\/v2\/types\/product"}],"replies":[{"embeddable":true,"href":"https:\/\/baturina-homewear.com\/de\/wp-json\/wp\/v2\/comments?post=64756"}],"version-history":[{"count":5,"href":"https:\/\/baturina-homewear.com\/de\/wp-json\/wp\/v2\/product\/64756\/revisions"}],"predecessor-version":[{"id":74992,"href":"https:\/\/baturina-homewear.com\/de\/wp-json\/wp\/v2\/product\/64756\/revisions\/74992"}],"wp:featuredmedia":[{"embeddable":true,"href":"https:\/\/baturina-homewear.com\/de\/wp-json\/wp\/v2\/media\/64697"}],"wp:attachment":[{"href":"https:\/\/baturina-homewear.com\/de\/wp-json\/wp\/v2\/media?parent=64756"}],"wp:term":[{"taxonomy":"product_brand","embeddable":true,"href":"https:\/\/baturina-homewear.com\/de\/wp-json\/wp\/v2\/product_brand?post=64756"},{"taxonomy":"product_cat","embeddable":true,"href":"https:\/\/baturina-homewear.com\/de\/wp-json\/wp\/v2\/product_cat?post=64756"},{"taxonomy":"product_tag","embeddable":true,"href":"https:\/\/baturina-homewear.com\/de\/wp-json\/wp\/v2\/product_tag?post=64756"}],"curies":[{"name":"wp","href":"https:\/\/api.w.org\/{rel}","templated":true}]}}