{"id":64929,"date":"2025-01-15T18:18:54","date_gmt":"2025-01-15T17:18:54","guid":{"rendered":"https:\/\/baturina-homewear.com\/?post_type=product&#038;p=64929"},"modified":"2025-07-23T15:19:59","modified_gmt":"2025-07-23T13:19:59","slug":"herren-hausmantel-goldwirbel-jacquard-weinrot-gesteppt-copy","status":"publish","type":"product","link":"https:\/\/baturina-homewear.com\/de\/produkt\/herren-hausmantel-goldwirbel-jacquard-weinrot-gesteppt-copy\/","title":{"rendered":"Herren Hausmantel Azurblau Gesteppt Dunkelbraun Gold Ranken Jacquard"},"content":{"rendered":"<p>Das Rankenmuster und die gewebte Textur dieses Morgenmantels im Vintage-Stil strahlen Luxus und zeitlose Eleganz aus. Das elegante Farbschema besteht aus Holzbraun, Altgold und Azurblau. Das Design wird durch einen weichen, gesteppten Satin Besatz mit dezenten dunkelbraunen Kordelpaspeln erg\u00e4nzt und ist vollst\u00e4ndig mit glattem Satin gef\u00fcttert. Der lange G\u00fcrtel mit Quasten sorgt f\u00fcr einen perfekten Sitz.    Dieser mitteldicke Morgenmantel ist das ganze Jahr \u00fcber tragbar und bietet ein ausgewogenes Verh\u00e4ltnis zwischen Leichtigkeit und Schwere, Komfort und Stil. Das gef\u00fctterte Futter und der weiche Saum sorgen f\u00fcr zus\u00e4tzliche W\u00e4rme, w\u00e4hrend das exquisite Jacquard-Webmuster Raffinesse ausstrahlt.<\/p>\n<ul>\n<li>Schalkragen<\/li>\n<li>Brusttasche<\/li>\n<li>zwei tiefe Seitentaschen<\/li>\n<li>verstellbare Umschlagmanschetten<\/li>\n<li>bequeme, lockere Passform<\/li>\n<li>diskrete Aufh\u00e4ngeschlaufe auf der R\u00fcckseite<\/li>\n<li>langer G\u00fcrtel<\/li>\n<li>Material und Pflege: 60% Baumwolle, 40% Polyester. Separate Maschinenw\u00e4sche bei 30\u00b0C, nicht im Trockner trocknen, B\u00fcgeln bei niedriger Hitze. <\/li>\n<\/ul>\n","protected":false},"excerpt":{"rendered":"<p>Das Rankenmuster und die gewebte Textur dieses Morgenmantels im Vintage-Stil strahlen Luxus und zeitlose Eleganz aus. Das elegante Farbschema besteht<\/p>\n","protected":false},"featured_media":68922,"comment_status":"open","ping_status":"closed","template":"","meta":[],"product_brand":[],"product_cat":[491,463,899],"product_tag":[464,768],"class_list":{"0":"post-64929","1":"product","2":"type-product","3":"status-publish","4":"has-post-thumbnail","6":"product_cat-morgenmaentel","7":"product_cat-herren-hausmantel","8":"product_cat-limited-edition-de","9":"product_tag-custom-size-de","10":"product_tag-monogram-de","11":"product_shipping_class-auf-bestellung","12":"pa_color-blau","13":"pa_color-swatch-blau","14":"pa_fabric-content-cotton-de","15":"pa_fabric-content-polyester-viscose-mix-de","16":"pa_fabric-weave-type-jacquard-de","17":"pa_product-type-limited-edition-de","18":"pa_size-2xl-de","19":"pa_size-3xl-de","20":"pa_size-4xl-de","21":"pa_size-5xl-de","22":"pa_size-l-de","23":"pa_size-m-de","24":"pa_size-massanfertigung","25":"pa_size-s-de","26":"pa_size-xl-de","27":"pa_size-xs-de","29":"first","30":"instock","31":"taxable","32":"shipping-taxable","33":"purchasable","34":"product-type-simple"},"_links":{"self":[{"href":"https:\/\/baturina-homewear.com\/de\/wp-json\/wp\/v2\/product\/64929","targetHints":{"allow":["GET"]}}],"collection":[{"href":"https:\/\/baturina-homewear.com\/de\/wp-json\/wp\/v2\/product"}],"about":[{"href":"https:\/\/baturina-homewear.com\/de\/wp-json\/wp\/v2\/types\/product"}],"replies":[{"embeddable":true,"href":"https:\/\/baturina-homewear.com\/de\/wp-json\/wp\/v2\/comments?post=64929"}],"version-history":[{"count":6,"href":"https:\/\/baturina-homewear.com\/de\/wp-json\/wp\/v2\/product\/64929\/revisions"}],"predecessor-version":[{"id":73538,"href":"https:\/\/baturina-homewear.com\/de\/wp-json\/wp\/v2\/product\/64929\/revisions\/73538"}],"wp:featuredmedia":[{"embeddable":true,"href":"https:\/\/baturina-homewear.com\/de\/wp-json\/wp\/v2\/media\/68922"}],"wp:attachment":[{"href":"https:\/\/baturina-homewear.com\/de\/wp-json\/wp\/v2\/media?parent=64929"}],"wp:term":[{"taxonomy":"product_brand","embeddable":true,"href":"https:\/\/baturina-homewear.com\/de\/wp-json\/wp\/v2\/product_brand?post=64929"},{"taxonomy":"product_cat","embeddable":true,"href":"https:\/\/baturina-homewear.com\/de\/wp-json\/wp\/v2\/product_cat?post=64929"},{"taxonomy":"product_tag","embeddable":true,"href":"https:\/\/baturina-homewear.com\/de\/wp-json\/wp\/v2\/product_tag?post=64929"}],"curies":[{"name":"wp","href":"https:\/\/api.w.org\/{rel}","templated":true}]}}