{"id":65403,"date":"2025-01-01T16:21:56","date_gmt":"2025-01-01T15:21:56","guid":{"rendered":"https:\/\/baturina-homewear.com\/?post_type=product&#038;p=65403"},"modified":"2025-07-23T15:43:30","modified_gmt":"2025-07-23T13:43:30","slug":"herren-hausmantel-weinrot-samt-schwarz-weis-gemustert-baumwolle-copy-copy","status":"publish","type":"product","link":"https:\/\/baturina-homewear.com\/de\/produkt\/herren-hausmantel-weinrot-samt-schwarz-weis-gemustert-baumwolle-copy-copy\/","title":{"rendered":"Herren Hausmantel lila Samt schwarz-wei\u00df gemustert Baumwolle"},"content":{"rendered":"<p>Der elegante Morgenmantel mit luxuri\u00f6sen goldenen Details und reichhaltigen Texturen bietet eine harmonische Mischung aus Vintage-Stil und modernem Komfort. Die raffinierte Farbpalette aus Lila, Schwarz, Wei\u00df und Gold strahlt zeitlosen Charme aus. Das Design besteht aus pl\u00fcschigem Baumwollsamt in Violett, der mit aufw\u00e4ndigen goldenen Kordelpaspeln akzentuiert ist und so f\u00fcr ein raffiniertes Finish sorgt.  <\/p>\n<p>Ein subtiles, gewebtes Medaillonmuster sorgt f\u00fcr zus\u00e4tzliche Raffinesse &#8211; aus der Ferne wirkt es wie eine weiche graue Melange, doch aus der N\u00e4he lassen sich die komplizierten Details erkennen. Der Morgenmantel ist vollst\u00e4ndig mit reinem Baumwollsatin gef\u00fcttert und sorgt so f\u00fcr W\u00e4rme und Komfort.  Der lange G\u00fcrtel sorgt f\u00fcr einen m\u00fchelos sicheren Sitz, w\u00e4hrend die mittelschwere Konstruktion ein perfektes Gleichgewicht schafft und das ganze Jahr \u00fcber Komfort bietet, der weder zu leicht noch zu schwer ist.<\/p>\n<p>Jedes unserer Designs wird in unserem Hamburger Atelier in stundenlanger Handarbeit auf Bestellung gefertigt. Werten Sie Ihre Loungewear mit den Morgenm\u00e4nteln, Pyjamasets und Accessoires von Baturina Homewear auf, wo zeitlose Eleganz auf au\u00dfergew\u00f6hnlichen Komfort trifft. <\/p>\n<ul>\n<li>Schalkragen<\/li>\n<li>Brusttasche<\/li>\n<li>zwei tiefe Seitentaschen<\/li>\n<li>verstellbare Umschlagmanschetten<\/li>\n<li>bequeme, lockere Passform<\/li>\n<li>diskrete Aufh\u00e4ngeschlaufe auf der R\u00fcckseite<\/li>\n<li>langer G\u00fcrtel<\/li>\n<\/ul>\n<p>Material und Pflege: 100% Baumwolle. Separat waschen, 30\u00b0 C, nicht im Trockner trocknen, bei niedriger Hitze b\u00fcgeln. <\/p>\n","protected":false},"excerpt":{"rendered":"<p>Der elegante Morgenmantel mit luxuri\u00f6sen goldenen Details und reichhaltigen Texturen bietet eine harmonische Mischung aus Vintage-Stil und modernem Komfort. Die<\/p>\n","protected":false},"featured_media":65368,"comment_status":"open","ping_status":"closed","template":"","meta":[],"product_brand":[],"product_cat":[463,491,899],"product_tag":[464,768],"class_list":{"0":"post-65403","1":"product","2":"type-product","3":"status-publish","4":"has-post-thumbnail","6":"product_cat-herren-hausmantel","7":"product_cat-morgenmaentel","8":"product_cat-limited-edition-de","9":"product_tag-custom-size-de","10":"product_tag-monogram-de","11":"product_shipping_class-auf-bestellung","12":"pa_color-purple-de","13":"pa_color-swatch-violett","14":"pa_fabric-content-cotton-de","15":"pa_fabric-weave-type-jacquard-de","16":"pa_fabric-weave-type-samt","17":"pa_fabric-weight-regular-de","18":"pa_pattern-abstrakt","19":"pa_product-type-limited-edition-de","20":"pa_size-2xl-de","21":"pa_size-3xl-de","22":"pa_size-4xl-de","23":"pa_size-5xl-de","24":"pa_size-l-de","25":"pa_size-m-de","26":"pa_size-massanfertigung","27":"pa_size-s-de","28":"pa_size-xl-de","29":"pa_size-xs-de","31":"first","32":"instock","33":"taxable","34":"shipping-taxable","35":"purchasable","36":"product-type-simple"},"_links":{"self":[{"href":"https:\/\/baturina-homewear.com\/de\/wp-json\/wp\/v2\/product\/65403","targetHints":{"allow":["GET"]}}],"collection":[{"href":"https:\/\/baturina-homewear.com\/de\/wp-json\/wp\/v2\/product"}],"about":[{"href":"https:\/\/baturina-homewear.com\/de\/wp-json\/wp\/v2\/types\/product"}],"replies":[{"embeddable":true,"href":"https:\/\/baturina-homewear.com\/de\/wp-json\/wp\/v2\/comments?post=65403"}],"version-history":[{"count":6,"href":"https:\/\/baturina-homewear.com\/de\/wp-json\/wp\/v2\/product\/65403\/revisions"}],"predecessor-version":[{"id":73653,"href":"https:\/\/baturina-homewear.com\/de\/wp-json\/wp\/v2\/product\/65403\/revisions\/73653"}],"wp:featuredmedia":[{"embeddable":true,"href":"https:\/\/baturina-homewear.com\/de\/wp-json\/wp\/v2\/media\/65368"}],"wp:attachment":[{"href":"https:\/\/baturina-homewear.com\/de\/wp-json\/wp\/v2\/media?parent=65403"}],"wp:term":[{"taxonomy":"product_brand","embeddable":true,"href":"https:\/\/baturina-homewear.com\/de\/wp-json\/wp\/v2\/product_brand?post=65403"},{"taxonomy":"product_cat","embeddable":true,"href":"https:\/\/baturina-homewear.com\/de\/wp-json\/wp\/v2\/product_cat?post=65403"},{"taxonomy":"product_tag","embeddable":true,"href":"https:\/\/baturina-homewear.com\/de\/wp-json\/wp\/v2\/product_tag?post=65403"}],"curies":[{"name":"wp","href":"https:\/\/api.w.org\/{rel}","templated":true}]}}