{"id":66328,"date":"2025-02-13T16:48:06","date_gmt":"2025-02-13T15:48:06","guid":{"rendered":"https:\/\/baturina-homewear.com\/product\/hausjacke-rote-blueten\/"},"modified":"2026-03-24T14:19:16","modified_gmt":"2026-03-24T13:19:16","slug":"hausjacke-rote-blueten","status":"publish","type":"product","link":"https:\/\/baturina-homewear.com\/de\/produkt\/hausjacke-rote-blueten\/","title":{"rendered":"Herren Morgenmantel Hausjacke Morgenmantel Floral Brokat Schwarz Satin Karminrot Bl\u00fcte"},"content":{"rendered":"<p>Die Hausjacke Crimson Blossom ist die perfekte Verk\u00f6rperung von raffinierter Eleganz und k\u00fchnem Charme. Gefertigt aus luxuri\u00f6sem, floralem Jacquard-Stoff in einem leuchtenden Rotton, strahlt diese Hausjacke Opulenz und W\u00e4rme aus. Das aufwendige florale Design mit seinen reichen Details wird durch die eleganten schwarzen Satinbes\u00e4tze an Kragen, Manschetten und Taschenbes\u00e4tzen hervorgehoben und macht ihn zu einem auff\u00e4lligen St\u00fcck, das Raffinesse ausstrahlt.  <\/p>\n<p>Diese Hausjacke bietet sowohl Komfort als auch Stil. Die glatte, reiche Textur des Brokatstoffs steht in sch\u00f6nem Kontrast zu den Satin-Akzenten, w\u00e4hrend das warme Futter f\u00fcr einen kuscheligen und bequemen Sitz sorgt. Egal, ob Sie G\u00e4ste empfangen oder den Abend entspannt ausklingen lassen, dieses St\u00fcck verleiht einen Hauch von Vintage-Charme mit einem modernen Touch.  <\/p>\n<p>Die Hausjacke Crimson Blossom ist ideal f\u00fcr alle, die feine Handwerkskunst zu sch\u00e4tzen wissen. Sie ist perfekt f\u00fcr besondere Anl\u00e4sse, bei denen Luxus und Eleganz im Vordergrund stehen. Lassen Sie dieses atemberaubende St\u00fcck zu einem gesch\u00e4tzten Teil Ihrer Loungewear-Kollektion werden, und erleben Sie die au\u00dfergew\u00f6hnliche Qualit\u00e4t und den Stil, den nur Baturina Homewear bieten kann. <\/p>\n<ul>\n<li>Schalkragen<\/li>\n<li>Brusttasche<\/li>\n<li>zwei tiefe Seitentaschen<\/li>\n<li>verstellbare Umschlagmanschetten<\/li>\n<li>bequeme, lockere Passform<\/li>\n<li>diskrete Aufh\u00e4ngeschlaufe auf der R\u00fcckseite<\/li>\n<li>langer G\u00fcrtel<\/li>\n<li>L\u00e4nge des Morgenmantels 85 cm (33 in)<\/li>\n<li>Material und Pflege: \u00c4u\u00dferes: 60% Polyester, 40% Baumwolle. Innen: 100% Baumwolle. Nur professionelle Reinigung.<\/li>\n<\/ul>\n","protected":false},"excerpt":{"rendered":"<p>Die Hausjacke Crimson Blossom ist die perfekte Verk\u00f6rperung von raffinierter Eleganz und k\u00fchnem Charme. Gefertigt aus luxuri\u00f6sem, floralem Jacquard-Stoff in<\/p>\n","protected":false},"featured_media":66325,"comment_status":"open","ping_status":"closed","template":"","meta":[],"product_brand":[],"product_cat":[496,491,1210,899],"product_tag":[464,768],"class_list":{"0":"post-66328","1":"product","2":"type-product","3":"status-publish","4":"has-post-thumbnail","6":"product_cat-herren-hausjacken","7":"product_cat-morgenmaentel","8":"product_cat-herrenzimmer","9":"product_cat-limited-edition-de","10":"product_tag-custom-size-de","11":"product_tag-monogram-de","12":"product_shipping_class-auf-bestellung","13":"pa_color-rot","14":"pa_color-swatch-purpur-rot","15":"pa_fabric-content-cotton-de","16":"pa_fabric-content-polyester-viscose-mix-de","17":"pa_fabric-weave-type-brokat","18":"pa_fabric-weight-lightweight-de","19":"pa_pattern-blumen","20":"pa_product-type-limited-edition-de","21":"pa_size-l-de","22":"pa_size-m-de","23":"pa_size-xl-de","25":"first","26":"instock","27":"taxable","28":"shipping-taxable","29":"purchasable","30":"product-type-simple"},"_links":{"self":[{"href":"https:\/\/baturina-homewear.com\/de\/wp-json\/wp\/v2\/product\/66328","targetHints":{"allow":["GET"]}}],"collection":[{"href":"https:\/\/baturina-homewear.com\/de\/wp-json\/wp\/v2\/product"}],"about":[{"href":"https:\/\/baturina-homewear.com\/de\/wp-json\/wp\/v2\/types\/product"}],"replies":[{"embeddable":true,"href":"https:\/\/baturina-homewear.com\/de\/wp-json\/wp\/v2\/comments?post=66328"}],"version-history":[{"count":6,"href":"https:\/\/baturina-homewear.com\/de\/wp-json\/wp\/v2\/product\/66328\/revisions"}],"predecessor-version":[{"id":80351,"href":"https:\/\/baturina-homewear.com\/de\/wp-json\/wp\/v2\/product\/66328\/revisions\/80351"}],"wp:featuredmedia":[{"embeddable":true,"href":"https:\/\/baturina-homewear.com\/de\/wp-json\/wp\/v2\/media\/66325"}],"wp:attachment":[{"href":"https:\/\/baturina-homewear.com\/de\/wp-json\/wp\/v2\/media?parent=66328"}],"wp:term":[{"taxonomy":"product_brand","embeddable":true,"href":"https:\/\/baturina-homewear.com\/de\/wp-json\/wp\/v2\/product_brand?post=66328"},{"taxonomy":"product_cat","embeddable":true,"href":"https:\/\/baturina-homewear.com\/de\/wp-json\/wp\/v2\/product_cat?post=66328"},{"taxonomy":"product_tag","embeddable":true,"href":"https:\/\/baturina-homewear.com\/de\/wp-json\/wp\/v2\/product_tag?post=66328"}],"curies":[{"name":"wp","href":"https:\/\/api.w.org\/{rel}","templated":true}]}}