{"id":66375,"date":"2025-02-14T09:52:13","date_gmt":"2025-02-14T08:52:13","guid":{"rendered":"https:\/\/baturina-homewear.com\/product\/morgenmantel-mit-frottee-gefuettert-dunkelblau-weinrot-gesteppt-mit-goldenen-paspeln\/"},"modified":"2026-01-02T13:58:36","modified_gmt":"2026-01-02T12:58:36","slug":"morgenmantel-mit-frottee-gefuettert-dunkelblau-weinrot-gesteppt-mit-goldenen-paspeln","status":"publish","type":"product","link":"https:\/\/baturina-homewear.com\/de\/produkt\/morgenmantel-mit-frottee-gefuettert-dunkelblau-weinrot-gesteppt-mit-goldenen-paspeln\/","title":{"rendered":"Herren Hausmantel Dunkelblau Weinrot Paisley gesteppt mit Frottee-Futter"},"content":{"rendered":"<p>Unser mit Frottee gef\u00fctterter Hausmantel ist die perfekte Kombination aus Eleganz und Zweckm\u00e4\u00dfigkeit. Dieser Morgenmantel aus schimmerndem Paisley-Jacquard und handgestepptem Satin strahlt zeitlose Eleganz aus, die durch die goldfarbenen Paspeln, die dem Design einen Hauch von Opulenz verleihen, noch verst\u00e4rkt wird. Ob Sie zu Hause entspannen oder sich auf den Tag vorbereiten, dieser Hausmantel bringt m\u00fchelosen Stil in Ihre Routine.  <\/p>\n<p>Innen ist der Morgenmantel mit pl\u00fcschigem, weichem Frottee gef\u00fcttert, der au\u00dfergew\u00f6hnliche W\u00e4rme, feuchtigkeitsableitende Eigenschaften und unvergleichlichen Komfort bietet. Der Kontrast zwischen dem kuscheligen Inneren und dem luxuri\u00f6sen \u00c4u\u00dferen sorgt f\u00fcr einen Morgenmantel, der sich nicht nur unglaublich gut anf\u00fchlt, sondern auch raffiniert und edel aussieht. <\/p>\n<p>Dieser Hausmantel vereint alles, was Sie in Sachen Loungewear brauchen &#8211; Stil, Funktionalit\u00e4t und Komfort &#8211; und ist ein echtes Muss f\u00fcr Ihren Kleiderschrank. Egal, ob Sie sich selbst verw\u00f6hnen oder das perfekte Geschenk suchen, dieser Morgenmantel verspricht dauerhafte Zufriedenheit und zeitlose Eleganz. <\/p>\n<ul>\n<li>Schalkragen<\/li>\n<li>Brusttasche<\/li>\n<li>zwei tiefe Seitentaschen<\/li>\n<li>verstellbare Umschlagmanschetten<\/li>\n<li>bequeme, lockere Passform<\/li>\n<li>diskrete Aufh\u00e4ngeschlaufe auf der R\u00fcckseite<\/li>\n<li>langer G\u00fcrtel<\/li>\n<\/ul>\n<p>Material und Pflege: \u00c4u\u00dferes: 60% Polyester, 40% Viskose. Innen: 100% Baumwolle. Separat in der Maschine bei 30\u00b0C waschen, nicht im Trockner trocknen, bei niedriger Hitze b\u00fcgeln.<\/p>\n","protected":false},"excerpt":{"rendered":"<p>Unser mit Frottee gef\u00fctterter Hausmantel ist die perfekte Kombination aus Eleganz und Zweckm\u00e4\u00dfigkeit.<\/p>\n","protected":false},"featured_media":76003,"comment_status":"open","ping_status":"closed","template":"","meta":[],"product_brand":[],"product_cat":[491,662,463,979],"product_tag":[464,768],"class_list":{"0":"post-66375","1":"product","2":"type-product","3":"status-publish","4":"has-post-thumbnail","6":"product_cat-morgenmaentel","7":"product_cat-bademantel","8":"product_cat-herren-hausmantel","9":"product_cat-paisley-bademantel","10":"product_tag-custom-size-de","11":"product_tag-monogram-de","12":"product_shipping_class-auf-bestellung","13":"pa_color-rot","14":"pa_color-swatch-weinrot-marineblau","15":"pa_fabric-content-cotton-de","16":"pa_fabric-content-polyester-viscose-mix-de","17":"pa_fabric-weave-type-frottee","18":"pa_fabric-weave-type-jacquard-de","19":"pa_fabric-weight-leicht-warm","20":"pa_pattern-paisley-de","21":"pa_size-2xl-de","22":"pa_size-3xl-de","23":"pa_size-4xl-de","24":"pa_size-5xl-de","25":"pa_size-l-de","26":"pa_size-m-de","27":"pa_size-massanfertigung","28":"pa_size-s-de","29":"pa_size-xl-de","30":"pa_size-xs-de","32":"first","33":"instock","34":"taxable","35":"shipping-taxable","36":"purchasable","37":"product-type-simple"},"_links":{"self":[{"href":"https:\/\/baturina-homewear.com\/de\/wp-json\/wp\/v2\/product\/66375","targetHints":{"allow":["GET"]}}],"collection":[{"href":"https:\/\/baturina-homewear.com\/de\/wp-json\/wp\/v2\/product"}],"about":[{"href":"https:\/\/baturina-homewear.com\/de\/wp-json\/wp\/v2\/types\/product"}],"replies":[{"embeddable":true,"href":"https:\/\/baturina-homewear.com\/de\/wp-json\/wp\/v2\/comments?post=66375"}],"version-history":[{"count":5,"href":"https:\/\/baturina-homewear.com\/de\/wp-json\/wp\/v2\/product\/66375\/revisions"}],"predecessor-version":[{"id":78541,"href":"https:\/\/baturina-homewear.com\/de\/wp-json\/wp\/v2\/product\/66375\/revisions\/78541"}],"wp:featuredmedia":[{"embeddable":true,"href":"https:\/\/baturina-homewear.com\/de\/wp-json\/wp\/v2\/media\/76003"}],"wp:attachment":[{"href":"https:\/\/baturina-homewear.com\/de\/wp-json\/wp\/v2\/media?parent=66375"}],"wp:term":[{"taxonomy":"product_brand","embeddable":true,"href":"https:\/\/baturina-homewear.com\/de\/wp-json\/wp\/v2\/product_brand?post=66375"},{"taxonomy":"product_cat","embeddable":true,"href":"https:\/\/baturina-homewear.com\/de\/wp-json\/wp\/v2\/product_cat?post=66375"},{"taxonomy":"product_tag","embeddable":true,"href":"https:\/\/baturina-homewear.com\/de\/wp-json\/wp\/v2\/product_tag?post=66375"}],"curies":[{"name":"wp","href":"https:\/\/api.w.org\/{rel}","templated":true}]}}