{"id":66407,"date":"2025-01-14T11:10:59","date_gmt":"2025-01-14T10:10:59","guid":{"rendered":"https:\/\/baturina-homewear.com\/product\/morgenmantel-zitronen-baumwolle-mit-kuschel-fleece-futter-fuer-damen\/"},"modified":"2026-03-23T14:19:09","modified_gmt":"2026-03-23T13:19:09","slug":"morgenmantel-zitronen-baumwolle-mit-kuschel-fleece-futter-fuer-damen","status":"publish","type":"product","link":"https:\/\/baturina-homewear.com\/de\/produkt\/morgenmantel-zitronen-baumwolle-mit-kuschel-fleece-futter-fuer-damen\/","title":{"rendered":"Morgenmantel Lemon Cotton Fleece f\u00fcr Damen"},"content":{"rendered":"<p>Bringen Sie mit diesem Morgenmantel mit Zitronenmotiv ein bisschen Sonne in Ihre morgendliche Routine! Der mit Fleece gef\u00fctterte Morgenmantel zeigt ein leuchtend gelbes Design mit frischen Zitronenscheiben, die einen verspielten, lebendigen Touch verleihen. Der weiche und warme Morgenmantel eignet sich ideal f\u00fcr kuschelige Abende und k\u00fchle Morgenstunden und bietet mit seiner pl\u00fcschigen Fleece-Innenseite ultimativen Komfort. Der Schalkragen, der G\u00fcrtel zum Binden und die gro\u00dfz\u00fcgigen Taschen auf der Vorderseite machen ihn ebenso funktional wie witzig.   <\/p>\n<ul>\n<li>weich und pl\u00fcschig<\/li>\n<li>sehr warm<\/li>\n<li>Schalkragen<\/li>\n<li>Brusttasche<\/li>\n<li>zwei tiefe Seitentaschen<\/li>\n<li>bequeme, lockere Passform<\/li>\n<li>diskrete Aufh\u00e4ngeschlaufe auf der R\u00fcckseite<\/li>\n<li>langer G\u00fcrtel<\/li>\n<li>Anti-Pilling-Vlies<\/li>\n<li>L\u00e4nge des Morgenmantels 125 cm (49 in)<\/li>\n<li>Material und Pflege: 100% Polyester. Maschinenw\u00e4sche bei 30\u00b0C, nicht im Trockner trocknen, bei niedriger Hitze b\u00fcgeln. <\/li>\n<\/ul>\n","protected":false},"excerpt":{"rendered":"<p>Bringen Sie mit diesem Morgenmantel mit Zitronenmotiv ein bisschen Sonne in Ihre morgendliche Routine! Der mit Fleece gef\u00fctterte Morgenmantel zeigt<\/p>\n","protected":false},"featured_media":66403,"comment_status":"open","ping_status":"closed","template":"","meta":[],"product_brand":[],"product_cat":[1202,728],"product_tag":[],"class_list":{"0":"post-66407","1":"product","2":"type-product","3":"status-publish","4":"has-post-thumbnail","6":"product_cat-lagerverkauf-fuer-sie","7":"product_cat-damen-morgenmantel","8":"product_shipping_class-kleine-box","9":"pa_color-gold-de","10":"pa_fabric-content-cotton-de","11":"pa_fabric-content-polyester-viscose-mix-de","12":"pa_fabric-weave-type-einfach","13":"pa_fabric-weave-type-fleece-de","14":"pa_fabric-weight-leicht-warm","15":"pa_pattern-verspielt","16":"pa_product-type-limited-edition-de","17":"pa_size-2xl-de","18":"pa_size-l-de","19":"pa_size-m-de","20":"pa_size-massanfertigung","21":"pa_size-s-de","22":"pa_size-xl-de","23":"pa_size-xs-de","25":"first","26":"instock","27":"taxable","28":"shipping-taxable","29":"purchasable","30":"product-type-variable","31":"has-default-attributes"},"_links":{"self":[{"href":"https:\/\/baturina-homewear.com\/de\/wp-json\/wp\/v2\/product\/66407","targetHints":{"allow":["GET"]}}],"collection":[{"href":"https:\/\/baturina-homewear.com\/de\/wp-json\/wp\/v2\/product"}],"about":[{"href":"https:\/\/baturina-homewear.com\/de\/wp-json\/wp\/v2\/types\/product"}],"replies":[{"embeddable":true,"href":"https:\/\/baturina-homewear.com\/de\/wp-json\/wp\/v2\/comments?post=66407"}],"version-history":[{"count":4,"href":"https:\/\/baturina-homewear.com\/de\/wp-json\/wp\/v2\/product\/66407\/revisions"}],"predecessor-version":[{"id":73542,"href":"https:\/\/baturina-homewear.com\/de\/wp-json\/wp\/v2\/product\/66407\/revisions\/73542"}],"wp:featuredmedia":[{"embeddable":true,"href":"https:\/\/baturina-homewear.com\/de\/wp-json\/wp\/v2\/media\/66403"}],"wp:attachment":[{"href":"https:\/\/baturina-homewear.com\/de\/wp-json\/wp\/v2\/media?parent=66407"}],"wp:term":[{"taxonomy":"product_brand","embeddable":true,"href":"https:\/\/baturina-homewear.com\/de\/wp-json\/wp\/v2\/product_brand?post=66407"},{"taxonomy":"product_cat","embeddable":true,"href":"https:\/\/baturina-homewear.com\/de\/wp-json\/wp\/v2\/product_cat?post=66407"},{"taxonomy":"product_tag","embeddable":true,"href":"https:\/\/baturina-homewear.com\/de\/wp-json\/wp\/v2\/product_tag?post=66407"}],"curies":[{"name":"wp","href":"https:\/\/api.w.org\/{rel}","templated":true}]}}