{"id":66512,"date":"2025-02-21T13:18:28","date_gmt":"2025-02-21T12:18:28","guid":{"rendered":"https:\/\/baturina-homewear.com\/product\/smoking-cap-gold-paisley\/"},"modified":"2026-03-17T12:53:15","modified_gmt":"2026-03-17T11:53:15","slug":"smoking-cap-gold-paisley","status":"publish","type":"product","link":"https:\/\/baturina-homewear.com\/de\/produkt\/smoking-cap-gold-paisley\/","title":{"rendered":"Smoking Cap Gold Paisley"},"content":{"rendered":"<p>Erh\u00f6hen Sie Ihre entspannende Kleidung mit unserer luxuri\u00f6sen, historisch inspirierten Smoking Cap, die aus exquisitem Paisley-Jacquard gefertigt ist. Dieses besondere St\u00fcck ist eine Hommage an die Eleganz des 19. Jahrhunderts und bietet gleichzeitig einen modernen Hauch von Raffinesse. Der aufwendige Stoff mit dem eleganten Paisley-Design sorgt f\u00fcr eine reiche und zeitlose \u00c4sthetik. Die mit einer Quaste versehene M\u00fctze ist eine perfekte Erg\u00e4nzung zu unseren Morgenm\u00e4nteln oder ein eigenst\u00e4ndiges Accessoire. Die mit Sorgfalt handgefertigte M\u00fctze ist eine stilvolle Hommage an die Tradition und ein durchdachtes Geschenk f\u00fcr alle, die zeitlosen Luxus zu sch\u00e4tzen wissen.    <\/p>\n<p>Das passende Set aus Hausmantel und Pyjama ist im Shop erh\u00e4ltlich.<\/p>\n<ul>\n<li>vollst\u00e4ndig mit Satin gef\u00fcttert<\/li>\n<li>mit Quasten<\/li>\n<li>H\u00f6he der Kappe: 10 cm<\/li>\n<li>Material und Pflege: 60% Polyester, 40% Viskose. Professionelle Reinigung.<\/li>\n<\/ul>\n","protected":false},"excerpt":{"rendered":"<p>Erh\u00f6hen Sie Ihre entspannende Kleidung mit unserer luxuri\u00f6sen, historisch inspirierten Smoking Cap, die aus exquisitem Paisley-Jacquard gefertigt ist. Dieses besondere<\/p>\n","protected":false},"featured_media":66507,"comment_status":"closed","ping_status":"closed","template":"","meta":[],"product_brand":[],"product_cat":[555,490],"product_tag":[],"class_list":{"0":"post-66512","1":"product","2":"type-product","3":"status-publish","4":"has-post-thumbnail","6":"product_cat-accessoires","7":"product_cat-smoking-caps-de","8":"product_shipping_class-small-de","9":"pa_fabric-content-polyester-viscose-mix-de","10":"pa_fabric-weave-type-jacquard-de","11":"pa_pattern-paisley-de","13":"first","14":"instock","15":"taxable","16":"shipping-taxable","17":"purchasable","18":"product-type-variable"},"_links":{"self":[{"href":"https:\/\/baturina-homewear.com\/de\/wp-json\/wp\/v2\/product\/66512","targetHints":{"allow":["GET"]}}],"collection":[{"href":"https:\/\/baturina-homewear.com\/de\/wp-json\/wp\/v2\/product"}],"about":[{"href":"https:\/\/baturina-homewear.com\/de\/wp-json\/wp\/v2\/types\/product"}],"replies":[{"embeddable":true,"href":"https:\/\/baturina-homewear.com\/de\/wp-json\/wp\/v2\/comments?post=66512"}],"version-history":[{"count":3,"href":"https:\/\/baturina-homewear.com\/de\/wp-json\/wp\/v2\/product\/66512\/revisions"}],"predecessor-version":[{"id":73277,"href":"https:\/\/baturina-homewear.com\/de\/wp-json\/wp\/v2\/product\/66512\/revisions\/73277"}],"wp:featuredmedia":[{"embeddable":true,"href":"https:\/\/baturina-homewear.com\/de\/wp-json\/wp\/v2\/media\/66507"}],"wp:attachment":[{"href":"https:\/\/baturina-homewear.com\/de\/wp-json\/wp\/v2\/media?parent=66512"}],"wp:term":[{"taxonomy":"product_brand","embeddable":true,"href":"https:\/\/baturina-homewear.com\/de\/wp-json\/wp\/v2\/product_brand?post=66512"},{"taxonomy":"product_cat","embeddable":true,"href":"https:\/\/baturina-homewear.com\/de\/wp-json\/wp\/v2\/product_cat?post=66512"},{"taxonomy":"product_tag","embeddable":true,"href":"https:\/\/baturina-homewear.com\/de\/wp-json\/wp\/v2\/product_tag?post=66512"}],"curies":[{"name":"wp","href":"https:\/\/api.w.org\/{rel}","templated":true}]}}