{"id":66610,"date":"2025-02-26T17:35:48","date_gmt":"2025-02-26T16:35:48","guid":{"rendered":"https:\/\/baturina-homewear.com\/product\/the-hefner-smoking-jacket-weinrot-schwarz\/"},"modified":"2026-03-24T14:19:25","modified_gmt":"2026-03-24T13:19:25","slug":"the-hefner-smoking-jacket-weinrot-schwarz","status":"publish","type":"product","link":"https:\/\/baturina-homewear.com\/de\/produkt\/the-hefner-smoking-jacket-weinrot-schwarz\/","title":{"rendered":"Herren Hausjacke &#8222;Hugh Hefner&#8220; Baumwolle und Satin"},"content":{"rendered":"<p>Mit unserer von Hugh Hefner inspirierten Hausjacke bringen wir den legend\u00e4ren Charme und die Raffinesse des klassischen Stils in Ihre Garderobe. Diese Jacke ist aus glatter, gewebter Baumwolle gefertigt und verf\u00fcgt \u00fcber glatten schwarzen Satin aus reiner Baumwolle f\u00fcr Revers und Bes\u00e4tze, w\u00e4hrend das weiche Futter aus Satin im Inneren f\u00fcr zus\u00e4tzlichen Luxus und Komfort sorgt. Der tiefe Weinrot-Farbton und die Satin-Akzente an Kragen, Manschetten und Taschenbes\u00e4tzen sorgen f\u00fcr einen eleganten, raffinierten Look, der sowohl zeitlos als auch modisch ist. <\/p>\n<p>Diese Jacke ist ideal f\u00fcr Kost\u00fcmpartys und wird mit Sicherheit die Blicke auf sich ziehen und ein Statement abgeben. Aber sie ist nicht nur ein Kost\u00fcmteil &#8211; diese Hausjacke ist auf Langlebigkeit und Komfort ausgelegt. Der Morgenmantel ist aus hochwertigen Materialien gefertigt und wird Sie viele Jahre lang mit W\u00e4rme und Stil erfreuen.   Ob Sie eine Abendveranstaltung ausrichten oder stilvoll entspannen, dieser Morgenmantel bietet die perfekte Kombination aus Eleganz und Zweckm\u00e4\u00dfigkeit.<\/p>\n<p>Diese Jacke ist au\u00dferdem sehr leicht und eignet sich daher perfekt f\u00fcr die ganze Nacht oder zum \u00dcberziehen \u00fcber einen Kapuzenpulli oder einen Pullover f\u00fcr zus\u00e4tzliche W\u00e4rme und Flair. Die L\u00e4nge ist vollst\u00e4ndig anpassbar, von kurz bis lang, so dass die Jacke perfekt zu Ihrem pers\u00f6nlichen Stil passt. Au\u00dferdem bieten wir Ihnen eine kostenlose Monogramm-Stickerei, mit der Sie Ihrer Jacke eine einzigartige Note verleihen und sie zu Ihrer ganz pers\u00f6nlichen Jacke machen k\u00f6nnen. Eine zeitlose Erg\u00e4nzung f\u00fcr Ihre Garderobe, die klassische Raffinesse mit dauerhaftem Komfort verbindet.   <\/p>\n<ul>\n<li>Schalkragen<\/li>\n<li>Brusttasche<\/li>\n<li>zwei tiefe Seitentaschen<\/li>\n<li>verstellbare Umschlagmanschetten<\/li>\n<li>bequeme, lockere Passform<\/li>\n<li>diskrete Aufh\u00e4ngeschlaufe auf der R\u00fcckseite<\/li>\n<li>langer G\u00fcrtel<\/li>\n<li>Material und Pflege: Au\u00dfenseite: 100% Baumwolle. Innen: 60% Polyester, 40% Viskose.  Maschinenw\u00e4sche bei 30\u00b0C, separat waschen, nicht im Trockner trocknen.<\/li>\n<\/ul>\n","protected":false},"excerpt":{"rendered":"<p>Mit unserer von Hugh Hefner inspirierten Hausjacke bringen wir den legend\u00e4ren Charme und die Raffinesse des klassischen Stils in Ihre Garderobe.<\/p>\n","protected":false},"featured_media":66594,"comment_status":"closed","ping_status":"closed","template":"","meta":[],"product_brand":[],"product_cat":[491,496,1210],"product_tag":[464,768],"class_list":{"0":"post-66610","1":"product","2":"type-product","3":"status-publish","4":"has-post-thumbnail","6":"product_cat-morgenmaentel","7":"product_cat-herren-hausjacken","8":"product_cat-herrenzimmer","9":"product_tag-custom-size-de","10":"product_tag-monogram-de","11":"product_shipping_class-auf-bestellung","12":"pa_color-rot","13":"pa_color-swatch-weinrot","14":"pa_fabric-content-cotton-de","15":"pa_fabric-content-polyester-viscose-mix-de","16":"pa_fabric-weave-type-einfach","17":"pa_fabric-weave-type-satin-de","18":"pa_fabric-weight-lightweight-de","19":"pa_size-2xl-de","20":"pa_size-3xl-de","21":"pa_size-4xl-de","22":"pa_size-5xl-de","23":"pa_size-l-de","24":"pa_size-m-de","25":"pa_size-massanfertigung","26":"pa_size-s-de","27":"pa_size-xl-de","28":"pa_size-xs-de","30":"first","31":"instock","32":"taxable","33":"shipping-taxable","34":"purchasable","35":"product-type-simple"},"_links":{"self":[{"href":"https:\/\/baturina-homewear.com\/de\/wp-json\/wp\/v2\/product\/66610","targetHints":{"allow":["GET"]}}],"collection":[{"href":"https:\/\/baturina-homewear.com\/de\/wp-json\/wp\/v2\/product"}],"about":[{"href":"https:\/\/baturina-homewear.com\/de\/wp-json\/wp\/v2\/types\/product"}],"replies":[{"embeddable":true,"href":"https:\/\/baturina-homewear.com\/de\/wp-json\/wp\/v2\/comments?post=66610"}],"version-history":[{"count":7,"href":"https:\/\/baturina-homewear.com\/de\/wp-json\/wp\/v2\/product\/66610\/revisions"}],"predecessor-version":[{"id":76553,"href":"https:\/\/baturina-homewear.com\/de\/wp-json\/wp\/v2\/product\/66610\/revisions\/76553"}],"wp:featuredmedia":[{"embeddable":true,"href":"https:\/\/baturina-homewear.com\/de\/wp-json\/wp\/v2\/media\/66594"}],"wp:attachment":[{"href":"https:\/\/baturina-homewear.com\/de\/wp-json\/wp\/v2\/media?parent=66610"}],"wp:term":[{"taxonomy":"product_brand","embeddable":true,"href":"https:\/\/baturina-homewear.com\/de\/wp-json\/wp\/v2\/product_brand?post=66610"},{"taxonomy":"product_cat","embeddable":true,"href":"https:\/\/baturina-homewear.com\/de\/wp-json\/wp\/v2\/product_cat?post=66610"},{"taxonomy":"product_tag","embeddable":true,"href":"https:\/\/baturina-homewear.com\/de\/wp-json\/wp\/v2\/product_tag?post=66610"}],"curies":[{"name":"wp","href":"https:\/\/api.w.org\/{rel}","templated":true}]}}