{"id":66632,"date":"2025-03-18T18:52:20","date_gmt":"2025-03-18T17:52:20","guid":{"rendered":"https:\/\/baturina-homewear.com\/product\/goldenflare-jacquard-hausmantel\/"},"modified":"2025-08-20T11:44:08","modified_gmt":"2025-08-20T09:44:08","slug":"goldenflare-jacquard-hausmantel","status":"publish","type":"product","link":"https:\/\/baturina-homewear.com\/de\/produkt\/goldenflare-jacquard-hausmantel\/","title":{"rendered":"Herren Hausmantel Rot-Orange Jacquard mit Dunkelblauem Frottee-Futter"},"content":{"rendered":"<p>Dieser Hausmantel ist eine atemberaubende Mischung aus sattem, tiefem Rot und verbranntem Orange, die die W\u00e4rme herbstlicher Farben mit der Eleganz Vintage-inspirierten Designs verbindet. Der Morgenmantel ist aus luxuri\u00f6sem Jacquard-Stoff gefertigt und mit einem aufwendigen Barockmuster versehen, das ein zeitloses Gef\u00fchl von Noblesse hervorruft. Der lebhafte Kontrast zwischen dem feurigen Orange und dem tiefen Weinrot verleiht dem Morgenmantel einen raffinierten und doch k\u00fchnen Charakter, w\u00e4hrend das luxuri\u00f6se Futter aus Frottee im Inneren daf\u00fcr sorgt, dass Sie warm und kuschelig bleiben.  <\/p>\n<p>Dieser Morgenmantel ist perfekt f\u00fcr alle, die handwerkliche Qualit\u00e4t zu sch\u00e4tzen wissen, denn er verk\u00f6rpert sowohl Komfort als auch Stil. Das weiche Futter aus Frottee ist perfekt f\u00fcr k\u00fchle Morgen und entspannte Abende, w\u00e4hrend die elegante Jacquard-Au\u00dfenseite einen raffinierten Look bietet, der sich f\u00fcr jeden Moment der Freizeit und Eleganz eignet. Die goldfarbenen Paspeln verleihen diesem auff\u00e4lligen Kleidungsst\u00fcck einen letzten Hauch von Raffinesse.  <\/p>\n<p>Ob Sie zu Hause einen ruhigen Moment genie\u00dfen oder G\u00e4ste in einem eleganten Ambiente empfangen, dieser Morgenmantel hebt Ihre Loungewear auf eine neue Ebene der Eleganz. Jeder Morgenmantel wird in sorgf\u00e4ltiger Handarbeit auf Bestellung gefertigt, damit Ihre Investition in dieses zeitlose St\u00fcck \u00fcber Jahre hinweg Bestand hat. <\/p>\n<ul>\n<li>Schalkragen<\/li>\n<li>Brusttasche<\/li>\n<li>zwei tiefe Seitentaschen<\/li>\n<li>verstellbare Umschlagmanschetten<\/li>\n<li>bequeme, lockere Passform<\/li>\n<li>diskrete Aufh\u00e4ngeschlaufe auf der R\u00fcckseite<\/li>\n<li>langer G\u00fcrtel<\/li>\n<li>Material und Pflege: 100% Baumwolle. Separat in der Maschine bei 30\u00b0C waschen, nicht im Trockner trocknen, bei niedriger Hitze b\u00fcgeln. <\/li>\n<\/ul>\n","protected":false},"excerpt":{"rendered":"<p>Dieser Hausmantel ist eine atemberaubende Mischung aus sattem, tiefem Rot und verbranntem Orange, die die W\u00e4rme herbstlicher Farben mit der Eleganz Vintage-inspirierten Designs verbindet.<\/p>\n","protected":false},"featured_media":66628,"comment_status":"closed","ping_status":"closed","template":"","meta":[],"product_brand":[],"product_cat":[491,662,463,899],"product_tag":[464,768],"class_list":{"0":"post-66632","1":"product","2":"type-product","3":"status-publish","4":"has-post-thumbnail","6":"product_cat-morgenmaentel","7":"product_cat-bademantel","8":"product_cat-herren-hausmantel","9":"product_cat-limited-edition-de","10":"product_tag-custom-size-de","11":"product_tag-monogram-de","12":"product_shipping_class-auf-bestellung","13":"pa_color-rot","14":"pa_color-swatch-weinrot","15":"pa_fabric-content-cotton-de","16":"pa_fabric-weave-type-frottee","17":"pa_fabric-weave-type-jacquard-de","18":"pa_fabric-weight-leicht-warm","19":"pa_pattern-blumen","20":"pa_product-type-limited-edition-de","21":"pa_size-2xl-de","22":"pa_size-3xl-de","23":"pa_size-4xl-de","24":"pa_size-5xl-de","25":"pa_size-l-de","26":"pa_size-m-de","27":"pa_size-massanfertigung","28":"pa_size-s-de","29":"pa_size-xl-de","30":"pa_size-xs-de","32":"first","33":"instock","34":"taxable","35":"shipping-taxable","36":"purchasable","37":"product-type-simple"},"_links":{"self":[{"href":"https:\/\/baturina-homewear.com\/de\/wp-json\/wp\/v2\/product\/66632","targetHints":{"allow":["GET"]}}],"collection":[{"href":"https:\/\/baturina-homewear.com\/de\/wp-json\/wp\/v2\/product"}],"about":[{"href":"https:\/\/baturina-homewear.com\/de\/wp-json\/wp\/v2\/types\/product"}],"replies":[{"embeddable":true,"href":"https:\/\/baturina-homewear.com\/de\/wp-json\/wp\/v2\/comments?post=66632"}],"version-history":[{"count":3,"href":"https:\/\/baturina-homewear.com\/de\/wp-json\/wp\/v2\/product\/66632\/revisions"}],"predecessor-version":[{"id":75107,"href":"https:\/\/baturina-homewear.com\/de\/wp-json\/wp\/v2\/product\/66632\/revisions\/75107"}],"wp:featuredmedia":[{"embeddable":true,"href":"https:\/\/baturina-homewear.com\/de\/wp-json\/wp\/v2\/media\/66628"}],"wp:attachment":[{"href":"https:\/\/baturina-homewear.com\/de\/wp-json\/wp\/v2\/media?parent=66632"}],"wp:term":[{"taxonomy":"product_brand","embeddable":true,"href":"https:\/\/baturina-homewear.com\/de\/wp-json\/wp\/v2\/product_brand?post=66632"},{"taxonomy":"product_cat","embeddable":true,"href":"https:\/\/baturina-homewear.com\/de\/wp-json\/wp\/v2\/product_cat?post=66632"},{"taxonomy":"product_tag","embeddable":true,"href":"https:\/\/baturina-homewear.com\/de\/wp-json\/wp\/v2\/product_tag?post=66632"}],"curies":[{"name":"wp","href":"https:\/\/api.w.org\/{rel}","templated":true}]}}