{"id":67244,"date":"2025-03-12T14:41:39","date_gmt":"2025-03-12T13:41:39","guid":{"rendered":"https:\/\/baturina-homewear.com\/product\/herren-hausmantel-weinrot-baumwolle-gesteppter-satin-mit-gestreiftem-kordelpaspel-futter-aus-fleece\/"},"modified":"2025-09-25T15:30:56","modified_gmt":"2025-09-25T13:30:56","slug":"herren-hausmantel-weinrot-baumwolle-gesteppter-satin-mit-gestreiftem-kordelpaspel-futter-aus-fleece","status":"publish","type":"product","link":"https:\/\/baturina-homewear.com\/de\/produkt\/herren-hausmantel-weinrot-baumwolle-gesteppter-satin-mit-gestreiftem-kordelpaspel-futter-aus-fleece\/","title":{"rendered":"Herren Hausmantel Weinrot Baumwolle, gesteppter Satin mit gestreiftem Kordelpaspel, Futter aus Fleece"},"content":{"rendered":"<p>Warmer und stilvoller Morgenmantel in Schwarz und Weinrot. Mit einem feinen handgesteppten Saum, verziert mit einem gold-schwarz gestreiften Kordelpaspel. Der Morgenmantel ist aus glattem Baumwollstoff gefertigt. Schlie\u00dfen Sie ihn einfach l\u00e4ssig mit dem langen G\u00fcrtel. Er ist komplett mit w\u00e4rmendem und weichem Fleece gef\u00fcttert, was ihn garantiert zu Ihrem kuscheligen Lieblingsst\u00fcck macht. Wenn Sie einen warmen Morgenmantel f\u00fcr k\u00fchle Temperaturen suchen, ist dieser perfekt. Er hat ein angenehmes Gewicht, ist aber weder zu leicht, noch zu schwer. Genie\u00dfen Sie Komfort und Stil in unseren Herren Morgenm\u00e4nteln, Pyjama-Sets und Accessoires, hergestellt in Hamburg, Deutschland.       <\/p>\n<ul>\n<li>Schalkragen<\/li>\n<li>Brusttasche<\/li>\n<li>zwei tiefe Seitentaschen<\/li>\n<li>verstellbare Umschlagmanschetten<\/li>\n<li>bequeme, lockere Passform<\/li>\n<li>diskrete Aufh\u00e4ngeschlaufe auf der R\u00fcckseite<\/li>\n<li>langer G\u00fcrtel<\/li>\n<li>Gewicht eines Morgenmantels der Gr\u00f6\u00dfe M: 2 kg (4 lbs)<\/li>\n<li>Futter aus Antipilling-Fleece<\/li>\n<\/ul>\n<p>Material und Pflege: \u00c4u\u00dferes: 60% Baumwolle, 40% Polyester. Innen: 100% Polyester. Maschinenw\u00e4sche bei 30\u00b0C, nicht im Trockner trocknen, bei niedriger Hitze b\u00fcgeln.<\/p>\n","protected":false},"excerpt":{"rendered":"<p>Warmer und stilvoller Morgenmantel in Schwarz und Weinrot. Mit einem feinen handgesteppten Saum, verziert mit einem gold-schwarz gestreiften Kordelpaspel. Der<\/p>\n","protected":false},"featured_media":50071,"comment_status":"closed","ping_status":"closed","template":"","meta":[],"product_brand":[],"product_cat":[491,463,994],"product_tag":[464,768],"class_list":{"0":"post-67244","1":"product","2":"type-product","3":"status-publish","4":"has-post-thumbnail","6":"product_cat-morgenmaentel","7":"product_cat-herren-hausmantel","8":"product_cat-warme-mantel","9":"product_tag-custom-size-de","10":"product_tag-monogram-de","11":"product_shipping_class-auf-bestellung","12":"pa_color-rot","13":"pa_color-swatch-weinrot-schwarz","14":"pa_fabric-weight-leicht-warm","15":"pa_size-2xl-de","16":"pa_size-3xl-de","17":"pa_size-4xl-de","18":"pa_size-5xl-de","19":"pa_size-l-de","20":"pa_size-m-de","21":"pa_size-massanfertigung","22":"pa_size-s-de","23":"pa_size-xl-de","24":"pa_size-xs-de","26":"first","27":"instock","28":"taxable","29":"shipping-taxable","30":"purchasable","31":"product-type-simple"},"_links":{"self":[{"href":"https:\/\/baturina-homewear.com\/de\/wp-json\/wp\/v2\/product\/67244","targetHints":{"allow":["GET"]}}],"collection":[{"href":"https:\/\/baturina-homewear.com\/de\/wp-json\/wp\/v2\/product"}],"about":[{"href":"https:\/\/baturina-homewear.com\/de\/wp-json\/wp\/v2\/types\/product"}],"replies":[{"embeddable":true,"href":"https:\/\/baturina-homewear.com\/de\/wp-json\/wp\/v2\/comments?post=67244"}],"version-history":[{"count":2,"href":"https:\/\/baturina-homewear.com\/de\/wp-json\/wp\/v2\/product\/67244\/revisions"}],"predecessor-version":[{"id":73530,"href":"https:\/\/baturina-homewear.com\/de\/wp-json\/wp\/v2\/product\/67244\/revisions\/73530"}],"wp:featuredmedia":[{"embeddable":true,"href":"https:\/\/baturina-homewear.com\/de\/wp-json\/wp\/v2\/media\/50071"}],"wp:attachment":[{"href":"https:\/\/baturina-homewear.com\/de\/wp-json\/wp\/v2\/media?parent=67244"}],"wp:term":[{"taxonomy":"product_brand","embeddable":true,"href":"https:\/\/baturina-homewear.com\/de\/wp-json\/wp\/v2\/product_brand?post=67244"},{"taxonomy":"product_cat","embeddable":true,"href":"https:\/\/baturina-homewear.com\/de\/wp-json\/wp\/v2\/product_cat?post=67244"},{"taxonomy":"product_tag","embeddable":true,"href":"https:\/\/baturina-homewear.com\/de\/wp-json\/wp\/v2\/product_tag?post=67244"}],"curies":[{"name":"wp","href":"https:\/\/api.w.org\/{rel}","templated":true}]}}