{"id":67465,"date":"2025-01-17T16:51:28","date_gmt":"2025-01-17T15:51:28","guid":{"rendered":"https:\/\/baturina-homewear.com\/product\/morgenmantel-mit-leopardenmuster-fuer-damen-aus-reiner-baumwolle-und-burgunderfarbenem-samt\/"},"modified":"2025-12-03T15:36:25","modified_gmt":"2025-12-03T14:36:25","slug":"morgenmantel-mit-leopardenmuster-fuer-damen-aus-reiner-baumwolle-und-burgunderfarbenem-samt","status":"publish","type":"product","link":"https:\/\/baturina-homewear.com\/de\/produkt\/morgenmantel-mit-leopardenmuster-fuer-damen-aus-reiner-baumwolle-und-burgunderfarbenem-samt\/","title":{"rendered":"Morgenmantel mit Leopardenmuster f\u00fcr Damen Reine Baumwolle, Weinrot, Samt"},"content":{"rendered":"<p>Es gibt mehrere Gr\u00fcnde, warum Sie einen Hausmantel in Betracht ziehen sollten: Komfort, Bequemlichkeit, Privatsph\u00e4re und Stil. Dieser luxuri\u00f6se Hausmantel mit Leopardenmuster ist aus reiner Baumwolle gefertigt. Kragen, Manschetten und Taschendetails sind aus pl\u00fcschigem Samt gefertigt. Innen ist er sehr weich, denn er ist vollst\u00e4ndig mit geschmeidigem Baumwollsatin gef\u00fcttert. Er wird einfach mit dem langen G\u00fcrtel geschlossen. Ein zeitlos eleganter Hausmantel, der viele Jahre lang halten wird.     <\/p>\n<ul>\n<li>zwei tiefe Seitentaschen<\/li>\n<li>Brusttasche<\/li>\n<li>verstellbarer langer G\u00fcrtel<\/li>\n<li>lange \u00c4rmel<\/li>\n<li>diskrete Aufh\u00e4ngeschlaufe auf der R\u00fcckseite<\/li>\n<li>verstellbare Umschlagmanschetten<\/li>\n<li>bequeme, lockere Passform<\/li>\n<li>G\u00fcrtel mit Quasten<\/li>\n<li>der Morgenmantel ist auf den Fotos 145 cm lang (ca. 57 in)<\/li>\n<li>Material und Pflege: 100% Baumwolle. Separat waschen, 30\u00b0 C, nicht im Trockner trocknen, bei niedriger Hitze b\u00fcgeln. <\/li>\n<\/ul>\n","protected":false},"excerpt":{"rendered":"<p>Es gibt mehrere Gr\u00fcnde, warum Sie einen Hausmantel in Betracht ziehen sollten: Komfort, Bequemlichkeit, Privatsph\u00e4re und Stil. Dieser luxuri\u00f6se Hausmantel<\/p>\n","protected":false},"featured_media":67454,"comment_status":"closed","ping_status":"closed","template":"","meta":[],"product_brand":[],"product_cat":[728,759],"product_tag":[731,768],"class_list":{"0":"post-67465","1":"product","2":"type-product","3":"status-publish","4":"has-post-thumbnail","6":"product_cat-damen-morgenmantel","7":"product_cat-damen-hausmantel","8":"product_tag-custom-size-damen","9":"product_tag-monogram-de","10":"product_shipping_class-auf-bestellung","11":"pa_color-rot","12":"pa_color-swatch-weinrot","13":"pa_fabric-content-cotton-de","14":"pa_fabric-weight-leicht-warm","15":"pa_pattern-animal-de","16":"pa_size-2xl-de","17":"pa_size-l-de","18":"pa_size-m-de","19":"pa_size-massanfertigung","20":"pa_size-s-de","21":"pa_size-xl-de","22":"pa_size-xs-de","24":"first","25":"outofstock","26":"taxable","27":"shipping-taxable","28":"purchasable","29":"product-type-simple"},"_links":{"self":[{"href":"https:\/\/baturina-homewear.com\/de\/wp-json\/wp\/v2\/product\/67465","targetHints":{"allow":["GET"]}}],"collection":[{"href":"https:\/\/baturina-homewear.com\/de\/wp-json\/wp\/v2\/product"}],"about":[{"href":"https:\/\/baturina-homewear.com\/de\/wp-json\/wp\/v2\/types\/product"}],"replies":[{"embeddable":true,"href":"https:\/\/baturina-homewear.com\/de\/wp-json\/wp\/v2\/comments?post=67465"}],"version-history":[{"count":3,"href":"https:\/\/baturina-homewear.com\/de\/wp-json\/wp\/v2\/product\/67465\/revisions"}],"predecessor-version":[{"id":78275,"href":"https:\/\/baturina-homewear.com\/de\/wp-json\/wp\/v2\/product\/67465\/revisions\/78275"}],"wp:featuredmedia":[{"embeddable":true,"href":"https:\/\/baturina-homewear.com\/de\/wp-json\/wp\/v2\/media\/67454"}],"wp:attachment":[{"href":"https:\/\/baturina-homewear.com\/de\/wp-json\/wp\/v2\/media?parent=67465"}],"wp:term":[{"taxonomy":"product_brand","embeddable":true,"href":"https:\/\/baturina-homewear.com\/de\/wp-json\/wp\/v2\/product_brand?post=67465"},{"taxonomy":"product_cat","embeddable":true,"href":"https:\/\/baturina-homewear.com\/de\/wp-json\/wp\/v2\/product_cat?post=67465"},{"taxonomy":"product_tag","embeddable":true,"href":"https:\/\/baturina-homewear.com\/de\/wp-json\/wp\/v2\/product_tag?post=67465"}],"curies":[{"name":"wp","href":"https:\/\/api.w.org\/{rel}","templated":true}]}}