{"id":67500,"date":"2025-03-19T16:43:48","date_gmt":"2025-03-19T15:43:48","guid":{"rendered":"https:\/\/baturina-homewear.com\/product\/floral-elegance-morgenmantel-aus-jacquard-in-bordeaux-oliv-und-gold\/"},"modified":"2026-01-30T19:36:01","modified_gmt":"2026-01-30T18:36:01","slug":"floral-elegance-morgenmantel-aus-jacquard-in-bordeaux-oliv-und-gold","status":"publish","type":"product","link":"https:\/\/baturina-homewear.com\/de\/produkt\/floral-elegance-morgenmantel-aus-jacquard-in-bordeaux-oliv-und-gold\/","title":{"rendered":"Herren Hausmantel Floral Elegance Jacquard Dark Burgundy Velvet"},"content":{"rendered":"<p>Der Morgenmantel Floral Elegance aus Jacquard und Samt in dunklem Weinrot, Olivgr\u00fcn und Gold ist mit seinem wundersch\u00f6n gewebten floralen Muster ein wahres Kunstwerk. Das verschlungene Chrysanthemenmuster in Orange-, Violett- und Goldt\u00f6nen auf dunkelolivgr\u00fcnem Grund ist gleicherma\u00dfen exotisch und elegant. Es hat Details aus pl\u00fcschigem, weinrotem Samt, der mit gold- und schwarzgestreiften Kordelpaspeln verziert ist. Das Futter ist vollst\u00e4ndig mit reiner schwarzer Baumwolle gef\u00fcttert und w\u00e4rmt so zus\u00e4tzlich.   <\/p>\n<p>Limited Edition &#8211; es werden nur 15 Morgenm\u00e4ntel hergestellt. Seien Sie einer der wenigen, die sich dieses exklusive St\u00fcck sichern und erleben Sie die perfekte Verschmelzung von Luxus, Komfort und Stil. <\/p>\n<ul>\n<li>Schalkragen<\/li>\n<li>Brusttasche<\/li>\n<li>zwei tiefe Seitentaschen<\/li>\n<li>verstellbare Umschlagmanschetten<\/li>\n<li>bequeme, lockere Passform<\/li>\n<li>diskrete Aufh\u00e4ngeschlaufe auf der R\u00fcckseite<\/li>\n<li>langer G\u00fcrtel<\/li>\n<\/ul>\n<p>Material und Pflege: \u00c4u\u00dferes: 60% Polyester, 40% Baumwolle. Innen: 100% Baumwolle. Separate Maschinenw\u00e4sche bei 30\u00b0C, nicht im Trockner trocknen, B\u00fcgeln bei niedriger Hitze.<\/p>\n","protected":false},"excerpt":{"rendered":"<p>Dieser malerische Morgenmantel ist denjenigen vorbehalten, die Wert auf Stil und Handwerkskunst legen. Er ist aus einem wahrhaft k\u00f6niglichen Jacquard gefertigt, der Eleganz ausstrahlt. <\/p>\n<p><strong>Limitierte Auflage. Es k\u00f6nnen nur noch 8 Morgenm\u00e4ntel hergestellt werden.   <em>Sichern Sie sich Ihre noch heute.<\/em><\/strong><\/p>\n","protected":false},"featured_media":67494,"comment_status":"closed","ping_status":"closed","template":"","meta":[],"product_brand":[],"product_cat":[463,491,899],"product_tag":[464,768],"class_list":{"0":"post-67500","1":"product","2":"type-product","3":"status-publish","4":"has-post-thumbnail","6":"product_cat-herren-hausmantel","7":"product_cat-morgenmaentel","8":"product_cat-limited-edition-de","9":"product_tag-custom-size-de","10":"product_tag-monogram-de","11":"product_shipping_class-auf-bestellung","12":"pa_color-gold-de","13":"pa_color-rot","14":"pa_color-black-de","15":"pa_fabric-content-cotton-de","16":"pa_fabric-content-polyester-viscose-mix-de","17":"pa_fabric-weight-leicht-warm","18":"pa_pattern-blumen","19":"pa_product-type-made-to-order-de","20":"pa_size-2xl-de","21":"pa_size-3xl-de","22":"pa_size-4xl-de","23":"pa_size-5xl-de","24":"pa_size-l-de","25":"pa_size-m-de","26":"pa_size-massanfertigung","27":"pa_size-s-de","28":"pa_size-xl-de","29":"pa_size-xs-de","31":"first","32":"instock","33":"taxable","34":"shipping-taxable","35":"purchasable","36":"product-type-simple"},"_links":{"self":[{"href":"https:\/\/baturina-homewear.com\/de\/wp-json\/wp\/v2\/product\/67500","targetHints":{"allow":["GET"]}}],"collection":[{"href":"https:\/\/baturina-homewear.com\/de\/wp-json\/wp\/v2\/product"}],"about":[{"href":"https:\/\/baturina-homewear.com\/de\/wp-json\/wp\/v2\/types\/product"}],"replies":[{"embeddable":true,"href":"https:\/\/baturina-homewear.com\/de\/wp-json\/wp\/v2\/comments?post=67500"}],"version-history":[{"count":12,"href":"https:\/\/baturina-homewear.com\/de\/wp-json\/wp\/v2\/product\/67500\/revisions"}],"predecessor-version":[{"id":78782,"href":"https:\/\/baturina-homewear.com\/de\/wp-json\/wp\/v2\/product\/67500\/revisions\/78782"}],"wp:featuredmedia":[{"embeddable":true,"href":"https:\/\/baturina-homewear.com\/de\/wp-json\/wp\/v2\/media\/67494"}],"wp:attachment":[{"href":"https:\/\/baturina-homewear.com\/de\/wp-json\/wp\/v2\/media?parent=67500"}],"wp:term":[{"taxonomy":"product_brand","embeddable":true,"href":"https:\/\/baturina-homewear.com\/de\/wp-json\/wp\/v2\/product_brand?post=67500"},{"taxonomy":"product_cat","embeddable":true,"href":"https:\/\/baturina-homewear.com\/de\/wp-json\/wp\/v2\/product_cat?post=67500"},{"taxonomy":"product_tag","embeddable":true,"href":"https:\/\/baturina-homewear.com\/de\/wp-json\/wp\/v2\/product_tag?post=67500"}],"curies":[{"name":"wp","href":"https:\/\/api.w.org\/{rel}","templated":true}]}}