{"id":67820,"date":"2025-03-20T17:39:46","date_gmt":"2025-03-20T16:39:46","guid":{"rendered":"https:\/\/baturina-homewear.com\/product\/smoking-cap-waldgruener-samt-mit-goldfransen-quaste\/"},"modified":"2026-03-14T14:33:58","modified_gmt":"2026-03-14T13:33:58","slug":"smoking-cap-waldgruener-samt-mit-goldfransen-quaste","status":"publish","type":"product","link":"https:\/\/baturina-homewear.com\/de\/produkt\/smoking-cap-waldgruener-samt-mit-goldfransen-quaste\/","title":{"rendered":"Smoking Cap Waldgr\u00fcner Samt mit Goldfransenquaste"},"content":{"rendered":"<p>Ein zeitloser Freizeitlook f\u00fcr den Gentleman von heute, inspiriert von Designs des 19. Jahrhunderts. Mit einer historisch korrekten Fransenquaste. Alle unsere Designs werden individuell auf Bestellung in unserem Atelier angefertigt und jedes ist das Ergebnis stundenlanger handwerklicher Arbeit. Genie\u00dfen Sie Komfort und Stil in unseren Herren Morgenm\u00e4nteln, Pyjama Sets und Accessoires, hergestellt in Hamburg, Deutschland. Unsere Raucherm\u00fctzen sind von den kultigen Kopfbedeckungen aus dem 19. Jahrhundert inspiriert, die in Raucherlokalen und zu Hause getragen wurden. Sie sind ein tolles Accessoire zum Entspannen, Sammlerst\u00fcck oder Geschenk.     <\/p>\n<ul>\n<li>100% Baumwolle<\/li>\n<li>Futter aus Baumwolle, schwarz gef\u00fcttert<\/li>\n<li>mit Quasten<\/li>\n<li>H\u00f6he der Kappe: 10 cm<\/li>\n<li>professionelle chemische Reinigung<\/li>\n<\/ul>\n","protected":false},"excerpt":{"rendered":"<p>Ein zeitloser Freizeitlook f\u00fcr den Gentleman von heute, inspiriert von Designs des 19. Jahrhunderts. Mit einer historisch korrekten Fransenquaste. Alle<\/p>\n","protected":false},"featured_media":67588,"comment_status":"closed","ping_status":"closed","template":"","meta":[],"product_brand":[],"product_cat":[555,490],"product_tag":[],"class_list":{"0":"post-67820","1":"product","2":"type-product","3":"status-publish","4":"has-post-thumbnail","6":"product_cat-accessoires","7":"product_cat-smoking-caps-de","8":"product_shipping_class-small-de","9":"pa_color-green-de","10":"pa_color-swatch-waldgrun","11":"pa_fabric-content-cotton-de","12":"pa_fabric-weave-type-samt","14":"first","15":"instock","16":"taxable","17":"shipping-taxable","18":"purchasable","19":"product-type-variable"},"_links":{"self":[{"href":"https:\/\/baturina-homewear.com\/de\/wp-json\/wp\/v2\/product\/67820","targetHints":{"allow":["GET"]}}],"collection":[{"href":"https:\/\/baturina-homewear.com\/de\/wp-json\/wp\/v2\/product"}],"about":[{"href":"https:\/\/baturina-homewear.com\/de\/wp-json\/wp\/v2\/types\/product"}],"replies":[{"embeddable":true,"href":"https:\/\/baturina-homewear.com\/de\/wp-json\/wp\/v2\/comments?post=67820"}],"version-history":[{"count":3,"href":"https:\/\/baturina-homewear.com\/de\/wp-json\/wp\/v2\/product\/67820\/revisions"}],"predecessor-version":[{"id":80062,"href":"https:\/\/baturina-homewear.com\/de\/wp-json\/wp\/v2\/product\/67820\/revisions\/80062"}],"wp:featuredmedia":[{"embeddable":true,"href":"https:\/\/baturina-homewear.com\/de\/wp-json\/wp\/v2\/media\/67588"}],"wp:attachment":[{"href":"https:\/\/baturina-homewear.com\/de\/wp-json\/wp\/v2\/media?parent=67820"}],"wp:term":[{"taxonomy":"product_brand","embeddable":true,"href":"https:\/\/baturina-homewear.com\/de\/wp-json\/wp\/v2\/product_brand?post=67820"},{"taxonomy":"product_cat","embeddable":true,"href":"https:\/\/baturina-homewear.com\/de\/wp-json\/wp\/v2\/product_cat?post=67820"},{"taxonomy":"product_tag","embeddable":true,"href":"https:\/\/baturina-homewear.com\/de\/wp-json\/wp\/v2\/product_tag?post=67820"}],"curies":[{"name":"wp","href":"https:\/\/api.w.org\/{rel}","templated":true}]}}