{"id":68169,"date":"2025-04-01T17:28:45","date_gmt":"2025-04-01T15:28:45","guid":{"rendered":"https:\/\/baturina-homewear.com\/product\/leyendecker-hausmantel-gold-paisley\/"},"modified":"2025-11-20T14:48:13","modified_gmt":"2025-11-20T13:48:13","slug":"leyendecker-hausmantel-gold-paisley","status":"publish","type":"product","link":"https:\/\/baturina-homewear.com\/de\/produkt\/leyendecker-hausmantel-gold-paisley\/","title":{"rendered":"Herren Morgenmantel Morgenmantel aus reiner Maulbeerseide und Brokat Hausmantel"},"content":{"rendered":"<h2>Ein opulenter und reicher Morgenmantel in Schwarz und Gold<\/h2>\n<p>G\u00f6nnen Sie sich den Luxus dieses leichten und opulenten Paisley-Bademantels, der aus einem atemberaubenden Brokatstoff gefertigt ist, der vor Eleganz schimmert. Dieser Morgenmantel f\u00fchlt sich leicht wie eine Feder an, bietet aber viel W\u00e4rme und opulenten Stil. <\/p>\n<p>Der Morgenmantel zeichnet sich durch aufwendige und geschmeidige Goldakzente aus, darunter ein gesteppter goldener Seidenkragen, Manschetten und Taschen, die ein wahrhaft k\u00f6nigliches Erlebnis bieten. Das gold-schwarze Paisleydesign spiegelt Raffinesse und zeitlose Sch\u00f6nheit wider und macht diesen Morgenmantel zu einer au\u00dfergew\u00f6hnlichen Wahl f\u00fcr alle, die das Feinste in Sachen Loungewear suchen. Ob Sie zu Hause entspannen oder sich f\u00fcr einen entspannten Abend vorbereiten, dieser Morgenmantel verstr\u00f6mt unvergleichlichen Luxus und Komfort. Er ist ein echtes Statement und verspricht, Ihre Auszeit auf ein v\u00f6llig neues Niveau zu heben.   <\/p>\n<h3>Traditionelles Design f\u00fcr den modernen Gentleman<\/h3>\n<p>Inspiriert von den klassischen Illustrationen von Joseph Leyendecker, verbindet dieser Hausmantel zeitlose Eleganz mit moderner Raffinesse. Das atemberaubende Paisley-Brokatmuster und die gesteppten Bes\u00e4tze aus reiner Seide an den Manschetten, am Kragen und an den Taschen erinnern an die raffinierte und luxuri\u00f6se Loungewear aus den Modeillustrationen des fr\u00fchen 20. Jahrhunderts. <\/p>\n<h3>Schl\u00fcpfen Sie in luxuri\u00f6se reine Maulbeerseide<\/h3>\n<p>Seide ist die ideale Wahl f\u00fcr empfindliche Haut, da sie von Natur aus hypoallergen, sanft und atmungsaktiv ist, Irritationen vorbeugt und ein angenehmes Gef\u00fchl vermittelt. Ihre glatte Textur hilft, die K\u00f6rpertemperatur zu regulieren, so dass Sie im Sommer k\u00fchl und im Winter warm bleiben. Der luxuri\u00f6se Glanz und die Weichheit von Seide vermitteln ein unvergleichliches Gef\u00fchl von Eleganz.  <\/p>\n<p><strong>Details zur Passform:<\/strong><\/p>\n<ul>\n<li>Bequeme, lockere Passform<\/li>\n<li>gro\u00dfe Seitentaschen<\/li>\n<li>extra langer G\u00fcrtel f\u00fcr mehr Komfort (210 cm)<\/li>\n<\/ul>\n<p><strong>Design-Merkmale:<\/strong><\/p>\n<ul>\n<li>Schalkragen<\/li>\n<li>Brusttasche<\/li>\n<li>zwei Seitentaschen<\/li>\n<li>verstellbare Umschlagmanschetten<\/li>\n<li>bequeme, lockere Passform<\/li>\n<li>diskrete Aufh\u00e4ngeschlaufe auf der R\u00fcckseite<\/li>\n<\/ul>\n<p><strong>Materialien und Pflege:<\/strong><\/p>\n<ul>\n<li>\u00c4u\u00dferes: Grundgewebe: 100% Polyester<\/li>\n<li>Stoff der Zierleiste: 100% Seide.<\/li>\n<li>Innen: 100% Seide.<\/li>\n<li>Separate Maschinenw\u00e4sche bei 30\u00b0C, nicht im Trockner trocknen, B\u00fcgeln bei niedriger Hitze.<\/li>\n<\/ul>\n","protected":false},"excerpt":{"rendered":"<p>G\u00f6nnen Sie sich den Luxus dieses leichten und opulenten Paisley-Bademantels, der aus einem atemberaubenden Brokatstoff gefertigt ist, der vor Eleganz schimmert. Dieser Morgenmantel f\u00fchlt sich leicht wie eine Feder an, bietet aber viel W\u00e4rme und opulenten Stil. <\/p>\n","protected":false},"featured_media":68151,"comment_status":"closed","ping_status":"closed","template":"","meta":[],"product_brand":[],"product_cat":[1190],"product_tag":[],"class_list":{"0":"post-68169","1":"product","2":"type-product","3":"status-publish","4":"has-post-thumbnail","6":"product_cat-lagerverkauf","7":"product_shipping_class-regular-de","8":"pa_color-gold-de","9":"pa_fabric-content-polyester-viscose-mix-de","10":"pa_fabric-content-seide","11":"pa_fabric-weave-type-brokat","12":"pa_fabric-weave-type-gesteppt","13":"pa_fabric-weight-lightweight-de","14":"pa_pattern-paisley-de","15":"pa_product-type-limited-edition-de","16":"pa_size-2xl-de","17":"pa_size-l-de","18":"pa_size-m-de","19":"pa_size-xl-de","20":"pa_style-klassisch","21":"pa_style-opulent-de","23":"first","24":"instock","25":"taxable","26":"shipping-taxable","27":"purchasable","28":"product-type-variable","29":"has-default-attributes"},"_links":{"self":[{"href":"https:\/\/baturina-homewear.com\/de\/wp-json\/wp\/v2\/product\/68169","targetHints":{"allow":["GET"]}}],"collection":[{"href":"https:\/\/baturina-homewear.com\/de\/wp-json\/wp\/v2\/product"}],"about":[{"href":"https:\/\/baturina-homewear.com\/de\/wp-json\/wp\/v2\/types\/product"}],"replies":[{"embeddable":true,"href":"https:\/\/baturina-homewear.com\/de\/wp-json\/wp\/v2\/comments?post=68169"}],"version-history":[{"count":10,"href":"https:\/\/baturina-homewear.com\/de\/wp-json\/wp\/v2\/product\/68169\/revisions"}],"predecessor-version":[{"id":78074,"href":"https:\/\/baturina-homewear.com\/de\/wp-json\/wp\/v2\/product\/68169\/revisions\/78074"}],"wp:featuredmedia":[{"embeddable":true,"href":"https:\/\/baturina-homewear.com\/de\/wp-json\/wp\/v2\/media\/68151"}],"wp:attachment":[{"href":"https:\/\/baturina-homewear.com\/de\/wp-json\/wp\/v2\/media?parent=68169"}],"wp:term":[{"taxonomy":"product_brand","embeddable":true,"href":"https:\/\/baturina-homewear.com\/de\/wp-json\/wp\/v2\/product_brand?post=68169"},{"taxonomy":"product_cat","embeddable":true,"href":"https:\/\/baturina-homewear.com\/de\/wp-json\/wp\/v2\/product_cat?post=68169"},{"taxonomy":"product_tag","embeddable":true,"href":"https:\/\/baturina-homewear.com\/de\/wp-json\/wp\/v2\/product_tag?post=68169"}],"curies":[{"name":"wp","href":"https:\/\/api.w.org\/{rel}","templated":true}]}}