{"id":68170,"date":"2025-04-01T17:23:38","date_gmt":"2025-04-01T15:23:38","guid":{"rendered":"https:\/\/baturina-homewear.com\/product\/leyendecker-hausmantel-schwarzes-paisley\/"},"modified":"2025-12-01T19:24:26","modified_gmt":"2025-12-01T18:24:26","slug":"leyendecker-hausmantel-schwarzes-paisley","status":"publish","type":"product","link":"https:\/\/baturina-homewear.com\/de\/produkt\/leyendecker-hausmantel-schwarzes-paisley\/","title":{"rendered":"Herren Morgenmantel Schwarz Paisley Gold Brokat Gesteppter Satin"},"content":{"rendered":"<h2>Ein opulenter und reicher Morgenmantel in Schwarz und Gold<\/h2>\n<p>Dieser atemberaubende schwarze Hausmantel aus Baumwolle und Brokat ist mit einem wundersch\u00f6nen Paisleymuster designt und verleiht Ihrer Loungewear einen Hauch von Opulenz. Der Morgenmantel ist mit schwarzen gesteppten Bes\u00e4tzen an den Manschetten, dem Kragen und den Taschen akzentuiert, die einen raffinierten und stilvollen Kontrast zu dem reichen Paisley-Stoff bilden. Er ist perfekt f\u00fcr alle, die ein raffiniertes, luxuri\u00f6ses Design mit modernem Touch zu sch\u00e4tzen wissen. Der weiche Baumwollstoff sorgt f\u00fcr sanft w\u00e4rmenden Komfort bei gleichzeitig hoher Eleganz und ist damit die ideale Wahl f\u00fcr stilvolles Entspannen.   <\/p>\n<h3>Traditionelles Design f\u00fcr den modernen Gentleman<\/h3>\n<p>Inspiriert von den klassischen Illustrationen von Joseph Leyendecker, verbindet dieser schwarze Hausmantel aus Baumwolle zeitlose Eleganz mit moderner Raffinesse. Das atemberaubende Paisley-Brokatmuster und die schwarzen gesteppten Bes\u00e4tze an den Manschetten, am Kragen und an den Taschen erinnern an die raffinierte und luxuri\u00f6se Loungewear aus den Modeillustrationen des fr\u00fchen 20. Jahrhunderts. Dieser Morgenmantel ist eine perfekte Mischung aus klassischem Design und allt\u00e4glichem Luxus und wird zu einem begehrten Bestandteil Ihrer Garderobe.  <\/p>\n<p><strong>Details zur Passform:<\/strong><\/p>\n<ul>\n<li>Das Model ist 183 cm gro\u00df (6 Fu\u00df) und wiegt 70 kg (155 lbs) und tr\u00e4gt Gr\u00f6\u00dfe M, L\u00e4nge 125 cm<\/li>\n<li>Bequeme, lockere Passform<\/li>\n<li>gro\u00dfe Seitentaschen<\/li>\n<li>extra langer G\u00fcrtel f\u00fcr mehr Komfort (210 cm)<\/li>\n<\/ul>\n<p><strong>Design-Merkmale:<\/strong><\/p>\n<ul>\n<li>Schalkragen<\/li>\n<li>Brusttasche<\/li>\n<li>zwei Seitentaschen<\/li>\n<li>verstellbare Umschlagmanschetten<\/li>\n<li>bequeme, lockere Passform<\/li>\n<li>diskrete Aufh\u00e4ngeschlaufe auf der R\u00fcckseite<\/li>\n<\/ul>\n<p><strong>Materialien und Pflege:<\/strong><\/p>\n<ul>\n<li>\u00c4u\u00dferes: Grundgewebe: 100% Polyester<\/li>\n<li>Stoff der Zierleiste: 100% Baumwolle.<\/li>\n<li>Innen: 100% Baumwolle.<\/li>\n<li>Separate Maschinenw\u00e4sche bei 30\u00b0C, nicht im Trockner trocknen, B\u00fcgeln bei niedriger Hitze.<\/li>\n<\/ul>\n","protected":false},"excerpt":{"rendered":"<p>Ein opulenter und reicher Morgenmantel in Schwarz und Gold Dieser atemberaubende schwarze Hausmantel aus Baumwolle und Brokat ist mit einem<\/p>\n","protected":false},"featured_media":68161,"comment_status":"closed","ping_status":"closed","template":"","meta":[],"product_brand":[],"product_cat":[899,463,491,979],"product_tag":[464,768],"class_list":{"0":"post-68170","1":"product","2":"type-product","3":"status-publish","4":"has-post-thumbnail","6":"product_cat-limited-edition-de","7":"product_cat-herren-hausmantel","8":"product_cat-morgenmaentel","9":"product_cat-paisley-bademantel","10":"product_tag-custom-size-de","11":"product_tag-monogram-de","12":"product_shipping_class-auf-bestellung","13":"pa_color-black-de","14":"pa_fabric-content-cotton-de","15":"pa_fabric-content-polyester-viscose-mix-de","16":"pa_fabric-weave-type-brokat","17":"pa_fabric-weave-type-gesteppt","18":"pa_fabric-weight-regular-de","19":"pa_pattern-paisley-de","20":"pa_product-type-limited-edition-de","21":"pa_size-2xl-de","22":"pa_size-l-de","23":"pa_size-m-de","24":"pa_size-xl-de","25":"pa_style-klassisch","26":"pa_style-opulent-de","28":"first","29":"instock","30":"taxable","31":"shipping-taxable","32":"purchasable","33":"product-type-simple"},"_links":{"self":[{"href":"https:\/\/baturina-homewear.com\/de\/wp-json\/wp\/v2\/product\/68170","targetHints":{"allow":["GET"]}}],"collection":[{"href":"https:\/\/baturina-homewear.com\/de\/wp-json\/wp\/v2\/product"}],"about":[{"href":"https:\/\/baturina-homewear.com\/de\/wp-json\/wp\/v2\/types\/product"}],"replies":[{"embeddable":true,"href":"https:\/\/baturina-homewear.com\/de\/wp-json\/wp\/v2\/comments?post=68170"}],"version-history":[{"count":6,"href":"https:\/\/baturina-homewear.com\/de\/wp-json\/wp\/v2\/product\/68170\/revisions"}],"predecessor-version":[{"id":73610,"href":"https:\/\/baturina-homewear.com\/de\/wp-json\/wp\/v2\/product\/68170\/revisions\/73610"}],"wp:featuredmedia":[{"embeddable":true,"href":"https:\/\/baturina-homewear.com\/de\/wp-json\/wp\/v2\/media\/68161"}],"wp:attachment":[{"href":"https:\/\/baturina-homewear.com\/de\/wp-json\/wp\/v2\/media?parent=68170"}],"wp:term":[{"taxonomy":"product_brand","embeddable":true,"href":"https:\/\/baturina-homewear.com\/de\/wp-json\/wp\/v2\/product_brand?post=68170"},{"taxonomy":"product_cat","embeddable":true,"href":"https:\/\/baturina-homewear.com\/de\/wp-json\/wp\/v2\/product_cat?post=68170"},{"taxonomy":"product_tag","embeddable":true,"href":"https:\/\/baturina-homewear.com\/de\/wp-json\/wp\/v2\/product_tag?post=68170"}],"curies":[{"name":"wp","href":"https:\/\/api.w.org\/{rel}","templated":true}]}}