{"id":68419,"date":"2025-04-04T16:28:51","date_gmt":"2025-04-04T14:28:51","guid":{"rendered":"https:\/\/baturina-homewear.com\/product\/herren-pyjama-set-schwarz-gestreifte-baumwolle-mit-goldenen-paspeln\/"},"modified":"2026-03-24T14:18:59","modified_gmt":"2026-03-24T13:18:59","slug":"herren-pyjama-set-schwarz-gestreifte-baumwolle-mit-goldenen-paspeln","status":"publish","type":"product","link":"https:\/\/baturina-homewear.com\/de\/produkt\/herren-pyjama-set-schwarz-gestreifte-baumwolle-mit-goldenen-paspeln\/","title":{"rendered":"Herren Pyjama Set Schwarz gestreifte Baumwolle mit goldenen Paspeln"},"content":{"rendered":"<p>Lehnen Sie sich zur\u00fcck und entspannen Sie sich in unseren bequemen Pyjamasets im Vintage-Stil. Dieser klassische Pyjama besteht aus einem lang\u00e4rmeligen Hemd mit gekerbtem Kragen und durchgehender Knopfleiste sowie einer langen Hose mit elastischem Bund. Hergestellt aus leichter Baumwolle mit einem eleganten asymmetrischen eingewebten Streifendesign. Vollst\u00e4ndig eingefasst mit goldfarbenen Paspeln.   Genie\u00dfen Sie Komfort und Stil in unseren Herren Morgenm\u00e4nteln, Pyjama Sets und Accessoires, hergestellt in Hamburg, Deutschland.<\/p>\n<ul>\n<li>bequeme, lockere Passform<\/li>\n<li>Hemd mit gekerbtem Kragen, Knopfleiste, drei Taschen<\/li>\n<li>Hose mit elastischem Bund, Kordelzug, verdeckter Knopfleiste, zwei Seitentaschen<\/li>\n<li>schwarze Acrylkn\u00f6pfe<\/li>\n<li>Material und Pflege: 100% Baumwolle. Separat in der Maschine bei 30\u00b0C waschen, nicht im Trockner trocknen, bei niedriger Hitze b\u00fcgeln. <\/li>\n<\/ul>\n","protected":false},"excerpt":{"rendered":"<p>Lehnen Sie sich zur\u00fcck und entspannen Sie sich in unseren bequemen Pyjamasets im Vintage-Stil. Dieser klassische Pyjama besteht aus einem<\/p>\n","protected":false},"featured_media":68391,"comment_status":"closed","ping_status":"closed","template":"","meta":[],"product_brand":[],"product_cat":[899,565,493,1211],"product_tag":[482,768],"class_list":{"0":"post-68419","1":"product","2":"type-product","3":"status-publish","4":"has-post-thumbnail","6":"product_cat-limited-edition-de","7":"product_cat-pyjamas","8":"product_cat-herren-pyjamas","9":"product_cat-winter-lounge","10":"product_tag-custom-size-pajamas-de","11":"product_tag-monogram-de","12":"product_shipping_class-auf-bestellung","13":"pa_fabric-content-cotton-de","14":"pa_fabric-weight-leicht-warm","15":"pa_pattern-gestreift","16":"pa_size-2xl-de","17":"pa_size-3xl-de","18":"pa_size-4xl-de","19":"pa_size-5xl-de","20":"pa_size-l-de","21":"pa_size-m-de","22":"pa_size-massanfertigung","23":"pa_size-s-de","24":"pa_size-xl-de","25":"pa_size-xs-de","27":"first","28":"instock","29":"taxable","30":"shipping-taxable","31":"purchasable","32":"product-type-simple"},"_links":{"self":[{"href":"https:\/\/baturina-homewear.com\/de\/wp-json\/wp\/v2\/product\/68419","targetHints":{"allow":["GET"]}}],"collection":[{"href":"https:\/\/baturina-homewear.com\/de\/wp-json\/wp\/v2\/product"}],"about":[{"href":"https:\/\/baturina-homewear.com\/de\/wp-json\/wp\/v2\/types\/product"}],"replies":[{"embeddable":true,"href":"https:\/\/baturina-homewear.com\/de\/wp-json\/wp\/v2\/comments?post=68419"}],"version-history":[{"count":5,"href":"https:\/\/baturina-homewear.com\/de\/wp-json\/wp\/v2\/product\/68419\/revisions"}],"predecessor-version":[{"id":80349,"href":"https:\/\/baturina-homewear.com\/de\/wp-json\/wp\/v2\/product\/68419\/revisions\/80349"}],"wp:featuredmedia":[{"embeddable":true,"href":"https:\/\/baturina-homewear.com\/de\/wp-json\/wp\/v2\/media\/68391"}],"wp:attachment":[{"href":"https:\/\/baturina-homewear.com\/de\/wp-json\/wp\/v2\/media?parent=68419"}],"wp:term":[{"taxonomy":"product_brand","embeddable":true,"href":"https:\/\/baturina-homewear.com\/de\/wp-json\/wp\/v2\/product_brand?post=68419"},{"taxonomy":"product_cat","embeddable":true,"href":"https:\/\/baturina-homewear.com\/de\/wp-json\/wp\/v2\/product_cat?post=68419"},{"taxonomy":"product_tag","embeddable":true,"href":"https:\/\/baturina-homewear.com\/de\/wp-json\/wp\/v2\/product_tag?post=68419"}],"curies":[{"name":"wp","href":"https:\/\/api.w.org\/{rel}","templated":true}]}}