{"id":68610,"date":"2025-04-09T18:38:20","date_gmt":"2025-04-09T16:38:20","guid":{"rendered":"https:\/\/baturina-homewear.com\/product\/herren-hausmantel-karo-muster-reine-baumwolle-mit-schwarzem-satin\/"},"modified":"2025-11-20T14:48:29","modified_gmt":"2025-11-20T13:48:29","slug":"herren-hausmantel-karo-muster-reine-baumwolle-mit-schwarzem-satin","status":"publish","type":"product","link":"https:\/\/baturina-homewear.com\/de\/produkt\/herren-hausmantel-karo-muster-reine-baumwolle-mit-schwarzem-satin\/","title":{"rendered":"Herren Hausmantel Schwarzer und wei\u00dfer Hahnentritt"},"content":{"rendered":"<p>Das feine Hahnentrittmuster dieses luxuri\u00f6sen Morgenmantels aus Baumwolle und Satin ist der Inbegriff von schlichter Eleganz. Das Design ist mit einem glatten, seidenartigen Satinbesatz mit Paspel<br \/>\n versehen. Es ist vollst\u00e4ndig in Satin gef\u00fcttert. Einfach mit dem langen G\u00fcrtel befestigen. Wenn Sie einen mittelschweren Morgenmantel suchen, ist dieser die richtige Wahl f\u00fcr ganzj\u00e4hrigen Komfort und Stil. Alle unsere Designs werden individuell auf Bestellung in unserem Atelier angefertigt und jedes ist das Ergebnis stundenlanger handwerklicher Arbeit. Genie\u00dfen Sie Komfort und Stil in unseren Herren Morgenm\u00e4nteln, Pyjama Sets und Accessoires, hergestellt in Hamburg, Deutschland. <\/p>\n<ul>\n<li>Schalkragen<\/li>\n<li>Brusttasche<\/li>\n<li>zwei tiefe Seitentaschen<\/li>\n<li>verstellbare Umschlagmanschetten<\/li>\n<li>bequeme, lockere Passform<\/li>\n<li>diskrete Aufh\u00e4ngeschlaufe auf der R\u00fcckseite<\/li>\n<li>langer G\u00fcrtel<\/li>\n<\/ul>\n<p>Material und Pflege: Au\u00dfenseite: 100% Baumwolle. Innen: 60% Polyester, 40% Viskose.  Separat waschen, 30\u00b0 C, nicht im Trockner trocknen, bei niedriger Hitze b\u00fcgeln.<\/p>\n","protected":false},"excerpt":{"rendered":"<p>Das feine Hahnentrittmuster dieses luxuri\u00f6sen Morgenmantels aus Baumwolle und Satin ist der Inbegriff von schlichter Eleganz. Das Design ist mit<\/p>\n","protected":false},"featured_media":68605,"comment_status":"closed","ping_status":"closed","template":"","meta":[],"product_brand":[],"product_cat":[463,491,899],"product_tag":[464,768],"class_list":{"0":"post-68610","1":"product","2":"type-product","3":"status-publish","4":"has-post-thumbnail","6":"product_cat-herren-hausmantel","7":"product_cat-morgenmaentel","8":"product_cat-limited-edition-de","9":"product_tag-custom-size-de","10":"product_tag-monogram-de","11":"product_shipping_class-auf-bestellung","12":"pa_color-black-de","13":"pa_fabric-content-cotton-de","14":"pa_fabric-weight-regular-de","15":"pa_pattern-kariert-de","16":"pa_product-type-limited-edition-de","17":"pa_size-2xl-de","18":"pa_size-3xl-de","19":"pa_size-4xl-de","20":"pa_size-5xl-de","21":"pa_size-l-de","22":"pa_size-m-de","23":"pa_size-massanfertigung","24":"pa_size-s-de","25":"pa_size-xl-de","26":"pa_size-xs-de","27":"pa_style-klassisch","29":"first","30":"instock","31":"taxable","32":"shipping-taxable","33":"purchasable","34":"product-type-simple"},"_links":{"self":[{"href":"https:\/\/baturina-homewear.com\/de\/wp-json\/wp\/v2\/product\/68610","targetHints":{"allow":["GET"]}}],"collection":[{"href":"https:\/\/baturina-homewear.com\/de\/wp-json\/wp\/v2\/product"}],"about":[{"href":"https:\/\/baturina-homewear.com\/de\/wp-json\/wp\/v2\/types\/product"}],"replies":[{"embeddable":true,"href":"https:\/\/baturina-homewear.com\/de\/wp-json\/wp\/v2\/comments?post=68610"}],"version-history":[{"count":3,"href":"https:\/\/baturina-homewear.com\/de\/wp-json\/wp\/v2\/product\/68610\/revisions"}],"predecessor-version":[{"id":78076,"href":"https:\/\/baturina-homewear.com\/de\/wp-json\/wp\/v2\/product\/68610\/revisions\/78076"}],"wp:featuredmedia":[{"embeddable":true,"href":"https:\/\/baturina-homewear.com\/de\/wp-json\/wp\/v2\/media\/68605"}],"wp:attachment":[{"href":"https:\/\/baturina-homewear.com\/de\/wp-json\/wp\/v2\/media?parent=68610"}],"wp:term":[{"taxonomy":"product_brand","embeddable":true,"href":"https:\/\/baturina-homewear.com\/de\/wp-json\/wp\/v2\/product_brand?post=68610"},{"taxonomy":"product_cat","embeddable":true,"href":"https:\/\/baturina-homewear.com\/de\/wp-json\/wp\/v2\/product_cat?post=68610"},{"taxonomy":"product_tag","embeddable":true,"href":"https:\/\/baturina-homewear.com\/de\/wp-json\/wp\/v2\/product_tag?post=68610"}],"curies":[{"name":"wp","href":"https:\/\/api.w.org\/{rel}","templated":true}]}}