{"id":69114,"date":"2025-04-22T16:23:31","date_gmt":"2025-04-22T14:23:31","guid":{"rendered":"https:\/\/baturina-homewear.com\/product\/damen-pyjama-set-hot-pink-satin\/"},"modified":"2026-05-08T15:05:42","modified_gmt":"2026-05-08T13:05:42","slug":"damen-pyjama-set-hot-pink-satin","status":"publish","type":"product","link":"https:\/\/baturina-homewear.com\/de\/produkt\/damen-pyjama-set-hot-pink-satin\/","title":{"rendered":"Damen Pyjama Set Hot Pink Satin"},"content":{"rendered":"<p>Erleben Sie Komfort und Eleganz mit unserem luxuri\u00f6sen Pyjama aus Satin. Diese Pyjamas sind mit klassischen Paspeln versehen, die dem Design einen Hauch von zeitloser Raffinesse verleihen. Aus feinstem, glattem Viskose-Satin gefertigt, bietet er unvergleichliche Weichheit f\u00fcr einen erholsamen Schlaf oder zum Entspannen im Haus.  <\/p>\n<p><strong>Details zur Passform:<\/strong><\/p>\n<ul>\n<li>Das Model ist 175 cm gro\u00df (5&#8217;9\u2033), wiegt 62 kg (137 lbs) und tr\u00e4gt die Gr\u00f6\u00dfe Medium<\/li>\n<li>Brusttasche<\/li>\n<li>Zwei gro\u00dfe Seitentaschen<\/li>\n<\/ul>\n<p><strong>Design-Merkmale:<\/strong><\/p>\n<ul>\n<li>bequeme, lockere Passform<\/li>\n<li>Hemd mit gekerbtem Kragen, Knopfleiste, drei Taschen<\/li>\n<li>Hose mit elastischem Bund, Kordelzug, verdeckter Knopfleiste, zwei Seitentaschen<\/li>\n<li>Perlmuttkn\u00f6pfe<\/li>\n<\/ul>\n<p><strong>Materialien und Pflege:<\/strong><\/p>\n<ul>\n<li>100% Viskose<\/li>\n<li>Separate Maschinenw\u00e4sche bei 30\u00b0C, nicht im Trockner trocknen, B\u00fcgeln bei niedriger Hitze.<\/li>\n<\/ul>\n","protected":false},"excerpt":{"rendered":"<p>Erleben Sie Komfort und Eleganz mit unserem luxuri\u00f6sen Pyjama aus Satin. Diese Pyjamas sind mit klassischen Paspeln versehen, die dem<\/p>\n","protected":false},"featured_media":69002,"comment_status":"closed","ping_status":"closed","template":"","meta":[],"product_brand":[],"product_cat":[728,1157],"product_tag":[1043,768],"class_list":{"0":"post-69114","1":"product","2":"type-product","3":"status-publish","4":"has-post-thumbnail","6":"product_cat-damen-morgenmantel","7":"product_cat-klassische-pyjamas","8":"product_tag-benutzerdefinierte-grose-w-pyjamas","9":"product_tag-monogram-de","10":"product_shipping_class-auf-bestellung","11":"pa_color-pink-de","12":"pa_fabric-content-viscose-de","13":"pa_fabric-weight-lightweight-de","14":"pa_size-2xl-de","15":"pa_size-l-de","16":"pa_size-m-de","17":"pa_size-massanfertigung","18":"pa_size-s-de","19":"pa_size-xl-de","20":"pa_size-xs-de","22":"first","23":"instock","24":"taxable","25":"shipping-taxable","26":"purchasable","27":"product-type-simple"},"_links":{"self":[{"href":"https:\/\/baturina-homewear.com\/de\/wp-json\/wp\/v2\/product\/69114","targetHints":{"allow":["GET"]}}],"collection":[{"href":"https:\/\/baturina-homewear.com\/de\/wp-json\/wp\/v2\/product"}],"about":[{"href":"https:\/\/baturina-homewear.com\/de\/wp-json\/wp\/v2\/types\/product"}],"replies":[{"embeddable":true,"href":"https:\/\/baturina-homewear.com\/de\/wp-json\/wp\/v2\/comments?post=69114"}],"version-history":[{"count":2,"href":"https:\/\/baturina-homewear.com\/de\/wp-json\/wp\/v2\/product\/69114\/revisions"}],"predecessor-version":[{"id":69810,"href":"https:\/\/baturina-homewear.com\/de\/wp-json\/wp\/v2\/product\/69114\/revisions\/69810"}],"wp:featuredmedia":[{"embeddable":true,"href":"https:\/\/baturina-homewear.com\/de\/wp-json\/wp\/v2\/media\/69002"}],"wp:attachment":[{"href":"https:\/\/baturina-homewear.com\/de\/wp-json\/wp\/v2\/media?parent=69114"}],"wp:term":[{"taxonomy":"product_brand","embeddable":true,"href":"https:\/\/baturina-homewear.com\/de\/wp-json\/wp\/v2\/product_brand?post=69114"},{"taxonomy":"product_cat","embeddable":true,"href":"https:\/\/baturina-homewear.com\/de\/wp-json\/wp\/v2\/product_cat?post=69114"},{"taxonomy":"product_tag","embeddable":true,"href":"https:\/\/baturina-homewear.com\/de\/wp-json\/wp\/v2\/product_tag?post=69114"}],"curies":[{"name":"wp","href":"https:\/\/api.w.org\/{rel}","templated":true}]}}