{"id":69213,"date":"2025-05-02T15:39:28","date_gmt":"2025-05-02T13:39:28","guid":{"rendered":"https:\/\/baturina-homewear.com\/product\/herren-dunkelblau-wolle-hausjacke\/"},"modified":"2025-12-15T11:30:52","modified_gmt":"2025-12-15T10:30:52","slug":"herren-dunkelblau-wolle-hausjacke","status":"publish","type":"product","link":"https:\/\/baturina-homewear.com\/de\/produkt\/herren-dunkelblau-wolle-hausjacke\/","title":{"rendered":"Herren Hausjacke aus Wolle in Dunkelblau"},"content":{"rendered":"<h2 data-start=\"372\" data-end=\"425\">A Gentleman&#8217;s Essential f\u00fcr Freizeit und Verm\u00e4chtnis<\/h2>\n<p data-start=\"427\" data-end=\"712\">Dieser warme Morgenmantel aus Wolle ist von der Eleganz englischer Morgenm\u00e4ntel im Vintage-Stil inspiriert und bietet unaufdringlichen Luxus f\u00fcr eine kultivierte Auszeit.<\/p>\n<p>Unser Morgenmantel aus dickem Wollflanell in Dunkelblau ist das Nonplusultra an W\u00e4rme und Komfort. Der Morgenmantel ist mit einem Besatz aus gleichem Stoff versehen und mit dunkelblau-wei\u00df gestreiften Kordelpaspeln paspeliert. Das Futter ist vollst\u00e4ndig aus Satin gef\u00fcttert, was ihm einen zus\u00e4tzlichen Hauch von Luxus und einen besonders hohen Tragekomfort verleiht. Schl\u00fcpfen Sie einfach in diesen warmen und eleganten Morgenmantel w\u00e4hrend Ihrer privaten Stunden. Das gef\u00fctterte Satinfutter ist nicht nur luxuri\u00f6s, sondern auch \u00e4u\u00dferst praktisch: Sie k\u00f6nnen den Morgenmantel m\u00fchelos auch \u00fcber Hemden oder Loungewear ziehen. Der Mantel aus OEKO-TEX\u00ae-zertifiziertem Polyester ist besonders strapazierf\u00e4hig und so konzipiert, dass er auch bei regelm\u00e4\u00dfiger Beanspruchung nicht an Eleganz einb\u00fc\u00dft.   <\/p>\n<p>Dieser Morgenmantel eignet sich perfekt zum Entspannen zu Hause, zum Lesen vor dem Kamin oder zum gem\u00fctlichen Morgenkaffee, denn er h\u00e4lt Sie auch bei k\u00fchlen Temperaturen kuschelig und stilvoll. Erh\u00f6hen Sie Ihren Lebensstil zu Hause mit einem Kleidungsst\u00fcck, das \u00fcberragenden Komfort, Eleganz und Zweckm\u00e4\u00dfigkeit vereint.<\/p>\n<p><strong>Einzelheiten:<\/strong><\/p>\n<ul>\n<li>Schalkragen<\/li>\n<li>Brusttasche<\/li>\n<li>zwei tiefe Seitentaschen<\/li>\n<li>verstellbare Umschlagmanschetten<\/li>\n<li>bequeme, lockere Passform<\/li>\n<li>diskrete Aufh\u00e4ngeschlaufe auf der R\u00fcckseite<\/li>\n<li>langer G\u00fcrtel<\/li>\n<\/ul>\n<p><strong>Materialien und Pflege:<\/strong><\/p>\n<ul>\n<li>Au\u00dfen: 100% Wool Flannel, gef\u00e4rbt.<\/li>\n<li>Innen: 100% Polyester, OEKO-TEX\u00ae Standard 100 zertifiziert<\/li>\n<li>Nur professionelle chemische Reinigung<\/li>\n<\/ul>\n","protected":false},"excerpt":{"rendered":"<p>A Gentleman&#8217;s Essential f\u00fcr Freizeit und Verm\u00e4chtnis Dieser warme Morgenmantel aus Wolle ist von der Eleganz englischer Morgenm\u00e4ntel im Vintage-Stil<\/p>\n","protected":false},"featured_media":69203,"comment_status":"closed","ping_status":"closed","template":"","meta":[],"product_brand":[],"product_cat":[1190],"product_tag":[],"class_list":{"0":"post-69213","1":"product","2":"type-product","3":"status-publish","4":"has-post-thumbnail","6":"product_cat-lagerverkauf","7":"product_shipping_class-auf-bestellung","8":"pa_color-blau","9":"pa_fabric-content-wolle","10":"pa_fabric-weight-schwer-und-warm","11":"pa_size-m-de","12":"pa_style-elegant-de","13":"pa_style-klassisch","15":"first","16":"instock","17":"taxable","18":"shipping-taxable","19":"purchasable","20":"product-type-variable","21":"has-default-attributes"},"_links":{"self":[{"href":"https:\/\/baturina-homewear.com\/de\/wp-json\/wp\/v2\/product\/69213","targetHints":{"allow":["GET"]}}],"collection":[{"href":"https:\/\/baturina-homewear.com\/de\/wp-json\/wp\/v2\/product"}],"about":[{"href":"https:\/\/baturina-homewear.com\/de\/wp-json\/wp\/v2\/types\/product"}],"replies":[{"embeddable":true,"href":"https:\/\/baturina-homewear.com\/de\/wp-json\/wp\/v2\/comments?post=69213"}],"version-history":[{"count":4,"href":"https:\/\/baturina-homewear.com\/de\/wp-json\/wp\/v2\/product\/69213\/revisions"}],"predecessor-version":[{"id":73225,"href":"https:\/\/baturina-homewear.com\/de\/wp-json\/wp\/v2\/product\/69213\/revisions\/73225"}],"wp:featuredmedia":[{"embeddable":true,"href":"https:\/\/baturina-homewear.com\/de\/wp-json\/wp\/v2\/media\/69203"}],"wp:attachment":[{"href":"https:\/\/baturina-homewear.com\/de\/wp-json\/wp\/v2\/media?parent=69213"}],"wp:term":[{"taxonomy":"product_brand","embeddable":true,"href":"https:\/\/baturina-homewear.com\/de\/wp-json\/wp\/v2\/product_brand?post=69213"},{"taxonomy":"product_cat","embeddable":true,"href":"https:\/\/baturina-homewear.com\/de\/wp-json\/wp\/v2\/product_cat?post=69213"},{"taxonomy":"product_tag","embeddable":true,"href":"https:\/\/baturina-homewear.com\/de\/wp-json\/wp\/v2\/product_tag?post=69213"}],"curies":[{"name":"wp","href":"https:\/\/api.w.org\/{rel}","templated":true}]}}