{"id":69761,"date":"2025-05-18T19:24:47","date_gmt":"2025-05-18T17:24:47","guid":{"rendered":"https:\/\/baturina-homewear.com\/product\/herren-morgenmantel-aus-leinen-creme-dunkelblau-weiss-gestreift-gepaspelt-hausmantel\/"},"modified":"2026-03-23T14:19:13","modified_gmt":"2026-03-23T13:19:13","slug":"herren-morgenmantel-aus-leinen-creme-dunkelblau-weiss-gestreift-gepaspelt-hausmantel","status":"publish","type":"product","link":"https:\/\/baturina-homewear.com\/de\/produkt\/herren-morgenmantel-aus-leinen-creme-dunkelblau-weiss-gestreift-gepaspelt-hausmantel\/","title":{"rendered":"Herren Morgenmantel aus Leinen Creme Dunkelblau Wei\u00df gestreift gepaspelt Hausmantel"},"content":{"rendered":"<h2><strong>Der ultimative Morgenmantel f\u00fcr den Sommer<\/strong><\/h2>\n<p>F\u00fcr den modernen Gentleman, der Komfort sch\u00e4tzt, ohne Kompromisse beim Stil einzugehen. Dieser Morgenmantel aus mittelschwerem, doppellagigem Reinleinen und mit gestreiften, kontrastierenden Paspeln verziert, ist Ihr idealer Reisebegleiter und leichter \u00dcberwurf, wenn die Temperaturen steigen. Tragen Sie diesen vielseitigen und eleganten Morgenmantel aus 100% reinem Leinen nach der Dusche, im Spa oder zu Hause.  <\/p>\n<p>Stellen Sie sich vor, es ist ein hei\u00dfer Sommertag und Sie ziehen Ihren k\u00fchlenden, frischen Morgenmantel aus Leinen an, um sich zu entspannen oder den Tag zu beginnen. Dieses einzigartige Kleidungsst\u00fcck ist alles, was Sie f\u00fcr Ihren Urlaub brauchen. Ein zeitloses Muss f\u00fcr Loungewear, das Ihnen viele Komplimente einbringen wird. Er ist auch der perfekte Morgenmantel f\u00fcr Ihre Loungewear-Kollektion.   <\/p>\n<p>Leinen ist ein Naturtextil, das aus Flachs, einer der \u00e4ltesten und st\u00e4rksten Naturfasern, hergestellt wird. Es ist atmungsaktiv und im Sommer k\u00fchl zu tragen. Der Stoff wird mit jedem Tragen weicher und knittert auf nat\u00fcrliche Weise, ist aber sehr strapazierf\u00e4hig f\u00fcr den t\u00e4glichen Gebrauch.   Kurz gesagt: der ultimative Morgenmantel f\u00fcr den Sommer.<\/p>\n<p>Kombinieren Sie diesen Morgenmantel mit dem passenden Pyjama-Set aus wei\u00dfem Leinen, einer langen Hose oder einer Smoking Cap.<\/p>\n<p><strong>Details zur Passform:<\/strong><\/p>\n<ul>\n<li>Bequeme, lockere Passform<\/li>\n<li>gro\u00dfe Seitentaschen<\/li>\n<li>extra langer G\u00fcrtel f\u00fcr mehr Komfort (210 cm)<\/li>\n<\/ul>\n<p><strong>Design-Merkmale:<\/strong><\/p>\n<ul>\n<li>Doppellagiges Leinen f\u00fcr zus\u00e4tzliche Robustheit und Komfort<\/li>\n<li>ungef\u00fcttert<\/li>\n<li>Schalkragen<\/li>\n<li>Brusttasche<\/li>\n<li>zwei Seitentaschen<\/li>\n<li>verstellbare Umschlagmanschetten<\/li>\n<li>bequeme, lockere Passform<\/li>\n<li>diskrete Aufh\u00e4ngeschlaufe auf der R\u00fcckseite<\/li>\n<\/ul>\n<p><strong>Materialien und Pflege:<\/strong><\/p>\n<ul>\n<li>100% Leinen<\/li>\n<li>Mittelschweres Leinen (ein Morgenmantel der Gr\u00f6\u00dfe M wiegt ca. 1,5 kg oder 3 Pfund)<\/li>\n<li>Separat in der Maschine bei 30\u00b0C waschen, nicht im Trockner trocknen, bei geringer Hitze b\u00fcgeln.<\/li>\n<\/ul>\n","protected":false},"excerpt":{"rendered":"<p>F\u00fcr den modernen Gentleman, der Komfort sch\u00e4tzt, ohne Kompromisse beim Stil einzugehen. Dieser Morgenmantel aus reinem Leinen ist atmungsaktiv, elegant und robust. <\/p>\n","protected":false},"featured_media":72269,"comment_status":"closed","ping_status":"closed","template":"","meta":[],"product_brand":[],"product_cat":[491,662,1105,463,1205,1212],"product_tag":[464,768],"class_list":{"0":"post-69761","1":"product","2":"type-product","3":"status-publish","4":"has-post-thumbnail","6":"product_cat-morgenmaentel","7":"product_cat-bademantel","8":"product_cat-sommer-mantel","9":"product_cat-herren-hausmantel","10":"product_cat-kollektionen","11":"product_cat-sanfte-entspannung","12":"product_tag-custom-size-de","13":"product_tag-monogram-de","14":"product_shipping_class-pre-order-de","15":"pa_color-creme","16":"pa_color-weiss","17":"pa_fabric-content-leinen","18":"pa_fabric-weight-lightweight-de","19":"pa_size-2xl-de","20":"pa_size-3xl-de","21":"pa_size-4xl-de","22":"pa_size-5xl-de","23":"pa_size-l-de","24":"pa_size-m-de","25":"pa_size-massanfertigung","26":"pa_size-s-de","27":"pa_size-xl-de","28":"pa_size-xs-de","30":"first","31":"instock","32":"taxable","33":"shipping-taxable","34":"purchasable","35":"product-type-simple"},"_links":{"self":[{"href":"https:\/\/baturina-homewear.com\/de\/wp-json\/wp\/v2\/product\/69761","targetHints":{"allow":["GET"]}}],"collection":[{"href":"https:\/\/baturina-homewear.com\/de\/wp-json\/wp\/v2\/product"}],"about":[{"href":"https:\/\/baturina-homewear.com\/de\/wp-json\/wp\/v2\/types\/product"}],"replies":[{"embeddable":true,"href":"https:\/\/baturina-homewear.com\/de\/wp-json\/wp\/v2\/comments?post=69761"}],"version-history":[{"count":9,"href":"https:\/\/baturina-homewear.com\/de\/wp-json\/wp\/v2\/product\/69761\/revisions"}],"predecessor-version":[{"id":80229,"href":"https:\/\/baturina-homewear.com\/de\/wp-json\/wp\/v2\/product\/69761\/revisions\/80229"}],"wp:featuredmedia":[{"embeddable":true,"href":"https:\/\/baturina-homewear.com\/de\/wp-json\/wp\/v2\/media\/72269"}],"wp:attachment":[{"href":"https:\/\/baturina-homewear.com\/de\/wp-json\/wp\/v2\/media?parent=69761"}],"wp:term":[{"taxonomy":"product_brand","embeddable":true,"href":"https:\/\/baturina-homewear.com\/de\/wp-json\/wp\/v2\/product_brand?post=69761"},{"taxonomy":"product_cat","embeddable":true,"href":"https:\/\/baturina-homewear.com\/de\/wp-json\/wp\/v2\/product_cat?post=69761"},{"taxonomy":"product_tag","embeddable":true,"href":"https:\/\/baturina-homewear.com\/de\/wp-json\/wp\/v2\/product_tag?post=69761"}],"curies":[{"name":"wp","href":"https:\/\/api.w.org\/{rel}","templated":true}]}}