{"id":69762,"date":"2025-05-18T18:57:58","date_gmt":"2025-05-18T16:57:58","guid":{"rendered":"https:\/\/baturina-homewear.com\/product\/morgenmantel-aus-reiner-baumwoll-jacquard-baumwolle-morgenmantel-smaragd-elfenbein\/"},"modified":"2026-03-03T19:14:18","modified_gmt":"2026-03-03T18:14:18","slug":"morgenmantel-aus-reiner-baumwoll-jacquard-baumwolle-morgenmantel-smaragd-elfenbein","status":"publish","type":"product","link":"https:\/\/baturina-homewear.com\/de\/produkt\/morgenmantel-aus-reiner-baumwoll-jacquard-baumwolle-morgenmantel-smaragd-elfenbein\/","title":{"rendered":"Damen Hausmantel Salbei Gr\u00fcn Floral Baumwolle"},"content":{"rendered":"<p>H\u00fcllen Sie sich in allt\u00e4gliche Eleganz mit diesem wundersch\u00f6n geschnittenen Hausmantel aus 100% reiner Baumwolle. Der leichte, aber dennoch robuste Stoff ist atmungsaktiv und strapazierf\u00e4hig und bietet das ganze Jahr \u00fcber Komfort, vom ruhigen Sommermorgen bis zum gem\u00fctlichen Winterabend. <\/p>\n<h2>Eleganter vintage-inspirierter Hausmantel f\u00fcr sie<\/h2>\n<p>Seine weiche Struktur schmiegt sich sanft an die Konturen des K\u00f6rpers an, ohne zu dr\u00fccken, und sorgt f\u00fcr eine entspannte und doch schmeichelhafte Silhouette. Der Stoff ist vollst\u00e4ndig blickdicht und deckt beim Entspannen oder \u00dcberziehen zuverl\u00e4ssig ab. <\/p>\n<p>Das Design mit seinem lebhaften gr\u00fcnen Blumenmuster auf einem warmen, neutralen Grundton erinnert an den frischen Geist des Sommers zu jeder Jahreszeit. Der Morgenmantel mit passendem G\u00fcrtel, Brusttasche und gerade geschnittenen Seitentaschen vereint Charme und Funktionalit\u00e4t. <\/p>\n<h3>Bodenlanger Morgenmantel f\u00fcr Damen mit individueller Passform<\/h3>\n<p>Erh\u00e4ltlich in individueller Gr\u00f6\u00dfe und L\u00e4nge f\u00fcr eine perfekte Passform, ist dies ein Teil, zu dem Sie jeden Tag greifen werden.<\/p>\n<p><strong>Details zur Passform:<\/strong><\/p>\n<ul>\n<li>Brusttasche<\/li>\n<li>Zwei gro\u00dfe Seitentaschen<\/li>\n<li>Langer G\u00fcrtel (210 cm, 82,5 in)<\/li>\n<li>L\u00e4nge des Morgenmantels (abgebildet): 140 cm (55 Zoll)<\/li>\n<\/ul>\n<p><strong>Design-Merkmale:<\/strong><\/p>\n<ul>\n<li>Schalkragen<\/li>\n<li>ungef\u00fcttert<\/li>\n<li>mit goldenen Paspeln eingefasst<\/li>\n<\/ul>\n<p><strong>Materialien und Pflege:<\/strong><\/p>\n<ul>\n<li>100% Baumwolle<\/li>\n<li>mittleres Gewicht<\/li>\n<li>Maschinenw\u00e4sche bei 30\u00b0C (86\u00b0F), nicht im Trockner trocknen, bei geringer Hitze b\u00fcgeln.<\/li>\n<\/ul>\n<p>&nbsp;<\/p>\n","protected":false},"excerpt":{"rendered":"<p>H\u00fcllen Sie sich in allt\u00e4gliche Eleganz mit diesem wundersch\u00f6n geschnittenen Hausmantel aus 100% reiner Baumwolle.<\/p>\n","protected":false},"featured_media":69741,"comment_status":"closed","ping_status":"closed","template":"","meta":[],"product_brand":[],"product_cat":[728,759,899,1152],"product_tag":[731,768],"class_list":{"0":"post-69762","1":"product","2":"type-product","3":"status-publish","4":"has-post-thumbnail","6":"product_cat-damen-morgenmantel","7":"product_cat-damen-hausmantel","8":"product_cat-limited-edition-de","9":"product_cat-sommer-morgenmantel","10":"product_tag-custom-size-damen","11":"product_tag-monogram-de","12":"product_shipping_class-auf-bestellung","13":"pa_color-green-de","14":"pa_fabric-content-cotton-de","15":"pa_fabric-weave-type-jacquard-de","16":"pa_pattern-blumen","17":"pa_size-2xl-de","18":"pa_size-3xl-de","19":"pa_size-4xl-de","20":"pa_size-5xl-de","21":"pa_size-l-de","22":"pa_size-m-de","23":"pa_size-massanfertigung","24":"pa_size-s-de","25":"pa_size-xl-de","26":"pa_size-xs-de","27":"pa_style-elegant-de","29":"first","30":"instock","31":"taxable","32":"shipping-taxable","33":"purchasable","34":"product-type-simple"},"_links":{"self":[{"href":"https:\/\/baturina-homewear.com\/de\/wp-json\/wp\/v2\/product\/69762","targetHints":{"allow":["GET"]}}],"collection":[{"href":"https:\/\/baturina-homewear.com\/de\/wp-json\/wp\/v2\/product"}],"about":[{"href":"https:\/\/baturina-homewear.com\/de\/wp-json\/wp\/v2\/types\/product"}],"replies":[{"embeddable":true,"href":"https:\/\/baturina-homewear.com\/de\/wp-json\/wp\/v2\/comments?post=69762"}],"version-history":[{"count":7,"href":"https:\/\/baturina-homewear.com\/de\/wp-json\/wp\/v2\/product\/69762\/revisions"}],"predecessor-version":[{"id":79457,"href":"https:\/\/baturina-homewear.com\/de\/wp-json\/wp\/v2\/product\/69762\/revisions\/79457"}],"wp:featuredmedia":[{"embeddable":true,"href":"https:\/\/baturina-homewear.com\/de\/wp-json\/wp\/v2\/media\/69741"}],"wp:attachment":[{"href":"https:\/\/baturina-homewear.com\/de\/wp-json\/wp\/v2\/media?parent=69762"}],"wp:term":[{"taxonomy":"product_brand","embeddable":true,"href":"https:\/\/baturina-homewear.com\/de\/wp-json\/wp\/v2\/product_brand?post=69762"},{"taxonomy":"product_cat","embeddable":true,"href":"https:\/\/baturina-homewear.com\/de\/wp-json\/wp\/v2\/product_cat?post=69762"},{"taxonomy":"product_tag","embeddable":true,"href":"https:\/\/baturina-homewear.com\/de\/wp-json\/wp\/v2\/product_tag?post=69762"}],"curies":[{"name":"wp","href":"https:\/\/api.w.org\/{rel}","templated":true}]}}