{"id":70716,"date":"2025-05-24T17:52:06","date_gmt":"2025-05-24T15:52:06","guid":{"rendered":"https:\/\/baturina-homewear.com\/product\/herren-hausmantel-seegruener-baumwolljacquard-und-samt-mit-silbernen-paspeln\/"},"modified":"2026-03-23T14:19:16","modified_gmt":"2026-03-23T13:19:16","slug":"herren-hausmantel-seegruener-baumwolljacquard-und-samt-mit-silbernen-paspeln","status":"publish","type":"product","link":"https:\/\/baturina-homewear.com\/de\/produkt\/herren-hausmantel-seegruener-baumwolljacquard-und-samt-mit-silbernen-paspeln\/","title":{"rendered":"Herren Hausmantel Salbei Gr\u00fcn Baumwolle"},"content":{"rendered":"<p>Dieser elegante Hausmantel ist aus reiner Baumwolle in edlen, erdigen Salbeigr\u00fcnt\u00f6nen gefertigt. Der fein gewebte Jacquard weist ein subtiles gestricheltes Muster auf, das f\u00fcr Struktur sorgt und gleichzeitig atmungsaktiv und angenehm auf der Haut ist. <\/p>\n<p>Details aus dunklem Samt umrahmen den Kragen und die Akzente und schaffen einen reichen Kontrast, der die gesamte Silhouette aufwertet. Das Design ist mit silbernen Paspeln versehen, die jede Linie pr\u00e4zise umranden. Binden Sie den Mantel einfach mit dem langen G\u00fcrtel und lassen Sie die Struktur von dem Jacquard und Samt den Look nat\u00fcrlich formen.  <\/p>\n<p>Der ungef\u00fctterte und leichte Mantel eignet sich perfekt f\u00fcr w\u00e4rmere Tage und bietet dennoch sanfte W\u00e4rme, wenn die Temperaturen sinken. Der Stoff ist sehr formstabil und verleiht dem Morgenmantel eine ma\u00dfgeschneiderte Pr\u00e4senz. <\/p>\n<p>Kombinieren Sie es mit dem passenden salbeigr\u00fcnen Satin-Pyjama-Set f\u00fcr ein harmonisches Ensemble und vervollst\u00e4ndigen Sie den Look mit einer Smoking Cap oder einer Schlafmaske f\u00fcr einen letzten Hauch von dezenter Eleganz. Eine zeitlose Erg\u00e4nzung der Herrengarderobe, entworfen f\u00fcr diejenigen, die Raffinesse in jedem Detail zu sch\u00e4tzen wissen. <\/p>\n<ul>\n<li>Schalkragen<\/li>\n<li>ungef\u00fcttert<\/li>\n<li>Brusttasche<\/li>\n<li>Bietet Seitentaschen<\/li>\n<li>diskrete Aufh\u00e4ngeschlaufe<\/li>\n<li>Umschlagmanschetten<\/li>\n<li>mit Paspeln eingefasst<\/li>\n<li>langer G\u00fcrtel<\/li>\n<li>L\u00e4nge des Morgenmantels auf den Fotos: 135 cm (53 in)<\/li>\n<\/ul>\n<p>Material und Pflege: 100% Baumwolle. Maschinenw\u00e4sche bei 30\u00b0C (86\u00b0F), nicht im Trockner trocknen, bei geringer Hitze b\u00fcgeln.<\/p>\n","protected":false},"excerpt":{"rendered":"<p>Ein eleganter, leichter Morgenmantel aus reiner Baumwolle in beruhigenden und erdigen Salbeigr\u00fcnt\u00f6nen.<\/p>\n","protected":false},"featured_media":70674,"comment_status":"closed","ping_status":"closed","template":"","meta":[],"product_brand":[],"product_cat":[1105,463,491,1205,899,1212],"product_tag":[464,768],"class_list":{"0":"post-70716","1":"product","2":"type-product","3":"status-publish","4":"has-post-thumbnail","6":"product_cat-sommer-mantel","7":"product_cat-herren-hausmantel","8":"product_cat-morgenmaentel","9":"product_cat-kollektionen","10":"product_cat-limited-edition-de","11":"product_cat-sanfte-entspannung","12":"product_tag-custom-size-de","13":"product_tag-monogram-de","14":"product_shipping_class-auf-bestellung","15":"pa_color-green-de","16":"pa_fabric-content-cotton-de","17":"pa_fabric-weave-type-jacquard-de","18":"pa_fabric-weight-lightweight-de","19":"pa_pattern-abstrakt","20":"pa_size-2xl-de","21":"pa_size-3xl-de","22":"pa_size-4xl-de","23":"pa_size-5xl-de","24":"pa_size-l-de","25":"pa_size-m-de","26":"pa_size-massanfertigung","27":"pa_size-s-de","28":"pa_size-xl-de","29":"pa_size-xs-de","30":"pa_style-klassisch","32":"first","33":"instock","34":"taxable","35":"shipping-taxable","36":"purchasable","37":"product-type-simple"},"_links":{"self":[{"href":"https:\/\/baturina-homewear.com\/de\/wp-json\/wp\/v2\/product\/70716","targetHints":{"allow":["GET"]}}],"collection":[{"href":"https:\/\/baturina-homewear.com\/de\/wp-json\/wp\/v2\/product"}],"about":[{"href":"https:\/\/baturina-homewear.com\/de\/wp-json\/wp\/v2\/types\/product"}],"replies":[{"embeddable":true,"href":"https:\/\/baturina-homewear.com\/de\/wp-json\/wp\/v2\/comments?post=70716"}],"version-history":[{"count":7,"href":"https:\/\/baturina-homewear.com\/de\/wp-json\/wp\/v2\/product\/70716\/revisions"}],"predecessor-version":[{"id":79322,"href":"https:\/\/baturina-homewear.com\/de\/wp-json\/wp\/v2\/product\/70716\/revisions\/79322"}],"wp:featuredmedia":[{"embeddable":true,"href":"https:\/\/baturina-homewear.com\/de\/wp-json\/wp\/v2\/media\/70674"}],"wp:attachment":[{"href":"https:\/\/baturina-homewear.com\/de\/wp-json\/wp\/v2\/media?parent=70716"}],"wp:term":[{"taxonomy":"product_brand","embeddable":true,"href":"https:\/\/baturina-homewear.com\/de\/wp-json\/wp\/v2\/product_brand?post=70716"},{"taxonomy":"product_cat","embeddable":true,"href":"https:\/\/baturina-homewear.com\/de\/wp-json\/wp\/v2\/product_cat?post=70716"},{"taxonomy":"product_tag","embeddable":true,"href":"https:\/\/baturina-homewear.com\/de\/wp-json\/wp\/v2\/product_tag?post=70716"}],"curies":[{"name":"wp","href":"https:\/\/api.w.org\/{rel}","templated":true}]}}