{"id":70717,"date":"2025-05-24T18:08:08","date_gmt":"2025-05-24T16:08:08","guid":{"rendered":"https:\/\/baturina-homewear.com\/product\/herren-hausmantel-seegruener-samt-mit-silbernen-paspeln\/"},"modified":"2026-03-24T14:02:02","modified_gmt":"2026-03-24T13:02:02","slug":"herren-hausmantel-seegruener-samt-mit-silbernen-paspeln","status":"publish","type":"product","link":"https:\/\/baturina-homewear.com\/de\/produkt\/herren-hausmantel-seegruener-samt-mit-silbernen-paspeln\/","title":{"rendered":"Herren Hausmantel T\u00fcrkis Samt"},"content":{"rendered":"<p>Entdecken Sie Eleganz in diesem pl\u00fcschigen und sanft w\u00e4rmenden Morgenmantel aus reinem Baumwollsamt und k\u00fchlender Viskose. Er ist aus reichhaltigem Baumwollsamt in einem zeitlosen Teal-Farbton gefertigt und h\u00fcllt Sie in Luxus ein. Innen erwartet Sie ein k\u00fchlendes, geschmeidiges Viskosefutter mit einem neuartigen Hirschmuster.   Mit kontrastierenden silbernen Paspeln versehen. Einfach mit dem langen G\u00fcrtel befestigen. Wenn Sie auf der Suche nach einem warmen Morgenmantel sind, den Sie bei k\u00fchlen Temperaturen im Haus tragen k\u00f6nnen, ist dieser Morgenmantel perfekt. Alle unsere Designs werden individuell auf Bestellung in unserem Atelier angefertigt und jedes ist das Ergebnis stundenlanger handwerklicher Arbeit. Genie\u00dfen Sie Komfort und Stil in unseren Herren Morgenm\u00e4nteln, Pyjama Sets und Accessoires, hergestellt in Hamburg, Deutschland. <\/p>\n<p><strong>Design-Merkmale:<\/strong><\/p>\n<ul>\n<li>Schalkragen<\/li>\n<li>voll gef\u00fcttert<\/li>\n<li>Brusttasche<\/li>\n<li>Bietet Seitentaschen<\/li>\n<li>diskrete Aufh\u00e4ngeschlaufe<\/li>\n<li>Umschlagmanschetten<\/li>\n<li>mit Paspeln eingefasst<\/li>\n<li>langer G\u00fcrtel<\/li>\n<li>L\u00e4nge des Morgenmantels auf den Fotos: 125 cm (49 in)<\/li>\n<\/ul>\n<p><strong>Materialien und Pflege:<\/strong><\/p>\n<ul>\n<li>100% Baumwolle<\/li>\n<li>geringes Gewicht<\/li>\n<li>Maschinenw\u00e4sche bei 30\u00b0C (86\u00b0F), nicht im Trockner trocknen, bei geringer Hitze b\u00fcgeln.<\/li>\n<\/ul>\n","protected":false},"excerpt":{"rendered":"<p>Der pl\u00fcschige Samt umh\u00fcllt Sie mit Luxus. Im Inneren erwartet Sie ein k\u00fchlendes, geschmeidiges Viskosefutter mit neuartigem Hirschmuster. <\/p>\n","protected":false},"featured_media":79338,"comment_status":"closed","ping_status":"closed","template":"","meta":[],"product_brand":[],"product_cat":[463,491,980,994,1211],"product_tag":[464,768],"class_list":{"0":"post-70717","1":"product","2":"type-product","3":"status-publish","4":"has-post-thumbnail","6":"product_cat-herren-hausmantel","7":"product_cat-morgenmaentel","8":"product_cat-samt-bademantel","9":"product_cat-warme-mantel","10":"product_cat-winter-lounge","11":"product_tag-custom-size-de","12":"product_tag-monogram-de","13":"product_shipping_class-auf-bestellung","14":"pa_color-green-de","15":"pa_fabric-content-cotton-de","16":"pa_fabric-weave-type-samt","17":"pa_fabric-weight-schwer-und-warm","18":"pa_pattern-einfarbig","19":"pa_size-2xl-de","20":"pa_size-3xl-de","21":"pa_size-4xl-de","22":"pa_size-5xl-de","23":"pa_size-l-de","24":"pa_size-m-de","25":"pa_size-massanfertigung","26":"pa_size-s-de","27":"pa_size-xl-de","28":"pa_size-xs-de","29":"pa_style-klassisch","31":"first","32":"instock","33":"taxable","34":"shipping-taxable","35":"purchasable","36":"product-type-simple"},"_links":{"self":[{"href":"https:\/\/baturina-homewear.com\/de\/wp-json\/wp\/v2\/product\/70717","targetHints":{"allow":["GET"]}}],"collection":[{"href":"https:\/\/baturina-homewear.com\/de\/wp-json\/wp\/v2\/product"}],"about":[{"href":"https:\/\/baturina-homewear.com\/de\/wp-json\/wp\/v2\/types\/product"}],"replies":[{"embeddable":true,"href":"https:\/\/baturina-homewear.com\/de\/wp-json\/wp\/v2\/comments?post=70717"}],"version-history":[{"count":9,"href":"https:\/\/baturina-homewear.com\/de\/wp-json\/wp\/v2\/product\/70717\/revisions"}],"predecessor-version":[{"id":80344,"href":"https:\/\/baturina-homewear.com\/de\/wp-json\/wp\/v2\/product\/70717\/revisions\/80344"}],"wp:featuredmedia":[{"embeddable":true,"href":"https:\/\/baturina-homewear.com\/de\/wp-json\/wp\/v2\/media\/79338"}],"wp:attachment":[{"href":"https:\/\/baturina-homewear.com\/de\/wp-json\/wp\/v2\/media?parent=70717"}],"wp:term":[{"taxonomy":"product_brand","embeddable":true,"href":"https:\/\/baturina-homewear.com\/de\/wp-json\/wp\/v2\/product_brand?post=70717"},{"taxonomy":"product_cat","embeddable":true,"href":"https:\/\/baturina-homewear.com\/de\/wp-json\/wp\/v2\/product_cat?post=70717"},{"taxonomy":"product_tag","embeddable":true,"href":"https:\/\/baturina-homewear.com\/de\/wp-json\/wp\/v2\/product_tag?post=70717"}],"curies":[{"name":"wp","href":"https:\/\/api.w.org\/{rel}","templated":true}]}}