{"id":71504,"date":"2025-06-22T18:22:28","date_gmt":"2025-06-22T16:22:28","guid":{"rendered":"https:\/\/baturina-homewear.com\/product\/smoking-cap-aus-newspaper-motivdruck-baumwolle\/"},"modified":"2026-03-14T14:33:45","modified_gmt":"2026-03-14T13:33:45","slug":"smoking-cap-aus-newspaper-motivdruck-baumwolle","status":"publish","type":"product","link":"https:\/\/baturina-homewear.com\/de\/produkt\/smoking-cap-aus-newspaper-motivdruck-baumwolle\/","title":{"rendered":"Smoking Cap Zeitungsdruck Baumwolle"},"content":{"rendered":"<p>Diese Smoking Cap mit Zeitungsaufdruck ist eine charmante Anspielung auf die alte Freizeitkleidung und setzt dem Ganzen die Krone des Witzes und der Raffinesse auf. Sie ist aus dicker, strapazierf\u00e4higer Baumwolle mit dem gleichen detailreichen Druck wie unser Morgenmantel gefertigt und verbindet Tradition mit spielerischer Raffinesse. <\/p>\n<p>Die strukturierte Form wird von einem verdeckten Knopf gekr\u00f6nt und mit einer schwarzen Quaste abgeschlossen, die bei jeder hochgezogenen Augenbraue und klugen Bemerkung mitschwingt. Das vollst\u00e4ndig gef\u00fctterte Futter aus schwarzem Baumwollsatin sorgt f\u00fcr Komfort und eignet sich perfekt f\u00fcr Abende vor dem Kamin, in der Leseecke oder einfach, um Ihre Kleidung zu Hause aufzuwerten. <\/p>\n<p>Tragen Sie ihn allein oder vervollst\u00e4ndigen Sie den Look mit dem passenden Morgenmantel f\u00fcr maximale Wirkung.<\/p>\n<ul>\n<li>Stoff: Strapazierf\u00e4hige bedruckte Baumwolle au\u00dfen<\/li>\n<li>Futter: Schwarze Baumwolle<\/li>\n<li>Klassische schwarze Quaste und verdeckter Knopf<\/li>\n<li>Passform: Bequem und strukturiert<\/li>\n<li>H\u00f6he: 10 cm (etwa 4 Zoll)<\/li>\n<\/ul>\n","protected":false},"excerpt":{"rendered":"<p>Diese Smoking Cap mit Zeitungsaufdruck ist eine charmante Anspielung auf die alte Freizeitkleidung und setzt dem Ganzen die Krone des<\/p>\n","protected":false},"featured_media":71406,"comment_status":"closed","ping_status":"closed","template":"","meta":[],"product_brand":[],"product_cat":[899,555,490],"product_tag":[],"class_list":{"0":"post-71504","1":"product","2":"type-product","3":"status-publish","4":"has-post-thumbnail","6":"product_cat-limited-edition-de","7":"product_cat-accessoires","8":"product_cat-smoking-caps-de","9":"product_shipping_class-small-de","10":"pa_color-black-de","11":"pa_fabric-content-cotton-de","13":"first","14":"instock","15":"taxable","16":"shipping-taxable","17":"purchasable","18":"product-type-variable"},"_links":{"self":[{"href":"https:\/\/baturina-homewear.com\/de\/wp-json\/wp\/v2\/product\/71504","targetHints":{"allow":["GET"]}}],"collection":[{"href":"https:\/\/baturina-homewear.com\/de\/wp-json\/wp\/v2\/product"}],"about":[{"href":"https:\/\/baturina-homewear.com\/de\/wp-json\/wp\/v2\/types\/product"}],"replies":[{"embeddable":true,"href":"https:\/\/baturina-homewear.com\/de\/wp-json\/wp\/v2\/comments?post=71504"}],"version-history":[{"count":2,"href":"https:\/\/baturina-homewear.com\/de\/wp-json\/wp\/v2\/product\/71504\/revisions"}],"predecessor-version":[{"id":73337,"href":"https:\/\/baturina-homewear.com\/de\/wp-json\/wp\/v2\/product\/71504\/revisions\/73337"}],"wp:featuredmedia":[{"embeddable":true,"href":"https:\/\/baturina-homewear.com\/de\/wp-json\/wp\/v2\/media\/71406"}],"wp:attachment":[{"href":"https:\/\/baturina-homewear.com\/de\/wp-json\/wp\/v2\/media?parent=71504"}],"wp:term":[{"taxonomy":"product_brand","embeddable":true,"href":"https:\/\/baturina-homewear.com\/de\/wp-json\/wp\/v2\/product_brand?post=71504"},{"taxonomy":"product_cat","embeddable":true,"href":"https:\/\/baturina-homewear.com\/de\/wp-json\/wp\/v2\/product_cat?post=71504"},{"taxonomy":"product_tag","embeddable":true,"href":"https:\/\/baturina-homewear.com\/de\/wp-json\/wp\/v2\/product_tag?post=71504"}],"curies":[{"name":"wp","href":"https:\/\/api.w.org\/{rel}","templated":true}]}}