{"id":71505,"date":"2025-06-22T19:14:18","date_gmt":"2025-06-22T17:14:18","guid":{"rendered":"https:\/\/baturina-homewear.com\/product\/herren-hausmantel-dunkelblau-gold-gesteppt\/"},"modified":"2025-11-20T14:48:31","modified_gmt":"2025-11-20T13:48:31","slug":"herren-hausmantel-dunkelblau-gold-gesteppt","status":"publish","type":"product","link":"https:\/\/baturina-homewear.com\/de\/produkt\/herren-hausmantel-dunkelblau-gold-gesteppt\/","title":{"rendered":"Herren Hausmantel Dunkelblau Gold gesteppt"},"content":{"rendered":"<p>Leichter und weicher Morgenmantel aus dunkelblauer Baumwolle und kostbarem Goldsatin. Dieser leichte Morgenmantel zum Entspannen ist eine Bereicherung f\u00fcr den Morgen, den Abend und alles, was dazwischen liegt. Mit unserer charakteristischen, feinen Steppung und schwarz-goldenen Paspeln aus Kordel.  <\/p>\n<ul>\n<li>Schalkragen<\/li>\n<li>Brusttasche<\/li>\n<li>zwei tiefe Seitentaschen<\/li>\n<li>verstellbare Umschlagmanschetten<\/li>\n<li>bequeme, lockere Passform<\/li>\n<li>diskrete Aufh\u00e4ngeschlaufe auf der R\u00fcckseite<\/li>\n<li>langer G\u00fcrtel<\/li>\n<li>Gr\u00f6\u00dfe: 2XL<\/li>\n<li>L\u00e4nge des Morgenmantels: 140 cm (55 in)<\/li>\n<li>Material und Pflege: \u00c4u\u00dferes: 60% Baumwolle, 40% Polyester. Innen: 100% Polyester. Maschinenw\u00e4sche bei 30\u00b0C, nicht im Trockner trocknen, bei niedriger Hitze b\u00fcgeln.\n<div class=\"elementor-element elementor-element-ed93886 color-scheme-inherit text-left elementor-widget elementor-widget-text-editor\" data-id=\"ed93886\" data-element_type=\"widget\" data-widget_type=\"text-editor.default\">\n<div class=\"elementor-widget-container\"><\/div>\n<\/div>\n<\/li>\n<\/ul>\n","protected":false},"excerpt":{"rendered":"<p>Leichter und weicher Morgenmantel aus dunkelblauer Baumwolle und kostbarem Goldsatin. Dieser leichte Morgenmantel zum Entspannen ist eine Bereicherung f\u00fcr den<\/p>\n","protected":false},"featured_media":71434,"comment_status":"closed","ping_status":"closed","template":"","meta":[],"product_brand":[],"product_cat":[1190],"product_tag":[],"class_list":{"0":"post-71505","1":"product","2":"type-product","3":"status-publish","4":"has-post-thumbnail","6":"product_cat-lagerverkauf","7":"product_shipping_class-regular-de","8":"pa_color-blau","9":"pa_color-gold-de","10":"pa_fabric-content-cotton-de","11":"pa_fabric-weight-lightweight-de","12":"pa_product-type-einzelstuck","13":"pa_product-type-schnell-lieferbar","14":"pa_size-2xl-de","15":"pa_style-koniglich","17":"first","18":"instock","19":"taxable","20":"shipping-taxable","21":"purchasable","22":"product-type-variable","23":"has-default-attributes"},"_links":{"self":[{"href":"https:\/\/baturina-homewear.com\/de\/wp-json\/wp\/v2\/product\/71505","targetHints":{"allow":["GET"]}}],"collection":[{"href":"https:\/\/baturina-homewear.com\/de\/wp-json\/wp\/v2\/product"}],"about":[{"href":"https:\/\/baturina-homewear.com\/de\/wp-json\/wp\/v2\/types\/product"}],"replies":[{"embeddable":true,"href":"https:\/\/baturina-homewear.com\/de\/wp-json\/wp\/v2\/comments?post=71505"}],"version-history":[{"count":4,"href":"https:\/\/baturina-homewear.com\/de\/wp-json\/wp\/v2\/product\/71505\/revisions"}],"predecessor-version":[{"id":76175,"href":"https:\/\/baturina-homewear.com\/de\/wp-json\/wp\/v2\/product\/71505\/revisions\/76175"}],"wp:featuredmedia":[{"embeddable":true,"href":"https:\/\/baturina-homewear.com\/de\/wp-json\/wp\/v2\/media\/71434"}],"wp:attachment":[{"href":"https:\/\/baturina-homewear.com\/de\/wp-json\/wp\/v2\/media?parent=71505"}],"wp:term":[{"taxonomy":"product_brand","embeddable":true,"href":"https:\/\/baturina-homewear.com\/de\/wp-json\/wp\/v2\/product_brand?post=71505"},{"taxonomy":"product_cat","embeddable":true,"href":"https:\/\/baturina-homewear.com\/de\/wp-json\/wp\/v2\/product_cat?post=71505"},{"taxonomy":"product_tag","embeddable":true,"href":"https:\/\/baturina-homewear.com\/de\/wp-json\/wp\/v2\/product_tag?post=71505"}],"curies":[{"name":"wp","href":"https:\/\/api.w.org\/{rel}","templated":true}]}}