{"id":71776,"date":"2025-06-27T18:41:12","date_gmt":"2025-06-27T16:41:12","guid":{"rendered":"https:\/\/baturina-homewear.com\/product\/herren-bademantel-floral-jacquard-pastellblau-hellgold\/"},"modified":"2025-09-11T11:33:34","modified_gmt":"2025-09-11T09:33:34","slug":"herren-bademantel-floral-jacquard-pastellblau-hellgold","status":"publish","type":"product","link":"https:\/\/baturina-homewear.com\/de\/produkt\/herren-bademantel-floral-jacquard-pastellblau-hellgold\/","title":{"rendered":"Herren Morgenmantel Floral Jacquard Pastellblau Hellgold"},"content":{"rendered":"<p>Das komplizierte Blumenmuster dieses Morgenmantels ist in blassen Gold- und Pastellblaut\u00f6nen gewebt. Dieser Stoff in limitierter Auflage strahlt Eleganz aus. Er besteht aus einem Baumwoll-Polyester-Gemisch und ist sehr strapazierf\u00e4hig, um dem t\u00e4glichen Gebrauch standzuhalten und viele Jahre lang gesch\u00e4tzt zu werden. Wir haben den Morgenmantel so designt, dass der doppelseitige Stoff bewusst zur Geltung kommt: Die blaue Seite wird f\u00fcr den Hauptteil verwendet, w\u00e4hrend das helle Gold Revers, Manschetten und Taschenbes\u00e4tze akzentuiert. Die lilafarbenen Paspeln setzen einen farblichen Akzent. Innen erwartet Sie ein glatter und geschmeidiger, k\u00fchlender anthrazitgrauer Satin. Insgesamt bringt dieser leichte Morgenmantel in zarten Farben Eleganz und Entspannung in Ihren Alltag, egal ob Sie ihn morgens als \u00dcberwurf oder abends zum Entspannen tragen. Wie alle unsere Morgenm\u00e4ntel hat er eine gro\u00dfz\u00fcgige Passform, Umschlagmanschetten und einen langen G\u00fcrtel.       <\/p>\n<ul>\n<li>Schalkragen<\/li>\n<li>Brusttasche<\/li>\n<li>zwei tiefe Seitentaschen<\/li>\n<li>verstellbare Umschlagmanschetten<\/li>\n<li>bequeme, lockere Passform<\/li>\n<li>diskrete Aufh\u00e4ngeschlaufe auf der R\u00fcckseite<\/li>\n<li>langer G\u00fcrtel<\/li>\n<li>Material und Pflege: 60% Baumwolle, 40% Polyester. Separat in der Maschine bei 30\u00b0C waschen, nicht im Trockner trocknen, bei niedriger Hitze b\u00fcgeln. <\/li>\n<\/ul>\n","protected":false},"excerpt":{"rendered":"<p>Ein atemberaubender Morgenmantel f\u00fcr den modernen Gentleman, mit wundersch\u00f6n gewebten Blumen und einer eleganten Farbpalette aus Pastellblau und hellem Gold.<\/p>\n<p><strong>Limitierte Auflage. Es werden nur 8 Morgenm\u00e4ntel hergestellt. <\/strong><\/p>\n","protected":false},"featured_media":75714,"comment_status":"closed","ping_status":"closed","template":"","meta":[],"product_brand":[],"product_cat":[899,463,491],"product_tag":[464,768],"class_list":{"0":"post-71776","1":"product","2":"type-product","3":"status-publish","4":"has-post-thumbnail","6":"product_cat-limited-edition-de","7":"product_cat-herren-hausmantel","8":"product_cat-morgenmaentel","9":"product_tag-custom-size-de","10":"product_tag-monogram-de","11":"product_shipping_class-auf-bestellung","12":"pa_color-blau","13":"pa_color-swatch-blau","14":"pa_fabric-content-cotton-de","15":"pa_fabric-content-polyester-viscose-mix-de","16":"pa_fabric-weave-type-jacquard-de","17":"pa_fabric-weave-type-satin-de","18":"pa_fabric-weight-lightweight-de","19":"pa_pattern-blumen","20":"pa_product-type-limited-edition-de","21":"pa_size-2xl-de","22":"pa_size-3xl-de","23":"pa_size-4xl-de","24":"pa_size-5xl-de","25":"pa_size-l-de","26":"pa_size-m-de","27":"pa_size-massanfertigung","28":"pa_size-s-de","29":"pa_size-xl-de","30":"pa_size-xs-de","32":"first","33":"instock","34":"taxable","35":"shipping-taxable","36":"purchasable","37":"product-type-simple"},"_links":{"self":[{"href":"https:\/\/baturina-homewear.com\/de\/wp-json\/wp\/v2\/product\/71776","targetHints":{"allow":["GET"]}}],"collection":[{"href":"https:\/\/baturina-homewear.com\/de\/wp-json\/wp\/v2\/product"}],"about":[{"href":"https:\/\/baturina-homewear.com\/de\/wp-json\/wp\/v2\/types\/product"}],"replies":[{"embeddable":true,"href":"https:\/\/baturina-homewear.com\/de\/wp-json\/wp\/v2\/comments?post=71776"}],"version-history":[{"count":3,"href":"https:\/\/baturina-homewear.com\/de\/wp-json\/wp\/v2\/product\/71776\/revisions"}],"predecessor-version":[{"id":73728,"href":"https:\/\/baturina-homewear.com\/de\/wp-json\/wp\/v2\/product\/71776\/revisions\/73728"}],"wp:featuredmedia":[{"embeddable":true,"href":"https:\/\/baturina-homewear.com\/de\/wp-json\/wp\/v2\/media\/75714"}],"wp:attachment":[{"href":"https:\/\/baturina-homewear.com\/de\/wp-json\/wp\/v2\/media?parent=71776"}],"wp:term":[{"taxonomy":"product_brand","embeddable":true,"href":"https:\/\/baturina-homewear.com\/de\/wp-json\/wp\/v2\/product_brand?post=71776"},{"taxonomy":"product_cat","embeddable":true,"href":"https:\/\/baturina-homewear.com\/de\/wp-json\/wp\/v2\/product_cat?post=71776"},{"taxonomy":"product_tag","embeddable":true,"href":"https:\/\/baturina-homewear.com\/de\/wp-json\/wp\/v2\/product_tag?post=71776"}],"curies":[{"name":"wp","href":"https:\/\/api.w.org\/{rel}","templated":true}]}}