{"id":72152,"date":"2025-07-04T12:20:08","date_gmt":"2025-07-04T10:20:08","guid":{"rendered":"https:\/\/baturina-homewear.com\/product\/damenmantel-hausjacke-schwarzer-samt-mit-goldenen-details\/"},"modified":"2026-02-11T17:31:14","modified_gmt":"2026-02-11T16:31:14","slug":"damenmantel-hausjacke-schwarzer-samt-mit-goldenen-details","status":"publish","type":"product","link":"https:\/\/baturina-homewear.com\/de\/produkt\/damenmantel-hausjacke-schwarzer-samt-mit-goldenen-details\/","title":{"rendered":"Damen Morgenmantel Hausjacke Schwarzer Samt mit goldenen Details"},"content":{"rendered":"<p>Entdecken Sie die Eleganz dieses warmen und eleganten Morgenmantels im klassischen Stil einer Hausjacke aus Baumwollsamt und reichhaltiger Satinviskose. Der pl\u00fcschige Samt h\u00fcllt Sie in Luxus ein. Innen erwartet Sie ein k\u00fchlendes, weiches Futter. Mit kontrastierenden Paspeln verziert.    Einfach mit dem langen G\u00fcrtel mit Quasten schlie\u00dfen.<\/p>\n<p><strong>Design-Merkmale:<\/strong><\/p>\n<ul>\n<li>Schalkragen<\/li>\n<li>voll gef\u00fcttert<\/li>\n<li>Brusttasche<\/li>\n<li>Bietet Seitentaschen<\/li>\n<li>diskrete Aufh\u00e4ngeschlaufe<\/li>\n<li>Umschlagmanschetten<\/li>\n<li>mit Paspeln eingefasst<\/li>\n<li>langer G\u00fcrtel<\/li>\n<li>Gr\u00f6\u00dfe und L\u00e4nge vollst\u00e4ndig anpassbar<\/li>\n<\/ul>\n<p><strong>Materialien und Pflege:<\/strong><\/p>\n<ul>\n<li>100% Baumwolle<\/li>\n<li>schwer und warm<\/li>\n<li>Maschinenw\u00e4sche bei 30\u00b0C (86\u00b0F), nicht im Trockner trocknen, bei geringer Hitze b\u00fcgeln.<\/li>\n<\/ul>\n","protected":false},"excerpt":{"rendered":"<p>Entdecken Sie die Eleganz dieses warmen und eleganten Morgenmantels im klassischen Stil einer Hausjacke.<\/p>\n","protected":false},"featured_media":72093,"comment_status":"closed","ping_status":"closed","template":"","meta":[],"product_brand":[],"product_cat":[728,1153],"product_tag":[731,768],"class_list":{"0":"post-72152","1":"product","2":"type-product","3":"status-publish","4":"has-post-thumbnail","6":"product_cat-damen-morgenmantel","7":"product_cat-warme-morgenmantel","8":"product_tag-custom-size-damen","9":"product_tag-monogram-de","10":"pa_fabric-content-cotton-de","11":"pa_fabric-weight-schwer-und-warm","12":"pa_size-l-de","13":"pa_size-m-de","14":"pa_size-s-de","15":"pa_size-xl-de","16":"pa_size-xs-de","18":"first","19":"outofstock","20":"taxable","21":"shipping-taxable","22":"purchasable","23":"product-type-simple"},"_links":{"self":[{"href":"https:\/\/baturina-homewear.com\/de\/wp-json\/wp\/v2\/product\/72152","targetHints":{"allow":["GET"]}}],"collection":[{"href":"https:\/\/baturina-homewear.com\/de\/wp-json\/wp\/v2\/product"}],"about":[{"href":"https:\/\/baturina-homewear.com\/de\/wp-json\/wp\/v2\/types\/product"}],"replies":[{"embeddable":true,"href":"https:\/\/baturina-homewear.com\/de\/wp-json\/wp\/v2\/comments?post=72152"}],"version-history":[{"count":5,"href":"https:\/\/baturina-homewear.com\/de\/wp-json\/wp\/v2\/product\/72152\/revisions"}],"predecessor-version":[{"id":79129,"href":"https:\/\/baturina-homewear.com\/de\/wp-json\/wp\/v2\/product\/72152\/revisions\/79129"}],"wp:featuredmedia":[{"embeddable":true,"href":"https:\/\/baturina-homewear.com\/de\/wp-json\/wp\/v2\/media\/72093"}],"wp:attachment":[{"href":"https:\/\/baturina-homewear.com\/de\/wp-json\/wp\/v2\/media?parent=72152"}],"wp:term":[{"taxonomy":"product_brand","embeddable":true,"href":"https:\/\/baturina-homewear.com\/de\/wp-json\/wp\/v2\/product_brand?post=72152"},{"taxonomy":"product_cat","embeddable":true,"href":"https:\/\/baturina-homewear.com\/de\/wp-json\/wp\/v2\/product_cat?post=72152"},{"taxonomy":"product_tag","embeddable":true,"href":"https:\/\/baturina-homewear.com\/de\/wp-json\/wp\/v2\/product_tag?post=72152"}],"curies":[{"name":"wp","href":"https:\/\/api.w.org\/{rel}","templated":true}]}}