{"id":72153,"date":"2025-07-04T12:18:50","date_gmt":"2025-07-04T10:18:50","guid":{"rendered":"https:\/\/baturina-homewear.com\/product\/damen-morgenmantel-seegruener-samt-mit-silberpaspel\/"},"modified":"2026-03-24T14:01:58","modified_gmt":"2026-03-24T13:01:58","slug":"damen-morgenmantel-seegruener-samt-mit-silberpaspel","status":"publish","type":"product","link":"https:\/\/baturina-homewear.com\/de\/produkt\/damen-morgenmantel-seegruener-samt-mit-silberpaspel\/","title":{"rendered":"Hausmantel f\u00fcr Damen aus t\u00fcrkisfarbenem Samt mit silbernen Paspeln"},"content":{"rendered":"<p>Entdecken Sie Eleganz in diesem weichen Morgenmantel aus Baumwollsamt und Viskose. Der pl\u00fcschige Samt h\u00fcllt Sie in Luxus ein. Innen erwartet Sie ein k\u00fchlendes, geschmeidiges Futter aus Viskose mit einem neuartigen Hirschmuster.   Mit kontrastierenden silbernen Paspeln versehen. Einfach mit dem langen G\u00fcrtel befestigen.<\/p>\n<p><strong>Design-Merkmale:<\/strong><\/p>\n<ul>\n<li>Schalkragen<\/li>\n<li>voll gef\u00fcttert<\/li>\n<li>Brusttasche<\/li>\n<li>Bietet Seitentaschen<\/li>\n<li>diskrete Aufh\u00e4ngeschlaufe<\/li>\n<li>Umschlagmanschetten<\/li>\n<li>mit Paspeln eingefasst<\/li>\n<li>langer G\u00fcrtel<\/li>\n<\/ul>\n<p><strong>Materialien und Pflege:<\/strong><\/p>\n<ul>\n<li>100% Baumwolle<\/li>\n<li>schwer und warm<\/li>\n<li>Maschinenw\u00e4sche bei 30\u00b0C (86\u00b0F), nicht im Trockner trocknen, bei geringer Hitze b\u00fcgeln.<\/li>\n<\/ul>\n","protected":false},"excerpt":{"rendered":"<p><em>M\u00fchelose Bequemlichkeit f\u00fcr das ganze Jahr. Perfekt f\u00fcr Reisen, Wellness-Wochenenden und zum Verschenken. <\/em><\/p>\n","protected":false},"featured_media":72103,"comment_status":"closed","ping_status":"closed","template":"","meta":[],"product_brand":[],"product_cat":[759,728,1153,1211],"product_tag":[731,768],"class_list":{"0":"post-72153","1":"product","2":"type-product","3":"status-publish","4":"has-post-thumbnail","6":"product_cat-damen-hausmantel","7":"product_cat-damen-morgenmantel","8":"product_cat-warme-morgenmantel","9":"product_cat-winter-lounge","10":"product_tag-custom-size-damen","11":"product_tag-monogram-de","12":"product_shipping_class-auf-bestellung","13":"pa_fabric-content-cotton-de","14":"pa_fabric-weight-schwer-und-warm","15":"pa_size-l-de","16":"pa_size-m-de","17":"pa_size-s-de","18":"pa_size-xl-de","19":"pa_size-xs-de","21":"first","22":"instock","23":"taxable","24":"shipping-taxable","25":"purchasable","26":"product-type-simple"},"_links":{"self":[{"href":"https:\/\/baturina-homewear.com\/de\/wp-json\/wp\/v2\/product\/72153","targetHints":{"allow":["GET"]}}],"collection":[{"href":"https:\/\/baturina-homewear.com\/de\/wp-json\/wp\/v2\/product"}],"about":[{"href":"https:\/\/baturina-homewear.com\/de\/wp-json\/wp\/v2\/types\/product"}],"replies":[{"embeddable":true,"href":"https:\/\/baturina-homewear.com\/de\/wp-json\/wp\/v2\/comments?post=72153"}],"version-history":[{"count":4,"href":"https:\/\/baturina-homewear.com\/de\/wp-json\/wp\/v2\/product\/72153\/revisions"}],"predecessor-version":[{"id":79454,"href":"https:\/\/baturina-homewear.com\/de\/wp-json\/wp\/v2\/product\/72153\/revisions\/79454"}],"wp:featuredmedia":[{"embeddable":true,"href":"https:\/\/baturina-homewear.com\/de\/wp-json\/wp\/v2\/media\/72103"}],"wp:attachment":[{"href":"https:\/\/baturina-homewear.com\/de\/wp-json\/wp\/v2\/media?parent=72153"}],"wp:term":[{"taxonomy":"product_brand","embeddable":true,"href":"https:\/\/baturina-homewear.com\/de\/wp-json\/wp\/v2\/product_brand?post=72153"},{"taxonomy":"product_cat","embeddable":true,"href":"https:\/\/baturina-homewear.com\/de\/wp-json\/wp\/v2\/product_cat?post=72153"},{"taxonomy":"product_tag","embeddable":true,"href":"https:\/\/baturina-homewear.com\/de\/wp-json\/wp\/v2\/product_tag?post=72153"}],"curies":[{"name":"wp","href":"https:\/\/api.w.org\/{rel}","templated":true}]}}