{"id":72159,"date":"2025-07-04T12:06:43","date_gmt":"2025-07-04T10:06:43","guid":{"rendered":"https:\/\/baturina-homewear.com\/product\/herren-schlafanzug-set-paisley-samt\/"},"modified":"2025-10-21T13:54:43","modified_gmt":"2025-10-21T11:54:43","slug":"herren-schlafanzug-set-paisley-samt","status":"publish","type":"product","link":"https:\/\/baturina-homewear.com\/de\/produkt\/herren-schlafanzug-set-paisley-samt\/","title":{"rendered":"Herren Schlafanzug Set Paisley Samt"},"content":{"rendered":"<p>Unser klassisches Pyjama Set f\u00fcr Herren verbindet zeitlose Eleganz mit unvergleichlichem Komfort. Dieses Set aus warmem, pl\u00fcschigem Stretch-Samt mit opulenten Paisley-Motiven und metallischem Schimmer strahlt Raffinesse aus. <\/p>\n<p>Dieser Pyjama ist ideal zum Entspannen zu Hause, f\u00fcr einen gem\u00fctlichen Morgen oder einen entspannten Abend und bietet au\u00dfergew\u00f6hnlichen Komfort und m\u00fchelosen Stil. Ob Sie es sich abends gem\u00fctlich machen oder den Tag mit einem entspannten Fr\u00fchst\u00fcck beginnen, unsere Pyjamas sind die perfekte Wahl, um Ihren Komfort und Stil zu Hause zu verbessern. <\/p>\n<ul>\n<li>bequeme, lockere Passform<\/li>\n<li>Hemd mit gekerbtem Kragen, Knopfleiste<\/li>\n<li>Hose mit elastischem Bund<\/li>\n<li>Acrylkn\u00f6pfe<\/li>\n<li>Material und Pflege: 60% Polyester, 40% Viskose. Separate Maschinenw\u00e4sche bei 30\u00b0C, nicht im Trockner trocknen, B\u00fcgeln bei niedriger Hitze. <\/li>\n<\/ul>\n","protected":false},"excerpt":{"rendered":"<p>Unser klassisches Pyjama Set f\u00fcr Herren verbindet zeitlose Eleganz mit unvergleichlichem Komfort. Dieses Set aus warmem, pl\u00fcschigem Stretch-Samt mit opulenten<\/p>\n","protected":false},"featured_media":72083,"comment_status":"closed","ping_status":"closed","template":"","meta":[],"product_brand":[],"product_cat":[565,493],"product_tag":[482,768],"class_list":{"0":"post-72159","1":"product","2":"type-product","3":"status-publish","4":"has-post-thumbnail","6":"product_cat-pyjamas","7":"product_cat-herren-pyjamas","8":"product_tag-custom-size-pajamas-de","9":"product_tag-monogram-de","10":"product_shipping_class-auf-bestellung","11":"pa_color-blau","12":"pa_color-pink-de","13":"pa_fabric-content-polyester-viscose-mix-de","14":"pa_size-2xl-de","15":"pa_size-3xl-de","16":"pa_size-4xl-de","17":"pa_size-5xl-de","18":"pa_size-l-de","19":"pa_size-m-de","20":"pa_size-massanfertigung","21":"pa_size-s-de","22":"pa_size-xl-de","23":"pa_size-xs-de","25":"first","26":"instock","27":"taxable","28":"shipping-taxable","29":"purchasable","30":"product-type-simple"},"_links":{"self":[{"href":"https:\/\/baturina-homewear.com\/de\/wp-json\/wp\/v2\/product\/72159","targetHints":{"allow":["GET"]}}],"collection":[{"href":"https:\/\/baturina-homewear.com\/de\/wp-json\/wp\/v2\/product"}],"about":[{"href":"https:\/\/baturina-homewear.com\/de\/wp-json\/wp\/v2\/types\/product"}],"replies":[{"embeddable":true,"href":"https:\/\/baturina-homewear.com\/de\/wp-json\/wp\/v2\/comments?post=72159"}],"version-history":[{"count":1,"href":"https:\/\/baturina-homewear.com\/de\/wp-json\/wp\/v2\/product\/72159\/revisions"}],"predecessor-version":[{"id":73268,"href":"https:\/\/baturina-homewear.com\/de\/wp-json\/wp\/v2\/product\/72159\/revisions\/73268"}],"wp:featuredmedia":[{"embeddable":true,"href":"https:\/\/baturina-homewear.com\/de\/wp-json\/wp\/v2\/media\/72083"}],"wp:attachment":[{"href":"https:\/\/baturina-homewear.com\/de\/wp-json\/wp\/v2\/media?parent=72159"}],"wp:term":[{"taxonomy":"product_brand","embeddable":true,"href":"https:\/\/baturina-homewear.com\/de\/wp-json\/wp\/v2\/product_brand?post=72159"},{"taxonomy":"product_cat","embeddable":true,"href":"https:\/\/baturina-homewear.com\/de\/wp-json\/wp\/v2\/product_cat?post=72159"},{"taxonomy":"product_tag","embeddable":true,"href":"https:\/\/baturina-homewear.com\/de\/wp-json\/wp\/v2\/product_tag?post=72159"}],"curies":[{"name":"wp","href":"https:\/\/api.w.org\/{rel}","templated":true}]}}