{"id":72160,"date":"2025-07-04T12:04:47","date_gmt":"2025-07-04T10:04:47","guid":{"rendered":"https:\/\/baturina-homewear.com\/product\/herren-schlafanzug-set-gestreifte-baumwolle-marineblau-rosa\/"},"modified":"2026-03-24T14:02:04","modified_gmt":"2026-03-24T13:02:04","slug":"herren-schlafanzug-set-gestreifte-baumwolle-marineblau-rosa","status":"publish","type":"product","link":"https:\/\/baturina-homewear.com\/de\/produkt\/herren-schlafanzug-set-gestreifte-baumwolle-marineblau-rosa\/","title":{"rendered":"Herren Schlafanzug Set Gestreifte Baumwolle Marineblau Rosa"},"content":{"rendered":"<p>Unser klassisches Herren Pyjama Set verbindet zeitlose Eleganz mit unvergleichlichem Komfort. Dieses Set ist aus leichter, glatter Baumwolle gefertigt und strahlt mit seinem stilvollen und auff\u00e4lligen Streifenmuster Raffinesse aus.<\/p>\n<p>Dieser Pyjama ist ideal zum Entspannen zu Hause, f\u00fcr einen gem\u00fctlichen Morgen oder einen entspannten Abend und bietet au\u00dfergew\u00f6hnlichen Komfort und m\u00fchelosen Stil. Ob Sie es sich abends gem\u00fctlich machen oder den Tag mit einem entspannten Fr\u00fchst\u00fcck beginnen, unsere Pyjamas sind die perfekte Wahl, um Ihren Komfort und Stil zu Hause zu verbessern. <\/p>\n<ul>\n<li>bequeme, lockere Passform<\/li>\n<li>Hemd mit gekerbtem Kragen, Knopfleiste<\/li>\n<li>Hose mit elastischem Bund<\/li>\n<li>Acrylkn\u00f6pfe<\/li>\n<li>Material und Pflege: 100% Baumwolle. Separat in der Maschine bei 30\u00b0C waschen, nicht im Trockner trocknen, bei niedriger Hitze b\u00fcgeln. <\/li>\n<\/ul>\n","protected":false},"excerpt":{"rendered":"<p>Unser klassisches Herren Pyjama Set verbindet zeitlose Eleganz mit unvergleichlichem Komfort. Dieses Set ist aus leichter, glatter Baumwolle gefertigt und<\/p>\n","protected":false},"featured_media":72044,"comment_status":"closed","ping_status":"closed","template":"","meta":[],"product_brand":[],"product_cat":[565,493,1212],"product_tag":[482,768],"class_list":{"0":"post-72160","1":"product","2":"type-product","3":"status-publish","4":"has-post-thumbnail","6":"product_cat-pyjamas","7":"product_cat-herren-pyjamas","8":"product_cat-sanfte-entspannung","9":"product_tag-custom-size-pajamas-de","10":"product_tag-monogram-de","11":"product_shipping_class-auf-bestellung","12":"pa_color-blau","13":"pa_color-pink-de","14":"pa_fabric-content-cotton-de","15":"pa_size-2xl-de","16":"pa_size-3xl-de","17":"pa_size-4xl-de","18":"pa_size-5xl-de","19":"pa_size-l-de","20":"pa_size-m-de","21":"pa_size-massanfertigung","22":"pa_size-s-de","23":"pa_size-xl-de","24":"pa_size-xs-de","26":"first","27":"instock","28":"taxable","29":"shipping-taxable","30":"purchasable","31":"product-type-simple"},"_links":{"self":[{"href":"https:\/\/baturina-homewear.com\/de\/wp-json\/wp\/v2\/product\/72160","targetHints":{"allow":["GET"]}}],"collection":[{"href":"https:\/\/baturina-homewear.com\/de\/wp-json\/wp\/v2\/product"}],"about":[{"href":"https:\/\/baturina-homewear.com\/de\/wp-json\/wp\/v2\/types\/product"}],"replies":[{"embeddable":true,"href":"https:\/\/baturina-homewear.com\/de\/wp-json\/wp\/v2\/comments?post=72160"}],"version-history":[{"count":2,"href":"https:\/\/baturina-homewear.com\/de\/wp-json\/wp\/v2\/product\/72160\/revisions"}],"predecessor-version":[{"id":80346,"href":"https:\/\/baturina-homewear.com\/de\/wp-json\/wp\/v2\/product\/72160\/revisions\/80346"}],"wp:featuredmedia":[{"embeddable":true,"href":"https:\/\/baturina-homewear.com\/de\/wp-json\/wp\/v2\/media\/72044"}],"wp:attachment":[{"href":"https:\/\/baturina-homewear.com\/de\/wp-json\/wp\/v2\/media?parent=72160"}],"wp:term":[{"taxonomy":"product_brand","embeddable":true,"href":"https:\/\/baturina-homewear.com\/de\/wp-json\/wp\/v2\/product_brand?post=72160"},{"taxonomy":"product_cat","embeddable":true,"href":"https:\/\/baturina-homewear.com\/de\/wp-json\/wp\/v2\/product_cat?post=72160"},{"taxonomy":"product_tag","embeddable":true,"href":"https:\/\/baturina-homewear.com\/de\/wp-json\/wp\/v2\/product_tag?post=72160"}],"curies":[{"name":"wp","href":"https:\/\/api.w.org\/{rel}","templated":true}]}}