{"id":72250,"date":"2025-07-08T19:26:20","date_gmt":"2025-07-08T17:26:20","guid":{"rendered":"https:\/\/baturina-homewear.com\/product\/herren-morgenmantgel-silber-blau-jacquard-gesteppt\/"},"modified":"2026-02-03T18:24:25","modified_gmt":"2026-02-03T17:24:25","slug":"herren-morgenmantgel-silber-blau-jacquard-gesteppt","status":"publish","type":"product","link":"https:\/\/baturina-homewear.com\/de\/produkt\/herren-morgenmantgel-silber-blau-jacquard-gesteppt\/","title":{"rendered":"Herren Hausmantel Silberblau Jacquard gesteppt"},"content":{"rendered":"<p>Die gewebte Textur dieses Morgenmantels im Vintage-Stil ist die Definition von Luxus und zeitloser Eleganz. Die Farbgebung ist in Hellblau und Silbergrau gehalten. Das Design ist mit einem handgen\u00e4hten Satin Besatz mit Paspeln versehen. Das Futter ist vollst\u00e4ndig aus reiner Baumwolle gef\u00fcttert und sorgt so f\u00fcr W\u00e4rme.    Einfach mit dem langen G\u00fcrtel mit Quasten schlie\u00dfen. Wenn Sie auf der Suche nach einem mitteldicken Morgenmantel sind, der weder zu leicht noch zu schwer ist, ist dieser Morgenmantel die richtige Wahl f\u00fcr ganzj\u00e4hrigen Komfort und Stil.<\/p>\n<ul>\n<li>Schalkragen<\/li>\n<li>Brusttasche<\/li>\n<li>zwei tiefe Seitentaschen<\/li>\n<li>verstellbare Umschlagmanschetten<\/li>\n<li>bequeme, lockere Passform<\/li>\n<li>diskrete Aufh\u00e4ngeschlaufe auf der R\u00fcckseite<\/li>\n<li>langer G\u00fcrtel<\/li>\n<li>Material und Pflege: \u00c4u\u00dferes: 60% Baumwolle, 40% Polyester. Innen: 100% Baumwolle. Separate Maschinenw\u00e4sche bei 30\u00b0C, nicht im Trockner trocknen, B\u00fcgeln bei niedriger Hitze.<\/li>\n<\/ul>\n<p>Alle unsere Designs werden individuell auf Bestellung in unserem Atelier angefertigt und jedes ist das Ergebnis stundenlanger handwerklicher Arbeit. Genie\u00dfen Sie Komfort und Stil in unseren Herren Morgenm\u00e4nteln, Pyjama Sets und Accessoires, hergestellt in Hamburg, Deutschland. <\/p>\n","protected":false},"excerpt":{"rendered":"<p>Dieser Morgenmantel aus weichem Jacquard-Gewebe mit gef\u00fctterter Innenseite ist perfekt f\u00fcr gem\u00fctliche Morgenstunden, kuschelige Abende oder die stilvolle Bewirtung von G\u00e4sten und bietet ultimativen Komfort und Eleganz.<\/p>\n","protected":false},"featured_media":76364,"comment_status":"closed","ping_status":"closed","template":"","meta":[],"product_brand":[],"product_cat":[899,463,491],"product_tag":[464,768],"class_list":{"0":"post-72250","1":"product","2":"type-product","3":"status-publish","4":"has-post-thumbnail","6":"product_cat-limited-edition-de","7":"product_cat-herren-hausmantel","8":"product_cat-morgenmaentel","9":"product_tag-custom-size-de","10":"product_tag-monogram-de","11":"product_shipping_class-auf-bestellung","12":"pa_color-blau","13":"pa_fabric-weave-type-jacquard-de","14":"pa_fabric-weight-regular-de","15":"pa_pattern-abstrakt","16":"pa_pattern-blumen","17":"pa_product-type-limited-edition-de","18":"pa_size-2xl-de","19":"pa_size-3xl-de","20":"pa_size-4xl-de","21":"pa_size-5xl-de","22":"pa_size-l-de","23":"pa_size-m-de","24":"pa_size-massanfertigung","25":"pa_size-s-de","26":"pa_size-xl-de","27":"pa_size-xs-de","29":"first","30":"instock","31":"taxable","32":"shipping-taxable","33":"purchasable","34":"product-type-simple"},"_links":{"self":[{"href":"https:\/\/baturina-homewear.com\/de\/wp-json\/wp\/v2\/product\/72250","targetHints":{"allow":["GET"]}}],"collection":[{"href":"https:\/\/baturina-homewear.com\/de\/wp-json\/wp\/v2\/product"}],"about":[{"href":"https:\/\/baturina-homewear.com\/de\/wp-json\/wp\/v2\/types\/product"}],"replies":[{"embeddable":true,"href":"https:\/\/baturina-homewear.com\/de\/wp-json\/wp\/v2\/comments?post=72250"}],"version-history":[{"count":6,"href":"https:\/\/baturina-homewear.com\/de\/wp-json\/wp\/v2\/product\/72250\/revisions"}],"predecessor-version":[{"id":79038,"href":"https:\/\/baturina-homewear.com\/de\/wp-json\/wp\/v2\/product\/72250\/revisions\/79038"}],"wp:featuredmedia":[{"embeddable":true,"href":"https:\/\/baturina-homewear.com\/de\/wp-json\/wp\/v2\/media\/76364"}],"wp:attachment":[{"href":"https:\/\/baturina-homewear.com\/de\/wp-json\/wp\/v2\/media?parent=72250"}],"wp:term":[{"taxonomy":"product_brand","embeddable":true,"href":"https:\/\/baturina-homewear.com\/de\/wp-json\/wp\/v2\/product_brand?post=72250"},{"taxonomy":"product_cat","embeddable":true,"href":"https:\/\/baturina-homewear.com\/de\/wp-json\/wp\/v2\/product_cat?post=72250"},{"taxonomy":"product_tag","embeddable":true,"href":"https:\/\/baturina-homewear.com\/de\/wp-json\/wp\/v2\/product_tag?post=72250"}],"curies":[{"name":"wp","href":"https:\/\/api.w.org\/{rel}","templated":true}]}}