{"id":74556,"date":"2025-08-12T18:10:38","date_gmt":"2025-08-12T16:10:38","guid":{"rendered":"https:\/\/baturina-homewear.com\/product\/herren-hausmantel-royal-burgund-gold-floral-jacquard\/"},"modified":"2025-11-27T09:41:11","modified_gmt":"2025-11-27T08:41:11","slug":"herren-hausmantel-royal-burgund-gold-floral-jacquard","status":"publish","type":"product","link":"https:\/\/baturina-homewear.com\/de\/produkt\/herren-hausmantel-royal-burgund-gold-floral-jacquard\/","title":{"rendered":"Herren Hausmantel Royal Burgund Gold Floral Jacquard"},"content":{"rendered":"<p>Dieser Morgenmantel ist der Inbegriff von Luxus. Er ist aus schwerer Chenille-Baumwolle gefertigt und zeigt opulente Blattgoldmotive in einem reichen, leuchtenden Farbton. Sein Design erinnert an die Pracht antiker Morgenm\u00e4ntel, die einst von K\u00f6nigen getragen wurden.   Der aus demselben Stoff geschnittene, aber f\u00fcr einen subtilen Kontrast umgedrehte Saum ist mit unseren charakteristischen gold-schwarz gestreiften Kordelpaspeln akzentuiert und mit eleganten Quasten versehen.<\/p>\n<p>Mit seinem komplizierten, aber leicht abgenutzten Muster wirkt dieses St\u00fcck k\u00f6niglich und einladend zugleich &#8211; wie ein wertvolles Erbst\u00fcck, das \u00fcber Generationen weitergegeben wurde. Sie k\u00f6nnen sich leicht vorstellen, dass es die Schultern eines Gentleman vor Jahrhunderten zierte. Die \u00fcppige Textur, das florale Ornament im Vintage-Stil und die harmonische Mischung aus tiefem Weinrot, Dunkelgrau und Gold machen den Morgenmantel ebenso zeitlos wie eindrucksvoll.  <\/p>\n<ul>\n<li>Schalkragen<\/li>\n<li>Brusttasche<\/li>\n<li>zwei tiefe Seitentaschen<\/li>\n<li>verstellbare Umschlagmanschetten<\/li>\n<li>bequeme, lockere Passform<\/li>\n<li>diskrete Aufh\u00e4ngeschlaufe auf der R\u00fcckseite<\/li>\n<li>langer G\u00fcrtel<\/li>\n<\/ul>\n<p>Material und Pflege: 100% Baumwolle. Separat in der Maschine bei 30\u00b0C waschen, nicht im Trockner trocknen, bei niedriger Hitze b\u00fcgeln. <\/p>\n<p>&nbsp;<\/p>\n","protected":false},"excerpt":{"rendered":"<p>Dieser Morgenmantel ist der Inbegriff von Luxus. Er ist aus schwerer Weinrot- und grauer Chenille-Baumwolle gefertigt und zeigt opulente Blattgoldmotive in einem reichen, leuchtenden Farbton. Sein Design erinnert an die Erhabenheit antiker Morgenm\u00e4ntel, die einst von K\u00f6nigen getragen wurden.    <strong>Seltener Stoff: Wir k\u00f6nnen nur noch 1 Morgenmantel herstellen!<\/strong><\/p>\n","protected":false},"featured_media":74518,"comment_status":"closed","ping_status":"closed","template":"","meta":[],"product_brand":[],"product_cat":[491,463,899],"product_tag":[464,768],"class_list":{"0":"post-74556","1":"product","2":"type-product","3":"status-publish","4":"has-post-thumbnail","6":"product_cat-morgenmaentel","7":"product_cat-herren-hausmantel","8":"product_cat-limited-edition-de","9":"product_tag-custom-size-de","10":"product_tag-monogram-de","11":"product_shipping_class-auf-bestellung","12":"pa_color-rot","13":"pa_fabric-content-cotton-de","14":"pa_fabric-weave-type-chenille-de","15":"pa_fabric-weight-schwer-und-warm","16":"pa_pattern-blumen","17":"pa_product-type-limited-edition-de","18":"pa_product-type-seltener-stoff","19":"pa_size-2xl-de","20":"pa_size-3xl-de","21":"pa_size-4xl-de","22":"pa_size-5xl-de","23":"pa_size-l-de","24":"pa_size-m-de","25":"pa_size-massanfertigung","26":"pa_size-one-size-de","27":"pa_size-s-de","28":"pa_size-xl-de","29":"pa_size-xs-de","30":"pa_style-koniglich","32":"first","33":"instock","34":"taxable","35":"shipping-taxable","36":"purchasable","37":"product-type-simple"},"_links":{"self":[{"href":"https:\/\/baturina-homewear.com\/de\/wp-json\/wp\/v2\/product\/74556","targetHints":{"allow":["GET"]}}],"collection":[{"href":"https:\/\/baturina-homewear.com\/de\/wp-json\/wp\/v2\/product"}],"about":[{"href":"https:\/\/baturina-homewear.com\/de\/wp-json\/wp\/v2\/types\/product"}],"replies":[{"embeddable":true,"href":"https:\/\/baturina-homewear.com\/de\/wp-json\/wp\/v2\/comments?post=74556"}],"version-history":[{"count":3,"href":"https:\/\/baturina-homewear.com\/de\/wp-json\/wp\/v2\/product\/74556\/revisions"}],"predecessor-version":[{"id":77185,"href":"https:\/\/baturina-homewear.com\/de\/wp-json\/wp\/v2\/product\/74556\/revisions\/77185"}],"wp:featuredmedia":[{"embeddable":true,"href":"https:\/\/baturina-homewear.com\/de\/wp-json\/wp\/v2\/media\/74518"}],"wp:attachment":[{"href":"https:\/\/baturina-homewear.com\/de\/wp-json\/wp\/v2\/media?parent=74556"}],"wp:term":[{"taxonomy":"product_brand","embeddable":true,"href":"https:\/\/baturina-homewear.com\/de\/wp-json\/wp\/v2\/product_brand?post=74556"},{"taxonomy":"product_cat","embeddable":true,"href":"https:\/\/baturina-homewear.com\/de\/wp-json\/wp\/v2\/product_cat?post=74556"},{"taxonomy":"product_tag","embeddable":true,"href":"https:\/\/baturina-homewear.com\/de\/wp-json\/wp\/v2\/product_tag?post=74556"}],"curies":[{"name":"wp","href":"https:\/\/api.w.org\/{rel}","templated":true}]}}