{"id":74688,"date":"2025-08-13T17:35:08","date_gmt":"2025-08-13T15:35:08","guid":{"rendered":"https:\/\/baturina-homewear.com\/product\/pyjama-set-fuer-kinder-baumwolle-jersey-golden-leopard\/"},"modified":"2026-03-23T14:19:21","modified_gmt":"2026-03-23T13:19:21","slug":"pyjama-set-fuer-kinder-baumwolle-jersey-golden-leopard","status":"publish","type":"product","link":"https:\/\/baturina-homewear.com\/de\/produkt\/pyjama-set-fuer-kinder-baumwolle-jersey-golden-leopard\/","title":{"rendered":"Pyjama-Set f\u00fcr Kinder Baumwolle Jersey Golden Leopard"},"content":{"rendered":"<p>Dieses Pyjama-Set eignet sich perfekt zum Schlafen, Entspannen oder f\u00fcr gem\u00fctliche Filmabende mit der Familie. Es ist Teil unserer Pyjama-Kollektion f\u00fcr die ganze Familie, so dass Sie sowohl f\u00fcr Erwachsene als auch f\u00fcr Kinder passende Sets erhalten k\u00f6nnen. Eine tolle Geschenkidee f\u00fcr Geburtstage, Feiertage oder andere besondere Anl\u00e4sse. <\/p>\n<p>Unser Unisex-Pyjama-Set f\u00fcr Kinder mit Leopardenmuster, entworfen f\u00fcr Jungen und M\u00e4dchen im Alter von 9-10 Jahren (Gr\u00f6\u00dfe ca. 128 cm \/ US-Gr\u00f6\u00dfe 10), ist aus weichem und atmungsaktivem Baumwolljersey gefertigt. Diese Pyjamas sind sanft w\u00e4rmend, leicht, einfach zu waschen und perfekt f\u00fcr den ganzj\u00e4hrigen Komfort. <\/p>\n<p>Dieses Pyjama-Set ist Teil unserer Familienkollektion, so dass Sie sowohl f\u00fcr Erwachsene als auch f\u00fcr Kinder passende Sets erhalten k\u00f6nnen.<\/p>\n<ul>\n<li>Unisex Design f\u00fcr Jungen und M\u00e4dchen (9-10 Jahre \/ 128 cm \/ US Gr\u00f6\u00dfe 10)<\/li>\n<li>Gekerbter Kragen<\/li>\n<li>Pipelines<\/li>\n<li>Knopfleiste<\/li>\n<li>Hemd mit Brusttasche und Seitentaschen<\/li>\n<li>Pyjama-Hose mit tiefen Seitentaschen<\/li>\n<li>Weicher, atmungsaktiver Baumwolljersey<\/li>\n<li>Einzigartiger Vollleoparden-Druck<\/li>\n<li>Passende Pyjamas f\u00fcr Erwachsene f\u00fcr den perfekten Familienlook erh\u00e4ltlich<\/li>\n<\/ul>\n","protected":false},"excerpt":{"rendered":"<p>Diese Pyjamas sind sanft w\u00e4rmend, leicht, einfach zu waschen und perfekt f\u00fcr den ganzj\u00e4hrigen Komfort. Dieses Pyjama-Set ist Teil unserer Pyjama-Kollektion f\u00fcr die ganze Familie und eignet sich perfekt zum Schlafen, Entspannen oder f\u00fcr gem\u00fctliche Filmabende mit der Familie. <\/p>\n","protected":false},"featured_media":74675,"comment_status":"closed","ping_status":"closed","template":"","meta":[],"product_brand":[],"product_cat":[1161,1206],"product_tag":[768,1136],"class_list":{"0":"post-74688","1":"product","2":"type-product","3":"status-publish","4":"has-post-thumbnail","6":"product_cat-kinder","7":"product_cat-wilde-welt","8":"product_tag-monogram-de","9":"product_tag-mto-de","10":"product_shipping_class-auf-bestellung","11":"pa_color-black-de","12":"pa_fabric-content-cotton-de","13":"pa_size-9-10-jahre","15":"first","16":"instock","17":"taxable","18":"shipping-taxable","19":"purchasable","20":"product-type-variable","21":"has-default-attributes"},"_links":{"self":[{"href":"https:\/\/baturina-homewear.com\/de\/wp-json\/wp\/v2\/product\/74688","targetHints":{"allow":["GET"]}}],"collection":[{"href":"https:\/\/baturina-homewear.com\/de\/wp-json\/wp\/v2\/product"}],"about":[{"href":"https:\/\/baturina-homewear.com\/de\/wp-json\/wp\/v2\/types\/product"}],"replies":[{"embeddable":true,"href":"https:\/\/baturina-homewear.com\/de\/wp-json\/wp\/v2\/comments?post=74688"}],"version-history":[{"count":1,"href":"https:\/\/baturina-homewear.com\/de\/wp-json\/wp\/v2\/product\/74688\/revisions"}],"predecessor-version":[{"id":74701,"href":"https:\/\/baturina-homewear.com\/de\/wp-json\/wp\/v2\/product\/74688\/revisions\/74701"}],"wp:featuredmedia":[{"embeddable":true,"href":"https:\/\/baturina-homewear.com\/de\/wp-json\/wp\/v2\/media\/74675"}],"wp:attachment":[{"href":"https:\/\/baturina-homewear.com\/de\/wp-json\/wp\/v2\/media?parent=74688"}],"wp:term":[{"taxonomy":"product_brand","embeddable":true,"href":"https:\/\/baturina-homewear.com\/de\/wp-json\/wp\/v2\/product_brand?post=74688"},{"taxonomy":"product_cat","embeddable":true,"href":"https:\/\/baturina-homewear.com\/de\/wp-json\/wp\/v2\/product_cat?post=74688"},{"taxonomy":"product_tag","embeddable":true,"href":"https:\/\/baturina-homewear.com\/de\/wp-json\/wp\/v2\/product_tag?post=74688"}],"curies":[{"name":"wp","href":"https:\/\/api.w.org\/{rel}","templated":true}]}}